{"id":15135,"date":"2024-09-04T10:42:08","date_gmt":"2024-09-04T08:42:08","guid":{"rendered":"https:\/\/caffeonline.ch\/produkt\/lollo-caffe-caffe-macinato-nero-crema\/"},"modified":"2025-02-07T22:40:17","modified_gmt":"2025-02-07T21:40:17","slug":"lollo-caffe-caffe-macinato-nero-crema","status":"publish","type":"product","link":"https:\/\/caffeonline.aclas.io\/it\/produkt\/lollo-caffe-caffe-macinato-nero-crema\/","title":{"rendered":"Lollo Caff\u00e8 &#8211; Caff\u00e8 macinato Nero Crema"},"content":{"rendered":"","protected":false},"excerpt":{"rendered":"<p><strong>Lollo Caff\u00e8 &#8211; Caff\u00e8 macinato Nero Crema<\/strong> \u00e8 una miscela dal <strong>sapore forte ed energico<\/strong>, perfetta per chi ama un espresso intenso. L&#8217;uso mirato di <strong>grani di Robusta<\/strong> conferisce a questa miscela la <strong>forza<\/strong> necessaria e il <strong>sapore corposo<\/strong>.<\/p>\n<p>Questa miscela offre un perfetto equilibrio tra <strong>forza<\/strong> e <strong>aroma<\/strong>, riempiendo le tue tazze con un&#8217;esperienza di gusto corposa e ricca. Ideale per un espresso che ti dia la giusta energia per la giornata.<\/p>\n","protected":false},"featured_media":15082,"comment_status":"open","ping_status":"closed","template":"","meta":{"_relevanssi_hide_post":"","_relevanssi_hide_content":"","_relevanssi_pin_for_all":"","_relevanssi_pin_keywords":"","_relevanssi_unpin_keywords":"","_relevanssi_related_keywords":"","_relevanssi_related_include_ids":"","_relevanssi_related_exclude_ids":"","_relevanssi_related_no_append":"","_relevanssi_related_not_related":"","_relevanssi_related_posts":"","_relevanssi_noindex_reason":""},"product_brand":[],"product_cat":[341],"product_tag":[],"class_list":{"0":"post-15135","1":"product","2":"type-product","3":"status-publish","4":"has-post-thumbnail","6":"product_cat-caffe-macinato","7":"pa_brand-lollo-caffe-it","8":"has-subscription-plans","10":"first","11":"instock","12":"sale","13":"taxable","14":"shipping-taxable","15":"purchasable","16":"product-type-simple"},"batches":[{"id":"590","date_created":"2024-08-12 08:59:07","date_expiry":"2026-05-31 00:00:00","user_id":"559","batch_number":"","supplier":"","location":"","quantity":"40.0000","quantity_available":"0.0000","units":"1","status":"archived","order_ids":"[17166,132549554,132549740,132549766,132550008,132550175,132550205,132550904,132550981,132551000,132551117,132551160,132551209,132551289,132551400,132551769,132551868,132552046,132552072,132552266]","po":null},{"id":"3122","date_created":"2026-02-05 16:55:07","date_expiry":"2027-12-30 00:00:00","user_id":"2","batch_number":"","supplier":"","location":"","quantity":"60.0000","quantity_available":"50.0000","units":"1","status":"active","order_ids":"[132553691]","po":null}],"_links":{"self":[{"href":"https:\/\/caffeonline.aclas.io\/it\/wp-json\/wp\/v2\/product\/15135","targetHints":{"allow":["GET"]}}],"collection":[{"href":"https:\/\/caffeonline.aclas.io\/it\/wp-json\/wp\/v2\/product"}],"about":[{"href":"https:\/\/caffeonline.aclas.io\/it\/wp-json\/wp\/v2\/types\/product"}],"replies":[{"embeddable":true,"href":"https:\/\/caffeonline.aclas.io\/it\/wp-json\/wp\/v2\/comments?post=15135"}],"wp:featuredmedia":[{"embeddable":true,"href":"https:\/\/caffeonline.aclas.io\/it\/wp-json\/wp\/v2\/media\/15082"}],"wp:attachment":[{"href":"https:\/\/caffeonline.aclas.io\/it\/wp-json\/wp\/v2\/media?parent=15135"}],"wp:term":[{"taxonomy":"product_brand","embeddable":true,"href":"https:\/\/caffeonline.aclas.io\/it\/wp-json\/wp\/v2\/product_brand?post=15135"},{"taxonomy":"product_cat","embeddable":true,"href":"https:\/\/caffeonline.aclas.io\/it\/wp-json\/wp\/v2\/product_cat?post=15135"},{"taxonomy":"product_tag","embeddable":true,"href":"https:\/\/caffeonline.aclas.io\/it\/wp-json\/wp\/v2\/product_tag?post=15135"}],"curies":[{"name":"wp","href":"https:\/\/api.w.org\/{rel}","templated":true}]}}