{"id":15134,"date":"2024-09-04T10:04:48","date_gmt":"2024-09-04T08:04:48","guid":{"rendered":"https:\/\/caffeonline.ch\/produkt\/lollo-caffe-caffe-macinato-macinato-fresco\/"},"modified":"2025-02-07T22:40:19","modified_gmt":"2025-02-07T21:40:19","slug":"lollo-caffe-caffe-macinato-macinato-fresco","status":"publish","type":"product","link":"https:\/\/caffeonline.aclas.io\/it\/produkt\/lollo-caffe-caffe-macinato-macinato-fresco\/","title":{"rendered":"Lollo Caff\u00e8 &#8211; Caff\u00e8 macinato Macinato Fresco"},"content":{"rendered":"","protected":false},"excerpt":{"rendered":"<p>Il <strong>Lollo Caff\u00e8 &#8211; Caff\u00e8 Macinato Fresco<\/strong> offre un <strong>espresso<\/strong> dal <strong>gusto<\/strong> <strong>morbido<\/strong> e <strong>corposo<\/strong>, perfetto per ogni momento della giornata. In tazza, si presenta con una <strong>crema densa e vellutata<\/strong> che delizier\u00e0 ogni amante dell&#8217;espresso.<\/p>\n<p>La speciale <strong>macinatura<\/strong> di <strong>Lollo Caff\u00e8 &#8211; Caff\u00e8 Macinato Fresco<\/strong> conserva tutta l&#8217;<strong>intensit\u00e0<\/strong> e la <strong>pienezza<\/strong> di un espresso da bar. Allo stesso tempo, ti permette di goderti la <strong>tradizione<\/strong> del caff\u00e8 preparato a casa con la <strong>moka<\/strong> senza rinunciare alla qualit\u00e0.<\/p>\n","protected":false},"featured_media":15071,"comment_status":"open","ping_status":"closed","template":"","meta":{"_relevanssi_hide_post":"","_relevanssi_hide_content":"","_relevanssi_pin_for_all":"","_relevanssi_pin_keywords":"","_relevanssi_unpin_keywords":"","_relevanssi_related_keywords":"","_relevanssi_related_include_ids":"","_relevanssi_related_exclude_ids":"","_relevanssi_related_no_append":"","_relevanssi_related_not_related":"","_relevanssi_related_posts":"","_relevanssi_noindex_reason":""},"product_brand":[],"product_cat":[341],"product_tag":[],"class_list":{"0":"post-15134","1":"product","2":"type-product","3":"status-publish","4":"has-post-thumbnail","6":"product_cat-caffe-macinato","7":"pa_brand-lollo-caffe-it","8":"has-subscription-plans","10":"first","11":"outofstock","12":"sale","13":"taxable","14":"shipping-taxable","15":"purchasable","16":"product-type-simple"},"batches":[{"id":"588","date_created":"2024-08-12 08:56:37","date_expiry":"2026-01-31 00:00:00","user_id":"559","batch_number":"","supplier":"","location":"","quantity":"24.0000","quantity_available":"2.0000","units":"1","status":"archived","order_ids":"[17166,132547240,132548095,132550180,132550904,132551160,132551195,132551408,132551434,132551619,132551969,132552476,132552723]","po":null}],"_links":{"self":[{"href":"https:\/\/caffeonline.aclas.io\/it\/wp-json\/wp\/v2\/product\/15134","targetHints":{"allow":["GET"]}}],"collection":[{"href":"https:\/\/caffeonline.aclas.io\/it\/wp-json\/wp\/v2\/product"}],"about":[{"href":"https:\/\/caffeonline.aclas.io\/it\/wp-json\/wp\/v2\/types\/product"}],"replies":[{"embeddable":true,"href":"https:\/\/caffeonline.aclas.io\/it\/wp-json\/wp\/v2\/comments?post=15134"}],"wp:featuredmedia":[{"embeddable":true,"href":"https:\/\/caffeonline.aclas.io\/it\/wp-json\/wp\/v2\/media\/15071"}],"wp:attachment":[{"href":"https:\/\/caffeonline.aclas.io\/it\/wp-json\/wp\/v2\/media?parent=15134"}],"wp:term":[{"taxonomy":"product_brand","embeddable":true,"href":"https:\/\/caffeonline.aclas.io\/it\/wp-json\/wp\/v2\/product_brand?post=15134"},{"taxonomy":"product_cat","embeddable":true,"href":"https:\/\/caffeonline.aclas.io\/it\/wp-json\/wp\/v2\/product_cat?post=15134"},{"taxonomy":"product_tag","embeddable":true,"href":"https:\/\/caffeonline.aclas.io\/it\/wp-json\/wp\/v2\/product_tag?post=15134"}],"curies":[{"name":"wp","href":"https:\/\/api.w.org\/{rel}","templated":true}]}}