{"id":15133,"date":"2024-09-03T18:52:49","date_gmt":"2024-09-03T16:52:49","guid":{"rendered":"https:\/\/caffeonline.ch\/produkt\/lollo-caffe-golosite-capsule-limone-te-al-limone\/"},"modified":"2025-10-07T15:18:25","modified_gmt":"2025-10-07T13:18:25","slug":"lollo-caffe-golosite-capsule-limone-te-al-limone","status":"publish","type":"product","link":"https:\/\/caffeonline.aclas.io\/it\/produkt\/lollo-caffe-golosite-capsule-limone-te-al-limone\/","title":{"rendered":"Lollo Caff\u00e8 &#8211; Golosit\u00e8 &#8211; Capsule Limon\u00e8 T\u00e8 al Limone"},"content":{"rendered":"","protected":false},"excerpt":{"rendered":"<p>Assapora la freschezza del t\u00e8 al limone con le <strong>capsule Lollo Caff\u00e8 &#8211; Golosit\u00e8 &#8211; Limon\u00e8 T\u00e8 al Limone<\/strong>. Questa bevanda solubile in polvere offre un sapore rinfrescante, perfetto per ogni momento della giornata.<\/p>\n<p><strong>Ingredienti:<\/strong> Zucchero, estratto di t\u00e8 (2,6%), acidificante: acido citrico, succo di limone essiccato 0,5%, aromi. Pu\u00f2 contenere tracce di soia, latte e derivati.<\/p>\n","protected":false},"featured_media":15049,"comment_status":"open","ping_status":"closed","template":"","meta":{"_relevanssi_hide_post":"","_relevanssi_hide_content":"","_relevanssi_pin_for_all":"","_relevanssi_pin_keywords":"","_relevanssi_unpin_keywords":"","_relevanssi_related_keywords":"","_relevanssi_related_include_ids":"","_relevanssi_related_exclude_ids":"","_relevanssi_related_no_append":"","_relevanssi_related_not_related":"","_relevanssi_related_posts":"","_relevanssi_noindex_reason":""},"product_brand":[],"product_cat":[339,344,350],"product_tag":[582],"class_list":{"0":"post-15133","1":"product","2":"type-product","3":"status-publish","4":"has-post-thumbnail","6":"product_cat-bevande-calde","7":"product_cat-capsule","8":"product_cat-sistema-nespresso","9":"product_tag-golosite-it","10":"pa_brand-lollo-caffe-it","11":"has-subscription-plans","13":"first","14":"instock","15":"sale","16":"taxable","17":"shipping-taxable","18":"purchasable","19":"product-type-simple"},"batches":[{"id":"586","date_created":"2024-08-12 08:44:04","date_expiry":"2026-07-31 00:00:00","user_id":"1","batch_number":"","supplier":"","location":"","quantity":"30.0000","quantity_available":"16.0000","units":"1","status":"active","order_ids":"[132546581,132547044,132549377,132550934,132551137,132551371,132551499,132552891,132553462]","po":null}],"_links":{"self":[{"href":"https:\/\/caffeonline.aclas.io\/it\/wp-json\/wp\/v2\/product\/15133","targetHints":{"allow":["GET"]}}],"collection":[{"href":"https:\/\/caffeonline.aclas.io\/it\/wp-json\/wp\/v2\/product"}],"about":[{"href":"https:\/\/caffeonline.aclas.io\/it\/wp-json\/wp\/v2\/types\/product"}],"replies":[{"embeddable":true,"href":"https:\/\/caffeonline.aclas.io\/it\/wp-json\/wp\/v2\/comments?post=15133"}],"wp:featuredmedia":[{"embeddable":true,"href":"https:\/\/caffeonline.aclas.io\/it\/wp-json\/wp\/v2\/media\/15049"}],"wp:attachment":[{"href":"https:\/\/caffeonline.aclas.io\/it\/wp-json\/wp\/v2\/media?parent=15133"}],"wp:term":[{"taxonomy":"product_brand","embeddable":true,"href":"https:\/\/caffeonline.aclas.io\/it\/wp-json\/wp\/v2\/product_brand?post=15133"},{"taxonomy":"product_cat","embeddable":true,"href":"https:\/\/caffeonline.aclas.io\/it\/wp-json\/wp\/v2\/product_cat?post=15133"},{"taxonomy":"product_tag","embeddable":true,"href":"https:\/\/caffeonline.aclas.io\/it\/wp-json\/wp\/v2\/product_tag?post=15133"}],"curies":[{"name":"wp","href":"https:\/\/api.w.org\/{rel}","templated":true}]}}