{"id":15131,"date":"2024-09-03T18:46:44","date_gmt":"2024-09-03T16:46:44","guid":{"rendered":"https:\/\/caffeonline.ch\/produkt\/lollo-caffe-golosite-cialde-ese-serenita-camomilla-pura\/"},"modified":"2025-02-18T20:09:17","modified_gmt":"2025-02-18T19:09:17","slug":"lollo-caffe-golosite-cialde-ese-serenita-camomilla-pura","status":"publish","type":"product","link":"https:\/\/caffeonline.aclas.io\/it\/produkt\/lollo-caffe-golosite-cialde-ese-serenita-camomilla-pura\/","title":{"rendered":"Lollo Caff\u00e8 &#8211; Golosit\u00e8 &#8211; Cialde ESE Serenit\u00e0 Camomilla Pura"},"content":{"rendered":"","protected":false},"excerpt":{"rendered":"<p>I fiori di camomilla provenienti dalle migliori regioni di coltivazione offrono una tazze piena di pace e relax. <strong>Lollo Caff\u00e8 &#8211; Golosit\u00e8 &#8211; Cialde ESE Serenit\u00e0 Camomilla Pura<\/strong> \u00e8 un infuso naturalmente leggero, ideale per rilassarsi in modo genuino e senza zucchero.<\/p>\n<p><strong>INGREDIENTI:<\/strong> Camomilla setacciata (Matricaria chamomilla L.).<\/p>\n","protected":false},"featured_media":15042,"comment_status":"open","ping_status":"closed","template":"","meta":{"_relevanssi_hide_post":"","_relevanssi_hide_content":"","_relevanssi_pin_for_all":"","_relevanssi_pin_keywords":"","_relevanssi_unpin_keywords":"","_relevanssi_related_keywords":"","_relevanssi_related_include_ids":"","_relevanssi_related_exclude_ids":"","_relevanssi_related_no_append":"","_relevanssi_related_not_related":"","_relevanssi_related_posts":"","_relevanssi_noindex_reason":""},"product_brand":[],"product_cat":[339,338],"product_tag":[582],"class_list":{"0":"post-15131","1":"product","2":"type-product","3":"status-publish","4":"has-post-thumbnail","6":"product_cat-bevande-calde","7":"product_cat-cialde-ese","8":"product_tag-golosite-it","9":"pa_brand-lollo-caffe-it","10":"has-subscription-plans","12":"first","13":"instock","14":"sale","15":"taxable","16":"shipping-taxable","17":"purchasable","18":"product-type-simple"},"batches":[{"id":"584","date_created":"2024-08-12 08:40:05","date_expiry":"2026-05-31 00:00:00","user_id":"559","batch_number":"","supplier":"","location":"","quantity":"12.0000","quantity_available":"8.0000","units":"1","status":"active","order_ids":"[132545856,132546955,132550962,132552873]","po":null}],"_links":{"self":[{"href":"https:\/\/caffeonline.aclas.io\/it\/wp-json\/wp\/v2\/product\/15131","targetHints":{"allow":["GET"]}}],"collection":[{"href":"https:\/\/caffeonline.aclas.io\/it\/wp-json\/wp\/v2\/product"}],"about":[{"href":"https:\/\/caffeonline.aclas.io\/it\/wp-json\/wp\/v2\/types\/product"}],"replies":[{"embeddable":true,"href":"https:\/\/caffeonline.aclas.io\/it\/wp-json\/wp\/v2\/comments?post=15131"}],"wp:featuredmedia":[{"embeddable":true,"href":"https:\/\/caffeonline.aclas.io\/it\/wp-json\/wp\/v2\/media\/15042"}],"wp:attachment":[{"href":"https:\/\/caffeonline.aclas.io\/it\/wp-json\/wp\/v2\/media?parent=15131"}],"wp:term":[{"taxonomy":"product_brand","embeddable":true,"href":"https:\/\/caffeonline.aclas.io\/it\/wp-json\/wp\/v2\/product_brand?post=15131"},{"taxonomy":"product_cat","embeddable":true,"href":"https:\/\/caffeonline.aclas.io\/it\/wp-json\/wp\/v2\/product_cat?post=15131"},{"taxonomy":"product_tag","embeddable":true,"href":"https:\/\/caffeonline.aclas.io\/it\/wp-json\/wp\/v2\/product_tag?post=15131"}],"curies":[{"name":"wp","href":"https:\/\/api.w.org\/{rel}","templated":true}]}}