{"id":15127,"date":"2024-09-03T18:40:03","date_gmt":"2024-09-03T16:40:03","guid":{"rendered":"https:\/\/caffeonline.ch\/produkt\/lollo-caffe-golosite-cialde-ese-risveglio-orzo-ricco\/"},"modified":"2025-02-07T22:40:26","modified_gmt":"2025-02-07T21:40:26","slug":"lollo-caffe-golosite-cialde-ese-risveglio-orzo-ricco","status":"publish","type":"product","link":"https:\/\/caffeonline.aclas.io\/it\/produkt\/lollo-caffe-golosite-cialde-ese-risveglio-orzo-ricco\/","title":{"rendered":"Lollo Caff\u00e8 &#8211; Golosit\u00e8 &#8211; Cialde ESE Risveglio Orzo Ricco"},"content":{"rendered":"","protected":false},"excerpt":{"rendered":"<p>Le migliori variet\u00e0 di orzo, accuratamente selezionate, producono il <strong>Lollo Caff\u00e8 &#8211; Golosit\u00e8 &#8211; Cialde ESE Risveglio Orzo Ricco<\/strong>. Una miscela naturale e delicata che evoca sapori antichi e familiari, ideale per un risveglio dolce e rilassante.<\/p>\n<p><strong>INGREDIENTI:<\/strong> Semi tostati di orzo (Hordeum vulgare L.).<\/p>\n","protected":false},"featured_media":15031,"comment_status":"open","ping_status":"closed","template":"","meta":{"_relevanssi_hide_post":"","_relevanssi_hide_content":"","_relevanssi_pin_for_all":"","_relevanssi_pin_keywords":"","_relevanssi_unpin_keywords":"","_relevanssi_related_keywords":"","_relevanssi_related_include_ids":"","_relevanssi_related_exclude_ids":"","_relevanssi_related_no_append":"","_relevanssi_related_not_related":"","_relevanssi_related_posts":"","_relevanssi_noindex_reason":""},"product_brand":[],"product_cat":[339,338],"product_tag":[582],"class_list":{"0":"post-15127","1":"product","2":"type-product","3":"status-publish","4":"has-post-thumbnail","6":"product_cat-bevande-calde","7":"product_cat-cialde-ese","8":"product_tag-golosite-it","9":"pa_brand-lollo-caffe-it","10":"has-subscription-plans","12":"first","13":"outofstock","14":"sale","15":"taxable","16":"shipping-taxable","17":"purchasable","18":"product-type-simple"},"batches":[{"id":"581","date_created":"2024-08-12 08:35:59","date_expiry":"2027-02-28 00:00:00","user_id":"559","batch_number":"","supplier":"","location":"","quantity":"12.0000","quantity_available":"0.0000","units":"1","status":"archived","order_ids":"[15973,132545835,132551116,132551234,132552726,132554517]","po":null}],"_links":{"self":[{"href":"https:\/\/caffeonline.aclas.io\/it\/wp-json\/wp\/v2\/product\/15127","targetHints":{"allow":["GET"]}}],"collection":[{"href":"https:\/\/caffeonline.aclas.io\/it\/wp-json\/wp\/v2\/product"}],"about":[{"href":"https:\/\/caffeonline.aclas.io\/it\/wp-json\/wp\/v2\/types\/product"}],"replies":[{"embeddable":true,"href":"https:\/\/caffeonline.aclas.io\/it\/wp-json\/wp\/v2\/comments?post=15127"}],"wp:featuredmedia":[{"embeddable":true,"href":"https:\/\/caffeonline.aclas.io\/it\/wp-json\/wp\/v2\/media\/15031"}],"wp:attachment":[{"href":"https:\/\/caffeonline.aclas.io\/it\/wp-json\/wp\/v2\/media?parent=15127"}],"wp:term":[{"taxonomy":"product_brand","embeddable":true,"href":"https:\/\/caffeonline.aclas.io\/it\/wp-json\/wp\/v2\/product_brand?post=15127"},{"taxonomy":"product_cat","embeddable":true,"href":"https:\/\/caffeonline.aclas.io\/it\/wp-json\/wp\/v2\/product_cat?post=15127"},{"taxonomy":"product_tag","embeddable":true,"href":"https:\/\/caffeonline.aclas.io\/it\/wp-json\/wp\/v2\/product_tag?post=15127"}],"curies":[{"name":"wp","href":"https:\/\/api.w.org\/{rel}","templated":true}]}}