{"id":14757,"date":"2024-09-02T15:00:36","date_gmt":"2024-09-02T13:00:36","guid":{"rendered":"https:\/\/caffeonline.ch\/?post_type=product&#038;p=14757"},"modified":"2026-01-02T18:10:21","modified_gmt":"2026-01-02T17:10:21","slug":"lollo-caffe-cialde-ese-caffe-aromatizzato-al-ginseng","status":"publish","type":"product","link":"https:\/\/caffeonline.aclas.io\/it\/produkt\/lollo-caffe-cialde-ese-caffe-aromatizzato-al-ginseng\/","title":{"rendered":"Lollo Caff\u00e8 &#8211; Cialde ESE Caff\u00e8 Aromatizzato al Ginseng"},"content":{"rendered":"","protected":false},"excerpt":{"rendered":"<p>Prova l&#8217;energia e il tono deciso del <strong>ginseng<\/strong>, perfettamente combinato con il sapore tipico della <strong>miscela Lollo<\/strong>.<\/p>\n<p>Le <strong>cialde ESE <\/strong>Lollo Caff\u00e8 con Ginseng offrono un&#8217;esperienza di caff\u00e8 unica che combina i benefici del ginseng con il sapore ricco e potente del caff\u00e8 Lollo. Ideale per chi <strong>vuole un momento di piacere<\/strong> e <strong>vitalit\u00e0 in ogni tazza<\/strong>.<\/p>\n","protected":false},"featured_media":14752,"comment_status":"open","ping_status":"closed","template":"","meta":{"_relevanssi_hide_post":"","_relevanssi_hide_content":"","_relevanssi_pin_for_all":"","_relevanssi_pin_keywords":"","_relevanssi_unpin_keywords":"","_relevanssi_related_keywords":"","_relevanssi_related_include_ids":"","_relevanssi_related_exclude_ids":"","_relevanssi_related_no_append":"","_relevanssi_related_not_related":"","_relevanssi_related_posts":"","_relevanssi_noindex_reason":""},"product_brand":[],"product_cat":[339,338],"product_tag":[],"class_list":{"0":"post-14757","1":"product","2":"type-product","3":"status-publish","4":"has-post-thumbnail","6":"product_cat-bevande-calde","7":"product_cat-cialde-ese","8":"pa_brand-lollo-caffe-it","9":"has-subscription-plans","11":"first","12":"outofstock","13":"taxable","14":"shipping-taxable","15":"purchasable","16":"product-type-simple"},"batches":[{"id":"1253","date_created":"2024-12-18 15:17:32","date_expiry":"2026-07-30 00:00:00","user_id":"2","batch_number":"","supplier":"","location":"","quantity":"10.0000","quantity_available":"0.0000","units":"1","status":"archived","order_ids":"[132546115,132546128,132546132,132546334,132546377]","po":null},{"id":"1447","date_created":"2025-02-04 09:30:49","date_expiry":"2026-07-31 00:00:00","user_id":"2","batch_number":"","supplier":"","location":"","quantity":"10.0000","quantity_available":"0.0000","units":"1","status":"archived","order_ids":"[132546935,132546944,132546966,132547020,132547233]","po":null},{"id":"1757","date_created":"2025-03-31 19:58:16","date_expiry":"2027-01-31 00:00:00","user_id":"2","batch_number":"","supplier":"","location":"","quantity":"29.0000","quantity_available":"0.0000","units":"1","status":"archived","order_ids":"[132547759,132547878,132548108,132548119,132548202,132548236,132548320,132549554,132549654,132549669,132549822,132549852,132550008]","po":null},{"id":"2165","date_created":"2025-08-08 09:55:56","date_expiry":"2027-01-30 00:00:00","user_id":"2","batch_number":"","supplier":"","location":"","quantity":"2.0000","quantity_available":"0.0000","units":"1","status":"archived","order_ids":"[132550304,132550911]","po":null},{"id":"2379","date_created":"2025-09-20 12:21:00","date_expiry":"2027-07-31 00:00:00","user_id":"1","batch_number":"","supplier":"","location":"","quantity":"30.0000","quantity_available":"0.0000","units":"1","status":"archived","order_ids":"[132551209,132551289,132551360,132551412,132551769,132552126,132552180,132552426,132552559,132552745,132552793]","po":null}],"_links":{"self":[{"href":"https:\/\/caffeonline.aclas.io\/it\/wp-json\/wp\/v2\/product\/14757","targetHints":{"allow":["GET"]}}],"collection":[{"href":"https:\/\/caffeonline.aclas.io\/it\/wp-json\/wp\/v2\/product"}],"about":[{"href":"https:\/\/caffeonline.aclas.io\/it\/wp-json\/wp\/v2\/types\/product"}],"replies":[{"embeddable":true,"href":"https:\/\/caffeonline.aclas.io\/it\/wp-json\/wp\/v2\/comments?post=14757"}],"wp:featuredmedia":[{"embeddable":true,"href":"https:\/\/caffeonline.aclas.io\/it\/wp-json\/wp\/v2\/media\/14752"}],"wp:attachment":[{"href":"https:\/\/caffeonline.aclas.io\/it\/wp-json\/wp\/v2\/media?parent=14757"}],"wp:term":[{"taxonomy":"product_brand","embeddable":true,"href":"https:\/\/caffeonline.aclas.io\/it\/wp-json\/wp\/v2\/product_brand?post=14757"},{"taxonomy":"product_cat","embeddable":true,"href":"https:\/\/caffeonline.aclas.io\/it\/wp-json\/wp\/v2\/product_cat?post=14757"},{"taxonomy":"product_tag","embeddable":true,"href":"https:\/\/caffeonline.aclas.io\/it\/wp-json\/wp\/v2\/product_tag?post=14757"}],"curies":[{"name":"wp","href":"https:\/\/api.w.org\/{rel}","templated":true}]}}