{"id":14338,"date":"2024-04-10T22:13:19","date_gmt":"2024-04-10T20:13:19","guid":{"rendered":"https:\/\/caffeonline.ch\/produkt\/lavazza-caffe-in-grani-crema-e-aroma\/"},"modified":"2025-05-03T15:51:51","modified_gmt":"2025-05-03T13:51:51","slug":"lavazza-caffe-in-grani-crema-e-aroma","status":"publish","type":"product","link":"https:\/\/caffeonline.aclas.io\/it\/produkt\/lavazza-caffe-in-grani-crema-e-aroma\/","title":{"rendered":"Lavazza &#8211; Caff\u00e8 in grani Crema e Aroma"},"content":{"rendered":"","protected":false},"excerpt":{"rendered":"<p>Il <strong>caff\u00e8 in grani Lavazza Crema e Aroma<\/strong> si caratterizza per il suo gusto con note legnose e sentori di frutta secca.<\/p>\n<ul>\n<li><strong>Aroma agrodolce:<\/strong> una miscela ricca e cremosa con un carattere distinto.<\/li>\n<li><strong>Sapore:<\/strong> Equilibrato<\/li>\n<li><strong>Note aromatiche:<\/strong> Frutta secca, cacao<\/li>\n<li><strong>Tostatura:<\/strong> Media<\/li>\n<\/ul>\n<p>Questo caff\u00e8 in grani \u00e8 ideale per chi vuole gustare un caff\u00e8 equilibrato e saporito, dagli aromi profondi e ricchi. Perfetta per ogni occasione, dalla colazione di tutti i giorni ai momenti speciali, <strong>Crema e Aroma<\/strong> porta l&#8217;essenza dell&#8217;espresso italiano nella tua tazze.<\/p>\n","protected":false},"featured_media":10635,"comment_status":"open","ping_status":"closed","template":"","meta":{"_relevanssi_hide_post":"","_relevanssi_hide_content":"","_relevanssi_pin_for_all":"","_relevanssi_pin_keywords":"","_relevanssi_unpin_keywords":"","_relevanssi_related_keywords":"","_relevanssi_related_include_ids":"","_relevanssi_related_exclude_ids":"","_relevanssi_related_no_append":"","_relevanssi_related_not_related":"","_relevanssi_related_posts":"","_relevanssi_noindex_reason":""},"product_brand":[],"product_cat":[340],"product_tag":[],"class_list":{"0":"post-14338","1":"product","2":"type-product","3":"status-publish","4":"has-post-thumbnail","6":"product_cat-caffe-in-grani","7":"pa_brand-lavazza-it","8":"has-subscription-plans","10":"first","11":"instock","12":"taxable","13":"shipping-taxable","14":"purchasable","15":"product-type-simple"},"batches":[{"id":"792","date_created":"2024-10-30 09:45:40","date_expiry":"2027-02-28 00:00:00","user_id":"559","batch_number":"","supplier":"","location":"C","quantity":"120.0000","quantity_available":"44.0000","units":"1","status":"active","order_ids":"[132549925,132549927,132550214,132550898,132551513,132552718,132553085,132553259]","po":null}],"_links":{"self":[{"href":"https:\/\/caffeonline.aclas.io\/it\/wp-json\/wp\/v2\/product\/14338","targetHints":{"allow":["GET"]}}],"collection":[{"href":"https:\/\/caffeonline.aclas.io\/it\/wp-json\/wp\/v2\/product"}],"about":[{"href":"https:\/\/caffeonline.aclas.io\/it\/wp-json\/wp\/v2\/types\/product"}],"replies":[{"embeddable":true,"href":"https:\/\/caffeonline.aclas.io\/it\/wp-json\/wp\/v2\/comments?post=14338"}],"wp:featuredmedia":[{"embeddable":true,"href":"https:\/\/caffeonline.aclas.io\/it\/wp-json\/wp\/v2\/media\/10635"}],"wp:attachment":[{"href":"https:\/\/caffeonline.aclas.io\/it\/wp-json\/wp\/v2\/media?parent=14338"}],"wp:term":[{"taxonomy":"product_brand","embeddable":true,"href":"https:\/\/caffeonline.aclas.io\/it\/wp-json\/wp\/v2\/product_brand?post=14338"},{"taxonomy":"product_cat","embeddable":true,"href":"https:\/\/caffeonline.aclas.io\/it\/wp-json\/wp\/v2\/product_cat?post=14338"},{"taxonomy":"product_tag","embeddable":true,"href":"https:\/\/caffeonline.aclas.io\/it\/wp-json\/wp\/v2\/product_tag?post=14338"}],"curies":[{"name":"wp","href":"https:\/\/api.w.org\/{rel}","templated":true}]}}