{"id":14334,"date":"2024-04-10T22:13:39","date_gmt":"2024-04-10T20:13:39","guid":{"rendered":"https:\/\/caffeonline.ch\/produkt\/lavazza-caffe-in-grani-expert-gusto-forte\/"},"modified":"2025-11-18T00:41:25","modified_gmt":"2025-11-17T23:41:25","slug":"lavazza-caffe-in-grani-expert-gusto-forte","status":"publish","type":"product","link":"https:\/\/caffeonline.aclas.io\/it\/produkt\/lavazza-caffe-in-grani-expert-gusto-forte\/","title":{"rendered":"Lavazza &#8211; Caff\u00e8 in grani Expert Gusto Forte"},"content":{"rendered":"","protected":false},"excerpt":{"rendered":"<p>Il <strong>caff\u00e8 in grani Lavazza Expert Gusto Forte<\/strong> offre una miscela dal carattere forte e deciso, perfetta per gli amanti dei caff\u00e8 intensi.<\/p>\n<ul>\n<li><strong>Forte e intenso:<\/strong> piacevole sapore di cacao nel finale.<\/li>\n<li><strong>Area aromatica:<\/strong> Intensiva<\/li>\n<li><strong>Note aromatiche:<\/strong> Cacao, spezie<\/li>\n<li><strong>Composizione:<\/strong> 100% Robusta<\/li>\n<\/ul>\n<p>Questo caff\u00e8 in grani \u00e8 ideale per chi vuole gustare un caff\u00e8 forte e intenso, dagli aromi profondi e ricchi. Perfetto per iniziare bene la giornata o per una pausa rivitalizzante.<\/p>\n","protected":false},"featured_media":10655,"comment_status":"open","ping_status":"closed","template":"","meta":{"_relevanssi_hide_post":"","_relevanssi_hide_content":"","_relevanssi_pin_for_all":"","_relevanssi_pin_keywords":"","_relevanssi_unpin_keywords":"","_relevanssi_related_keywords":"","_relevanssi_related_include_ids":"","_relevanssi_related_exclude_ids":"","_relevanssi_related_no_append":"","_relevanssi_related_not_related":"","_relevanssi_related_posts":"","_relevanssi_noindex_reason":""},"product_brand":[],"product_cat":[340],"product_tag":[],"class_list":{"0":"post-14334","1":"product","2":"type-product","3":"status-publish","4":"has-post-thumbnail","6":"product_cat-caffe-in-grani","7":"pa_brand-lavazza-it","8":"has-subscription-plans","10":"first","11":"instock","12":"taxable","13":"shipping-taxable","14":"purchasable","15":"product-type-simple"},"batches":[{"id":"1217","date_created":"2024-12-16 12:52:33","date_expiry":"2026-06-30 00:00:00","user_id":"559","batch_number":"","supplier":"","location":"","quantity":"10.0000","quantity_available":"0.0000","units":"1","status":"archived","order_ids":"[132546569,132546933,132547041]","po":null},{"id":"1458","date_created":"2025-02-04 16:56:33","date_expiry":"2026-11-30 00:00:00","user_id":"559","batch_number":"","supplier":"","location":"","quantity":"6.0000","quantity_available":"0.0000","units":"1","status":"archived","order_ids":null,"po":null},{"id":"1639","date_created":"2025-03-06 14:57:12","date_expiry":"2026-09-30 00:00:00","user_id":"559","batch_number":"","supplier":"","location":"","quantity":"6.0000","quantity_available":"0.0000","units":"1","status":"archived","order_ids":"[132547544]","po":null},{"id":"1640","date_created":"2025-03-06 14:57:32","date_expiry":"2026-11-30 00:00:00","user_id":"559","batch_number":"","supplier":"","location":"","quantity":"6.0000","quantity_available":"0.0000","units":"1","status":"archived","order_ids":"[132547544,132547573]","po":null},{"id":"1740","date_created":"2025-03-28 11:07:46","date_expiry":"2026-09-30 00:00:00","user_id":"559","batch_number":"","supplier":"","location":"","quantity":"12.0000","quantity_available":"0.0000","units":"1","status":"archived","order_ids":"[132547864]","po":null},{"id":"1849","date_created":"2025-04-28 15:16:40","date_expiry":"2026-09-30 00:00:00","user_id":"559","batch_number":"","supplier":"","location":"","quantity":"12.0000","quantity_available":"0.0000","units":"1","status":"archived","order_ids":"[132548270,132549342]","po":null},{"id":"1953","date_created":"2025-05-21 17:10:32","date_expiry":"2027-02-28 00:00:00","user_id":"559","batch_number":"","supplier":"","location":"","quantity":"6.0000","quantity_available":"0.0000","units":"1","status":"archived","order_ids":"[132550110,132551148,132551427,132551644]","po":null},{"id":"2063","date_created":"2025-06-19 14:41:36","date_expiry":"2026-02-28 00:00:00","user_id":"559","batch_number":"","supplier":"","location":"","quantity":"12.0000","quantity_available":"0.0000","units":"1","status":"archived","order_ids":"[132549918,132551148]","po":null},{"id":"2362","date_created":"2025-09-16 11:53:04","date_expiry":"2027-05-30 00:00:00","user_id":"2","batch_number":"","supplier":"","location":"","quantity":"6.0000","quantity_available":"0.0000","units":"1","status":"archived","order_ids":"[132551644,132551888]","po":null},{"id":"2617","date_created":"2025-10-29 16:59:36","date_expiry":"2027-08-30 00:00:00","user_id":"2","batch_number":"","supplier":"","location":"","quantity":"12.0000","quantity_available":"0.0000","units":"1","status":"archived","order_ids":"[132551888,132551890,132551891]","po":null},{"id":"2676","date_created":"2025-11-07 17:54:20","date_expiry":"2027-08-30 00:00:00","user_id":"2","batch_number":"","supplier":"","location":"","quantity":"14.0000","quantity_available":"2.0000","units":"1","status":"active","order_ids":"[132552679,132552814,132552904,132554084]","po":null},{"id":"2677","date_created":"2025-11-07 17:55:50","date_expiry":"2027-08-30 00:00:00","user_id":"2","batch_number":"","supplier":"","location":"","quantity":"10.0000","quantity_available":"0.0000","units":"1","status":"archived","order_ids":"[132552276,132552652]","po":null},{"id":"2997","date_created":"2026-01-13 16:35:37","date_expiry":"2027-09-30 00:00:00","user_id":"2","batch_number":"","supplier":"","location":"","quantity":"6.0000","quantity_available":"6.0000","units":"1","status":"active","order_ids":null,"po":null}],"_links":{"self":[{"href":"https:\/\/caffeonline.aclas.io\/it\/wp-json\/wp\/v2\/product\/14334","targetHints":{"allow":["GET"]}}],"collection":[{"href":"https:\/\/caffeonline.aclas.io\/it\/wp-json\/wp\/v2\/product"}],"about":[{"href":"https:\/\/caffeonline.aclas.io\/it\/wp-json\/wp\/v2\/types\/product"}],"replies":[{"embeddable":true,"href":"https:\/\/caffeonline.aclas.io\/it\/wp-json\/wp\/v2\/comments?post=14334"}],"wp:featuredmedia":[{"embeddable":true,"href":"https:\/\/caffeonline.aclas.io\/it\/wp-json\/wp\/v2\/media\/10655"}],"wp:attachment":[{"href":"https:\/\/caffeonline.aclas.io\/it\/wp-json\/wp\/v2\/media?parent=14334"}],"wp:term":[{"taxonomy":"product_brand","embeddable":true,"href":"https:\/\/caffeonline.aclas.io\/it\/wp-json\/wp\/v2\/product_brand?post=14334"},{"taxonomy":"product_cat","embeddable":true,"href":"https:\/\/caffeonline.aclas.io\/it\/wp-json\/wp\/v2\/product_cat?post=14334"},{"taxonomy":"product_tag","embeddable":true,"href":"https:\/\/caffeonline.aclas.io\/it\/wp-json\/wp\/v2\/product_tag?post=14334"}],"curies":[{"name":"wp","href":"https:\/\/api.w.org\/{rel}","templated":true}]}}