{"id":14325,"date":"2024-04-10T22:13:40","date_gmt":"2024-04-10T20:13:40","guid":{"rendered":"https:\/\/caffeonline.ch\/produkt\/lavazza-blue-lb-900-classy-compact\/"},"modified":"2025-02-07T22:42:23","modified_gmt":"2025-02-07T21:42:23","slug":"lavazza-blue-lb-900-classy-compact","status":"publish","type":"product","link":"https:\/\/caffeonline.aclas.io\/it\/produkt\/lavazza-blue-lb-900-classy-compact\/","title":{"rendered":"Lavazza &#8211; BLUE &#8211; LB 900 Classy Compact"},"content":{"rendered":"","protected":false},"excerpt":{"rendered":"<p><strong>Lavazza Classy Compact<\/strong>, una macchina dal design compatto per una pausa rilassante con l&#8217;espresso perfetto in qualsiasi ambiente di lavoro.<\/p>\n<p><strong>Design moderno e compatto<\/strong>: una macchina da caff\u00e8 a capsule compatta e moderna che offre il vero caff\u00e8 italiano ed \u00e8 ideale per i piccoli spazi. Goditi 3 scelte in un&#8217;unica macchina e prepara il tuo caff\u00e8 preferito, che sia un espresso, un espresso lungo o una dose libera.<\/p>\n","protected":false},"featured_media":10675,"comment_status":"open","ping_status":"closed","template":"","meta":{"_relevanssi_hide_post":"","_relevanssi_hide_content":"","_relevanssi_pin_for_all":"","_relevanssi_pin_keywords":"","_relevanssi_unpin_keywords":"","_relevanssi_related_keywords":"","_relevanssi_related_include_ids":"","_relevanssi_related_exclude_ids":"","_relevanssi_related_no_append":"","_relevanssi_related_not_related":"","_relevanssi_related_posts":"","_relevanssi_noindex_reason":""},"product_brand":[],"product_cat":[452,342],"product_tag":[],"class_list":{"0":"post-14325","1":"product","2":"type-product","3":"status-publish","4":"has-post-thumbnail","6":"product_cat-lavazza-blue","7":"product_cat-macchine-da-caffe","8":"pa_brand-lavazza-it","9":"pa_kaffeemenge-programmabile","10":"pa_leistung-1250-watt-it","11":"pa_pumpendruck-ca-15-bar-it","12":"pa_pumpentyp-pompa-a-vibrazione","13":"pa_stromversorgung-230v-it","14":"pa_wassertank-07-litri-di-acqua","16":"first","17":"instock","18":"taxable","19":"shipping-taxable","20":"purchasable","21":"product-type-simple"},"batches":[{"id":"350","date_created":"2024-03-20 17:30:34","date_expiry":null,"user_id":"559","batch_number":"","supplier":"","location":"","quantity":"2.0000","quantity_available":"0.0000","units":"1","status":"archived","order_ids":"[16687,132546072]","po":null},{"id":"1375","date_created":"2025-01-21 17:05:51","date_expiry":null,"user_id":"559","batch_number":"","supplier":"","location":"","quantity":"0.0000","quantity_available":"0.0000","units":"1","status":"archived","order_ids":"[132546713,132546944]","po":null},{"id":"1579","date_created":"2025-02-19 10:02:01","date_expiry":null,"user_id":"559","batch_number":"","supplier":"","location":"","quantity":"2.0000","quantity_available":"0.0000","units":"1","status":"archived","order_ids":"[132547437,132547470]","po":null},{"id":"1742","date_created":"2025-03-28 11:08:55","date_expiry":null,"user_id":"559","batch_number":"","supplier":"","location":"","quantity":"1.0000","quantity_available":"0.0000","units":"1","status":"archived","order_ids":"[132549748]","po":null},{"id":"2320","date_created":"2025-08-30 13:06:45","date_expiry":null,"user_id":"1","batch_number":"","supplier":"","location":"","quantity":"2.0000","quantity_available":"0.0000","units":"1","status":"archived","order_ids":"[132551778,132551855]","po":null},{"id":"2673","date_created":"2025-11-07 17:51:11","date_expiry":null,"user_id":"2","batch_number":"","supplier":"","location":"","quantity":"2.0000","quantity_available":"0.0000","units":"1","status":"archived","order_ids":"[132552046,132552066]","po":null},{"id":"2773","date_created":"2025-11-27 12:30:05","date_expiry":null,"user_id":"2","batch_number":"","supplier":"","location":"","quantity":"2.0000","quantity_available":"0.0000","units":"1","status":"archived","order_ids":"[132552462,132552559]","po":null},{"id":"3008","date_created":"2026-01-15 17:17:41","date_expiry":null,"user_id":"2","batch_number":"","supplier":"","location":"","quantity":"2.0000","quantity_available":"0.0000","units":"1","status":"archived","order_ids":"[132553578,132553581]","po":null},{"id":"3268","date_created":"2026-03-05 16:00:15","date_expiry":null,"user_id":"2","batch_number":"","supplier":"","location":"","quantity":"2.0000","quantity_available":"2.0000","units":"1","status":"active","order_ids":null,"po":null}],"_links":{"self":[{"href":"https:\/\/caffeonline.aclas.io\/it\/wp-json\/wp\/v2\/product\/14325","targetHints":{"allow":["GET"]}}],"collection":[{"href":"https:\/\/caffeonline.aclas.io\/it\/wp-json\/wp\/v2\/product"}],"about":[{"href":"https:\/\/caffeonline.aclas.io\/it\/wp-json\/wp\/v2\/types\/product"}],"replies":[{"embeddable":true,"href":"https:\/\/caffeonline.aclas.io\/it\/wp-json\/wp\/v2\/comments?post=14325"}],"wp:featuredmedia":[{"embeddable":true,"href":"https:\/\/caffeonline.aclas.io\/it\/wp-json\/wp\/v2\/media\/10675"}],"wp:attachment":[{"href":"https:\/\/caffeonline.aclas.io\/it\/wp-json\/wp\/v2\/media?parent=14325"}],"wp:term":[{"taxonomy":"product_brand","embeddable":true,"href":"https:\/\/caffeonline.aclas.io\/it\/wp-json\/wp\/v2\/product_brand?post=14325"},{"taxonomy":"product_cat","embeddable":true,"href":"https:\/\/caffeonline.aclas.io\/it\/wp-json\/wp\/v2\/product_cat?post=14325"},{"taxonomy":"product_tag","embeddable":true,"href":"https:\/\/caffeonline.aclas.io\/it\/wp-json\/wp\/v2\/product_tag?post=14325"}],"curies":[{"name":"wp","href":"https:\/\/api.w.org\/{rel}","templated":true}]}}