{"id":14316,"date":"2024-04-10T22:13:32","date_gmt":"2024-04-10T20:13:32","guid":{"rendered":"https:\/\/caffeonline.ch\/produkt\/lavazza-caffe-macinato-dek-coppette-monodose\/"},"modified":"2025-02-07T22:36:04","modified_gmt":"2025-02-07T21:36:04","slug":"lavazza-caffe-macinato-dek-coppette-monodose","status":"publish","type":"product","link":"https:\/\/caffeonline.aclas.io\/it\/produkt\/lavazza-caffe-macinato-dek-coppette-monodose\/","title":{"rendered":"Lavazza &#8211; Caff\u00e8 macinato Dek Coppette Monodose"},"content":{"rendered":"","protected":false},"excerpt":{"rendered":"<p>Una miscela dolce ed equilibrata, corposa e con una crema vellutata. Una selezione dei migliori caff\u00e8 per offrirti un espresso decaffeinato dal sapore intenso e duraturo.<\/p>\n<ul>\n<li><strong>Profilo aromatico:<\/strong> Equilibrato<\/li>\n<li><strong>Composizione:<\/strong> 60% Arabica, 40% Robusta<\/li>\n<li><strong>Tostatura:<\/strong> Media<\/li>\n<li><strong>Note di gusto:<\/strong> Cereali tostati e barrique<\/li>\n<\/ul>\n<p>Il risultato \u00e8 un caff\u00e8 decaffeinato con le stesse propriet\u00e0 organolettiche di un caff\u00e8 tradizionale. Perfetto per chi vuole godersi il pieno sapore di un espresso senza rinunciare alla caffeina.<\/p>\n","protected":false},"featured_media":13392,"comment_status":"open","ping_status":"closed","template":"","meta":{"_relevanssi_hide_post":"","_relevanssi_hide_content":"","_relevanssi_pin_for_all":"","_relevanssi_pin_keywords":"","_relevanssi_unpin_keywords":"","_relevanssi_related_keywords":"","_relevanssi_related_include_ids":"","_relevanssi_related_exclude_ids":"","_relevanssi_related_no_append":"","_relevanssi_related_not_related":"","_relevanssi_related_posts":"","_relevanssi_noindex_reason":""},"product_brand":[],"product_cat":[341],"product_tag":[],"class_list":{"0":"post-14316","1":"product","2":"type-product","3":"status-publish","4":"has-post-thumbnail","6":"product_cat-caffe-macinato","7":"pa_brand-lavazza-it","8":"has-subscription-plans","10":"first","11":"outofstock","12":"taxable","13":"shipping-taxable","14":"purchasable","15":"product-type-simple"},"batches":[],"_links":{"self":[{"href":"https:\/\/caffeonline.aclas.io\/it\/wp-json\/wp\/v2\/product\/14316","targetHints":{"allow":["GET"]}}],"collection":[{"href":"https:\/\/caffeonline.aclas.io\/it\/wp-json\/wp\/v2\/product"}],"about":[{"href":"https:\/\/caffeonline.aclas.io\/it\/wp-json\/wp\/v2\/types\/product"}],"replies":[{"embeddable":true,"href":"https:\/\/caffeonline.aclas.io\/it\/wp-json\/wp\/v2\/comments?post=14316"}],"wp:featuredmedia":[{"embeddable":true,"href":"https:\/\/caffeonline.aclas.io\/it\/wp-json\/wp\/v2\/media\/13392"}],"wp:attachment":[{"href":"https:\/\/caffeonline.aclas.io\/it\/wp-json\/wp\/v2\/media?parent=14316"}],"wp:term":[{"taxonomy":"product_brand","embeddable":true,"href":"https:\/\/caffeonline.aclas.io\/it\/wp-json\/wp\/v2\/product_brand?post=14316"},{"taxonomy":"product_cat","embeddable":true,"href":"https:\/\/caffeonline.aclas.io\/it\/wp-json\/wp\/v2\/product_cat?post=14316"},{"taxonomy":"product_tag","embeddable":true,"href":"https:\/\/caffeonline.aclas.io\/it\/wp-json\/wp\/v2\/product_tag?post=14316"}],"curies":[{"name":"wp","href":"https:\/\/api.w.org\/{rel}","templated":true}]}}