{"id":14300,"date":"2024-04-10T22:13:26","date_gmt":"2024-04-10T20:13:26","guid":{"rendered":"https:\/\/caffeonline.ch\/produkt\/caffe-moreno-capsule-in-alluminio-aroma-top\/"},"modified":"2024-09-05T16:23:21","modified_gmt":"2024-09-05T14:23:21","slug":"caffe-moreno-capsule-in-alluminio-aroma-top","status":"publish","type":"product","link":"https:\/\/caffeonline.aclas.io\/it\/produkt\/caffe-moreno-capsule-in-alluminio-aroma-top\/","title":{"rendered":"Caff\u00e8 Moreno &#8211; Capsule in alluminio Aroma Top"},"content":{"rendered":"","protected":false},"excerpt":{"rendered":"<p>La miscela Aroma Top \u00e8 una combinazione perfetta di caff\u00e8 Arabica e Robusta, che conferisce al caff\u00e8 un aroma caratteristico e una dolcezza inconfondibile. Una scelta deliziosa per chi cerca un&#8217;esperienza di caff\u00e8 avvolgente e di alta qualit\u00e0.<\/p>\n","protected":false},"featured_media":10815,"comment_status":"open","ping_status":"closed","template":"","meta":{"_relevanssi_hide_post":"","_relevanssi_hide_content":"","_relevanssi_pin_for_all":"","_relevanssi_pin_keywords":"","_relevanssi_unpin_keywords":"","_relevanssi_related_keywords":"","_relevanssi_related_include_ids":"","_relevanssi_related_exclude_ids":"","_relevanssi_related_no_append":"","_relevanssi_related_not_related":"","_relevanssi_related_posts":"","_relevanssi_noindex_reason":""},"product_brand":[],"product_cat":[344,350],"product_tag":[],"class_list":{"0":"post-14300","1":"product","2":"type-product","3":"status-publish","4":"has-post-thumbnail","6":"product_cat-capsule","7":"product_cat-sistema-nespresso","8":"pa_brand-caffe-moreno-it","9":"has-subscription-plans","11":"first","12":"outofstock","13":"taxable","14":"shipping-taxable","15":"purchasable","16":"product-type-simple"},"batches":[],"_links":{"self":[{"href":"https:\/\/caffeonline.aclas.io\/it\/wp-json\/wp\/v2\/product\/14300","targetHints":{"allow":["GET"]}}],"collection":[{"href":"https:\/\/caffeonline.aclas.io\/it\/wp-json\/wp\/v2\/product"}],"about":[{"href":"https:\/\/caffeonline.aclas.io\/it\/wp-json\/wp\/v2\/types\/product"}],"replies":[{"embeddable":true,"href":"https:\/\/caffeonline.aclas.io\/it\/wp-json\/wp\/v2\/comments?post=14300"}],"wp:featuredmedia":[{"embeddable":true,"href":"https:\/\/caffeonline.aclas.io\/it\/wp-json\/wp\/v2\/media\/10815"}],"wp:attachment":[{"href":"https:\/\/caffeonline.aclas.io\/it\/wp-json\/wp\/v2\/media?parent=14300"}],"wp:term":[{"taxonomy":"product_brand","embeddable":true,"href":"https:\/\/caffeonline.aclas.io\/it\/wp-json\/wp\/v2\/product_brand?post=14300"},{"taxonomy":"product_cat","embeddable":true,"href":"https:\/\/caffeonline.aclas.io\/it\/wp-json\/wp\/v2\/product_cat?post=14300"},{"taxonomy":"product_tag","embeddable":true,"href":"https:\/\/caffeonline.aclas.io\/it\/wp-json\/wp\/v2\/product_tag?post=14300"}],"curies":[{"name":"wp","href":"https:\/\/api.w.org\/{rel}","templated":true}]}}