{"id":14299,"date":"2024-04-10T22:13:40","date_gmt":"2024-04-10T20:13:40","guid":{"rendered":"https:\/\/caffeonline.ch\/produkt\/caffe-moreno-capsule-in-alluminio-aroma-blu\/"},"modified":"2025-02-07T22:42:24","modified_gmt":"2025-02-07T21:42:24","slug":"caffe-moreno-capsule-in-alluminio-aroma-blu","status":"publish","type":"product","link":"https:\/\/caffeonline.aclas.io\/it\/produkt\/caffe-moreno-capsule-in-alluminio-aroma-blu\/","title":{"rendered":"Caff\u00e8 Moreno &#8211; Capsule in alluminio Aroma Blu"},"content":{"rendered":"","protected":false},"excerpt":{"rendered":"<p>La miscela Aroma Blu \u00e8 caratterizzata da un gusto forte con sfumature delicate e offre un caff\u00e8 corposo e cremoso. Un&#8217;opzione ideale per chi desidera un&#8217;esperienza di caff\u00e8 dal sapore intenso.<\/p>\n","protected":false},"featured_media":10817,"comment_status":"open","ping_status":"closed","template":"","meta":{"_relevanssi_hide_post":"","_relevanssi_hide_content":"","_relevanssi_pin_for_all":"","_relevanssi_pin_keywords":"","_relevanssi_unpin_keywords":"","_relevanssi_related_keywords":"","_relevanssi_related_include_ids":"","_relevanssi_related_exclude_ids":"","_relevanssi_related_no_append":"","_relevanssi_related_not_related":"","_relevanssi_related_posts":"","_relevanssi_noindex_reason":""},"product_brand":[],"product_cat":[344,350],"product_tag":[],"class_list":{"0":"post-14299","1":"product","2":"type-product","3":"status-publish","4":"has-post-thumbnail","6":"product_cat-capsule","7":"product_cat-sistema-nespresso","8":"pa_brand-caffe-moreno-it","9":"has-subscription-plans","11":"first","12":"instock","13":"taxable","14":"shipping-taxable","15":"purchasable","16":"product-type-simple"},"batches":[{"id":"790","date_created":"2024-10-30 09:36:56","date_expiry":"2026-06-30 00:00:00","user_id":"559","batch_number":"","supplier":"","location":"C","quantity":"44.0000","quantity_available":"27.0000","units":"1","status":"active","order_ids":"[132546715,132547885,132547887,132550295,132551146,132551390,132551412,132551622,132552343]","po":null}],"_links":{"self":[{"href":"https:\/\/caffeonline.aclas.io\/it\/wp-json\/wp\/v2\/product\/14299","targetHints":{"allow":["GET"]}}],"collection":[{"href":"https:\/\/caffeonline.aclas.io\/it\/wp-json\/wp\/v2\/product"}],"about":[{"href":"https:\/\/caffeonline.aclas.io\/it\/wp-json\/wp\/v2\/types\/product"}],"replies":[{"embeddable":true,"href":"https:\/\/caffeonline.aclas.io\/it\/wp-json\/wp\/v2\/comments?post=14299"}],"wp:featuredmedia":[{"embeddable":true,"href":"https:\/\/caffeonline.aclas.io\/it\/wp-json\/wp\/v2\/media\/10817"}],"wp:attachment":[{"href":"https:\/\/caffeonline.aclas.io\/it\/wp-json\/wp\/v2\/media?parent=14299"}],"wp:term":[{"taxonomy":"product_brand","embeddable":true,"href":"https:\/\/caffeonline.aclas.io\/it\/wp-json\/wp\/v2\/product_brand?post=14299"},{"taxonomy":"product_cat","embeddable":true,"href":"https:\/\/caffeonline.aclas.io\/it\/wp-json\/wp\/v2\/product_cat?post=14299"},{"taxonomy":"product_tag","embeddable":true,"href":"https:\/\/caffeonline.aclas.io\/it\/wp-json\/wp\/v2\/product_tag?post=14299"}],"curies":[{"name":"wp","href":"https:\/\/api.w.org\/{rel}","templated":true}]}}