{"id":14296,"date":"2024-04-10T22:13:31","date_gmt":"2024-04-10T20:13:31","guid":{"rendered":"https:\/\/caffeonline.ch\/produkt\/lollo-caffe-capsule-nero\/"},"modified":"2026-01-26T11:10:55","modified_gmt":"2026-01-26T10:10:55","slug":"lollo-caffe-capsule-nero","status":"publish","type":"product","link":"https:\/\/caffeonline.aclas.io\/it\/produkt\/lollo-caffe-capsule-nero\/","title":{"rendered":"Lollo Caff\u00e8 &#8211; Capsule Nero"},"content":{"rendered":"","protected":false},"excerpt":{"rendered":"<p>Le <strong>capsule Lollo Caff\u00e8 Nero<\/strong> offrono una miscela dal sapore forte e pieno di energia, con la giusta quantit\u00e0 di Robusta per dare forza alla tazze. Un caff\u00e8 forte e sincero che risveglia tutti i sensi con la sua cremosit\u00e0 e il suo retrogusto intenso.<\/p>\n<p><strong>Miscela e tostatura:<\/strong><\/p>\n<ul>\n<li><strong>Tostatura:<\/strong> Media<\/li>\n<li><strong>Tipo di chicco:<\/strong> 20% Arabica, 80% Robusta<\/li>\n<li><strong>Intensit\u00e0:<\/strong> 9\/10<\/li>\n<\/ul>\n<p><strong>Profilo sensoriale:<\/strong><\/p>\n<ul>\n<li><strong>Aroma:<\/strong> 8\/10<\/li>\n<li><strong>Corposit\u00e0:<\/strong> 9\/10<\/li>\n<li><strong>Ricchezza:<\/strong> 7\/10<\/li>\n<li><strong>Persistenza:<\/strong> 7\/10<\/li>\n<\/ul>\n","protected":false},"featured_media":13378,"comment_status":"open","ping_status":"closed","template":"","meta":{"_relevanssi_hide_post":"","_relevanssi_hide_content":"","_relevanssi_pin_for_all":"","_relevanssi_pin_keywords":"","_relevanssi_unpin_keywords":"","_relevanssi_related_keywords":"","_relevanssi_related_include_ids":"","_relevanssi_related_exclude_ids":"","_relevanssi_related_no_append":"","_relevanssi_related_not_related":"","_relevanssi_related_posts":"","_relevanssi_noindex_reason":""},"product_brand":[],"product_cat":[344,560,350],"product_tag":[621],"class_list":{"0":"post-14296","1":"product","2":"type-product","3":"status-publish","4":"has-post-thumbnail","6":"product_cat-capsule","7":"product_cat-offerte-speciali","8":"product_cat-sistema-nespresso","9":"product_tag-lollo-angebote-it","10":"pa_brand-lollo-caffe-it","11":"has-subscription-plans","13":"first","14":"instock","15":"sale","16":"taxable","17":"shipping-taxable","18":"purchasable","19":"product-type-simple"},"batches":[{"id":"86","date_created":"2024-03-09 07:38:19","date_expiry":"2025-12-31 00:00:00","user_id":"1","batch_number":"","supplier":"","location":"","quantity":"16.0000","quantity_available":"0.0000","units":"1","status":"archived","order_ids":"[]","po":null},{"id":"1200","date_created":"2024-12-14 11:29:13","date_expiry":"2026-06-30 00:00:00","user_id":"1","batch_number":"","supplier":"","location":"","quantity":"2.0000","quantity_available":"0.0000","units":"1","status":"archived","order_ids":"[132546602,132546713,132546944,132547864,132547869,132548131,132549258,132549537,132549554,132549740,132549810,132550008,132550141,132550296,132550418,132550930,132551165,132551169,132551304]","po":null},{"id":"2384","date_created":"2025-09-20 13:15:42","date_expiry":"2027-06-30 00:00:00","user_id":"1","batch_number":"","supplier":"","location":"","quantity":"60.0000","quantity_available":"0.0000","units":"1","status":"archived","order_ids":"[132551304,132551412,132551481,132551778,132552126,132552170,132552212,132552332,132552462,132552614,132552714,132552759,132552788,132552793,132553065,132553068,132553095,132553162]","po":null},{"id":"3133","date_created":"2026-02-06 15:41:49","date_expiry":"2027-06-30 00:00:00","user_id":"2","batch_number":"","supplier":"","location":"","quantity":"16.0000","quantity_available":"7.0000","units":"1","status":"active","order_ids":"[132553462,132554124]","po":null},{"id":"3134","date_created":"2026-02-06 15:42:02","date_expiry":"2027-12-30 00:00:00","user_id":"2","batch_number":"","supplier":"","location":"","quantity":"64.0000","quantity_available":"64.0000","units":"1","status":"active","order_ids":null,"po":null}],"_links":{"self":[{"href":"https:\/\/caffeonline.aclas.io\/it\/wp-json\/wp\/v2\/product\/14296","targetHints":{"allow":["GET"]}}],"collection":[{"href":"https:\/\/caffeonline.aclas.io\/it\/wp-json\/wp\/v2\/product"}],"about":[{"href":"https:\/\/caffeonline.aclas.io\/it\/wp-json\/wp\/v2\/types\/product"}],"replies":[{"embeddable":true,"href":"https:\/\/caffeonline.aclas.io\/it\/wp-json\/wp\/v2\/comments?post=14296"}],"wp:featuredmedia":[{"embeddable":true,"href":"https:\/\/caffeonline.aclas.io\/it\/wp-json\/wp\/v2\/media\/13378"}],"wp:attachment":[{"href":"https:\/\/caffeonline.aclas.io\/it\/wp-json\/wp\/v2\/media?parent=14296"}],"wp:term":[{"taxonomy":"product_brand","embeddable":true,"href":"https:\/\/caffeonline.aclas.io\/it\/wp-json\/wp\/v2\/product_brand?post=14296"},{"taxonomy":"product_cat","embeddable":true,"href":"https:\/\/caffeonline.aclas.io\/it\/wp-json\/wp\/v2\/product_cat?post=14296"},{"taxonomy":"product_tag","embeddable":true,"href":"https:\/\/caffeonline.aclas.io\/it\/wp-json\/wp\/v2\/product_tag?post=14296"}],"curies":[{"name":"wp","href":"https:\/\/api.w.org\/{rel}","templated":true}]}}