{"id":14294,"date":"2024-04-10T22:13:34","date_gmt":"2024-04-10T20:13:34","guid":{"rendered":"https:\/\/caffeonline.ch\/produkt\/lollo-caffe-cialde-ese-nero\/"},"modified":"2026-02-27T11:45:10","modified_gmt":"2026-02-27T10:45:10","slug":"lollo-caffe-cialde-ese-nero","status":"publish","type":"product","link":"https:\/\/caffeonline.aclas.io\/it\/produkt\/lollo-caffe-cialde-ese-nero\/","title":{"rendered":"Lollo Caff\u00e8 &#8211; Cialde ESE Nero"},"content":{"rendered":"","protected":false},"excerpt":{"rendered":"<p>Le <strong>Cialde ESE Nero di Lollo Caff\u00e8<\/strong> offrono una miscela dal sapore forte e pieno di energia, con la giusta quantit\u00e0 di Robusta per dare forza alla tazze. Un caff\u00e8 forte e sincero che risveglia tutti i sensi con la sua cremosit\u00e0 e il suo retrogusto intenso.<\/p>\n<p><strong>Miscela e tostatura:<\/strong><\/p>\n<ul>\n<li><strong>Tostatura:<\/strong> Media<\/li>\n<li><strong>Tipo di chicco:<\/strong> 20% Arabica, 80% Robusta<\/li>\n<li><strong>Intensit\u00e0:<\/strong> 9\/10<\/li>\n<\/ul>\n<p><strong>Profilo sensoriale:<\/strong><\/p>\n<ul>\n<li><strong>Aroma:<\/strong> 8\/10<\/li>\n<li><strong>Corposit\u00e0:<\/strong> 9\/10<\/li>\n<li><strong>Ricchezza:<\/strong> 7\/10<\/li>\n<li><strong>Persistenza:<\/strong> 7\/10<\/li>\n<\/ul>\n","protected":false},"featured_media":10835,"comment_status":"open","ping_status":"closed","template":"","meta":{"_relevanssi_hide_post":"","_relevanssi_hide_content":"","_relevanssi_pin_for_all":"","_relevanssi_pin_keywords":"","_relevanssi_unpin_keywords":"","_relevanssi_related_keywords":"","_relevanssi_related_include_ids":"","_relevanssi_related_exclude_ids":"","_relevanssi_related_no_append":"","_relevanssi_related_not_related":"","_relevanssi_related_posts":"","_relevanssi_noindex_reason":""},"product_brand":[],"product_cat":[338,130],"product_tag":[621],"class_list":{"0":"post-14294","1":"product","2":"type-product","3":"status-publish","4":"has-post-thumbnail","6":"product_cat-cialde-ese","7":"product_cat-ese-pads","8":"product_tag-lollo-angebote-it","9":"pa_brand-lollo-caffe-it","10":"has-subscription-plans","12":"first","13":"instock","14":"sale","15":"taxable","16":"shipping-taxable","17":"purchasable","18":"product-type-simple"},"batches":[{"id":"1195","date_created":"2024-12-14 11:23:20","date_expiry":"2025-12-31 00:00:00","user_id":"1","batch_number":"","supplier":"","location":"","quantity":"6.0000","quantity_available":"0.0000","units":"1","status":"archived","order_ids":"[132546191,132546208,132546237,132546377]","po":null},{"id":"1196","date_created":"2024-12-14 11:24:34","date_expiry":"2026-06-30 00:00:00","user_id":"1","batch_number":"","supplier":"","location":"","quantity":"77.0000","quantity_available":"0.0000","units":"1","status":"archived","order_ids":"[132546471,132546504,132546569,132547249,132547437,132547470,132548086,132548202,132548216,132548330,132549226,132549356,132549554,132549669,132549749,132550122,132550210,132550227,132550287,132550901,132550960,132550989,132551001,132551143,132551209,132551235,132551305,132551426,132551514,132551769,132551899,132552046,132552078,132552094,132552126,132552156,132552810]","po":null},{"id":"2982","date_created":"2026-01-12 16:27:44","date_expiry":"2026-06-30 00:00:00","user_id":"2","batch_number":"","supplier":"","location":"","quantity":"6.0000","quantity_available":"0.0000","units":"1","status":"archived","order_ids":"[132553093,132553734,132553755,132553837]","po":null},{"id":"3121","date_created":"2026-02-05 16:31:53","date_expiry":"2027-12-30 00:00:00","user_id":"2","batch_number":"","supplier":"","location":"","quantity":"64.0000","quantity_available":"64.0000","units":"1","status":"active","order_ids":null,"po":null}],"_links":{"self":[{"href":"https:\/\/caffeonline.aclas.io\/it\/wp-json\/wp\/v2\/product\/14294","targetHints":{"allow":["GET"]}}],"collection":[{"href":"https:\/\/caffeonline.aclas.io\/it\/wp-json\/wp\/v2\/product"}],"about":[{"href":"https:\/\/caffeonline.aclas.io\/it\/wp-json\/wp\/v2\/types\/product"}],"replies":[{"embeddable":true,"href":"https:\/\/caffeonline.aclas.io\/it\/wp-json\/wp\/v2\/comments?post=14294"}],"wp:featuredmedia":[{"embeddable":true,"href":"https:\/\/caffeonline.aclas.io\/it\/wp-json\/wp\/v2\/media\/10835"}],"wp:attachment":[{"href":"https:\/\/caffeonline.aclas.io\/it\/wp-json\/wp\/v2\/media?parent=14294"}],"wp:term":[{"taxonomy":"product_brand","embeddable":true,"href":"https:\/\/caffeonline.aclas.io\/it\/wp-json\/wp\/v2\/product_brand?post=14294"},{"taxonomy":"product_cat","embeddable":true,"href":"https:\/\/caffeonline.aclas.io\/it\/wp-json\/wp\/v2\/product_cat?post=14294"},{"taxonomy":"product_tag","embeddable":true,"href":"https:\/\/caffeonline.aclas.io\/it\/wp-json\/wp\/v2\/product_tag?post=14294"}],"curies":[{"name":"wp","href":"https:\/\/api.w.org\/{rel}","templated":true}]}}