{"id":14269,"date":"2024-06-15T14:21:32","date_gmt":"2024-06-15T12:21:32","guid":{"rendered":"https:\/\/caffeonline.ch\/produkt\/kimbo-cialde-ese-pompei-maxi-pack-15010\/"},"modified":"2025-03-31T18:40:08","modified_gmt":"2025-03-31T16:40:08","slug":"kimbo-cialde-ese-pompei-maxi-pack-15010","status":"publish","type":"product","link":"https:\/\/caffeonline.aclas.io\/it\/produkt\/kimbo-cialde-ese-pompei-maxi-pack-15010\/","title":{"rendered":"Kimbo &#8211; Cialde ESE Pompei Maxi Pack 150+10"},"content":{"rendered":"","protected":false},"excerpt":{"rendered":"<p><strong>Ottieni il meglio del gusto e del risparmio con la nostra confezione Kimbo &#8211; Cialde ESE Pompei Maxi Pack 150+10. Questa confezione di caff\u00e8 sfuso non solo ti offre un caff\u00e8 di prima qualit\u00e0, ma anche un&#8217;eccezionale convenienza, in modo che tu possa gustare la tua miscela preferita pi\u00f9 a lungo senza doverla acquistare pi\u00f9 spesso.<\/strong><\/p>\n<p>Scopri l&#8217;eccellenza del caff\u00e8 Kimbo con il nostro esclusivo Cialde ESE Pompei Maxi Pack, contenente 150+10 cialde. Questa miscela unica \u00e8 stata sviluppata per offrire un caff\u00e8 di forte intensit\u00e0 e dal carattere deciso, ideale per chi cerca un&#8217;esperienza sensoriale indimenticabile.<\/p>\n<ul>\n<li><strong>Intensit\u00e0 forte:<\/strong> una miscela forte caratterizzata dall&#8217;intensit\u00e0, perfetta per un caff\u00e8 che regge il confronto.<\/li>\n<li><strong>Aroma persistente:<\/strong> aroma che lascia in bocca un retrogusto piacevole e duraturo.<\/li>\n<li><strong>Tostatura scura:<\/strong> mette in risalto le note di cioccolato fondente e spezie e crea una sinfonia di aromi intensi.<\/li>\n<li><strong>Qualit\u00e0 Kimbo:<\/strong> un marchio che \u00e8 sinonimo di eccellenza e tradizione nel mondo del caff\u00e8.<\/li>\n<\/ul>\n<p>Kimbo Pompei \u00e8 la scelta perfetta per chi cerca un caff\u00e8 con un profilo aromatico intenso e un ricco spettro di aromi che rimarranno a lungo nella memoria. La tostatura scura enfatizza le note aromatiche del cioccolato extra-dark e delle spezie e offre un&#8217;esperienza di gusto unica. Ideale per iniziare la giornata pieni di energia o per una pausa di pieno piacere, Kimbo Pompei soddisfa i palati pi\u00f9 esigenti che sono sempre alla ricerca del meglio.<\/p>\n<p>Assapora l&#8217;essenza della tradizione del caff\u00e8 napoletano con Kimbo Pompei, dove ogni sorso racconta una storia di passione e devozione. Il Maxi Pack 150+10 ti d\u00e0 la possibilit\u00e0 di godere appieno del sapore e della qualit\u00e0 di Kimbo.<\/p>\n","protected":false},"featured_media":14254,"comment_status":"open","ping_status":"closed","template":"","meta":{"_relevanssi_hide_post":"","_relevanssi_hide_content":"","_relevanssi_pin_for_all":"","_relevanssi_pin_keywords":"","_relevanssi_unpin_keywords":"","_relevanssi_related_keywords":"","_relevanssi_related_include_ids":"","_relevanssi_related_exclude_ids":"","_relevanssi_related_no_append":"","_relevanssi_related_not_related":"","_relevanssi_related_posts":"","_relevanssi_noindex_reason":""},"product_brand":[],"product_cat":[338,765,586],"product_tag":[],"class_list":{"0":"post-14269","1":"product","2":"type-product","3":"status-publish","4":"has-post-thumbnail","6":"product_cat-cialde-ese","7":"product_cat-nogalaxus-it","8":"product_cat-offerte-speciali2","9":"pa_brand-kimbo-it","10":"has-subscription-plans","12":"first","13":"outofstock","14":"taxable","15":"shipping-taxable","16":"purchasable","17":"product-type-simple"},"batches":[{"id":"504","date_created":"2024-06-07 15:59:50","date_expiry":"2025-09-30 00:00:00","user_id":"559","batch_number":"","supplier":"","location":"","quantity":"45.0000","quantity_available":"0.0000","units":"1","status":"archived","order_ids":"[14924,15212,15393,15961,15962,16409,16687,17249,132545842,132546415,132547573,132547732,132547761]","po":null}],"_links":{"self":[{"href":"https:\/\/caffeonline.aclas.io\/it\/wp-json\/wp\/v2\/product\/14269","targetHints":{"allow":["GET"]}}],"collection":[{"href":"https:\/\/caffeonline.aclas.io\/it\/wp-json\/wp\/v2\/product"}],"about":[{"href":"https:\/\/caffeonline.aclas.io\/it\/wp-json\/wp\/v2\/types\/product"}],"replies":[{"embeddable":true,"href":"https:\/\/caffeonline.aclas.io\/it\/wp-json\/wp\/v2\/comments?post=14269"}],"wp:featuredmedia":[{"embeddable":true,"href":"https:\/\/caffeonline.aclas.io\/it\/wp-json\/wp\/v2\/media\/14254"}],"wp:attachment":[{"href":"https:\/\/caffeonline.aclas.io\/it\/wp-json\/wp\/v2\/media?parent=14269"}],"wp:term":[{"taxonomy":"product_brand","embeddable":true,"href":"https:\/\/caffeonline.aclas.io\/it\/wp-json\/wp\/v2\/product_brand?post=14269"},{"taxonomy":"product_cat","embeddable":true,"href":"https:\/\/caffeonline.aclas.io\/it\/wp-json\/wp\/v2\/product_cat?post=14269"},{"taxonomy":"product_tag","embeddable":true,"href":"https:\/\/caffeonline.aclas.io\/it\/wp-json\/wp\/v2\/product_tag?post=14269"}],"curies":[{"name":"wp","href":"https:\/\/api.w.org\/{rel}","templated":true}]}}