{"id":14115,"date":"2024-04-10T22:13:26","date_gmt":"2024-04-10T20:13:26","guid":{"rendered":"https:\/\/caffeonline.ch\/produkt\/caffe-borbone-caffe-in-grani-miscela-blu-linea-vending\/"},"modified":"2026-02-02T11:03:19","modified_gmt":"2026-02-02T10:03:19","slug":"caffe-borbone-caffe-in-grani-miscela-blu-linea-vending","status":"publish","type":"product","link":"https:\/\/caffeonline.aclas.io\/it\/produkt\/caffe-borbone-caffe-in-grani-miscela-blu-linea-vending\/","title":{"rendered":"Caff\u00e8 Borbone &#8211; Caff\u00e8 in grani Miscela Blu Linea Vending"},"content":{"rendered":"","protected":false},"excerpt":{"rendered":"<p><strong>Caff\u00e8 Borbone Miscela Blu <\/strong>per la <strong>linea vending<\/strong> \u00e8 perfetta per i palati pi\u00f9 esigenti e per chi vuole un espresso buono come al bar, anche sui distributori automatici.<\/p>\n<p>La sua tostatura perfetta e la miscela equilibrata di Arabica e Robusta sanno regalare un caff\u00e8 cremoso e dal carattere forte ma equilibrato.<\/p>\n","protected":false},"featured_media":10987,"comment_status":"open","ping_status":"closed","template":"","meta":{"_relevanssi_hide_post":"","_relevanssi_hide_content":"","_relevanssi_pin_for_all":"","_relevanssi_pin_keywords":"","_relevanssi_unpin_keywords":"","_relevanssi_related_keywords":"","_relevanssi_related_include_ids":"","_relevanssi_related_exclude_ids":"","_relevanssi_related_no_append":"","_relevanssi_related_not_related":"","_relevanssi_related_posts":"","_relevanssi_noindex_reason":""},"product_brand":[],"product_cat":[340,120],"product_tag":[],"class_list":{"0":"post-14115","1":"product","2":"type-product","3":"status-publish","4":"has-post-thumbnail","6":"product_cat-caffe-in-grani","7":"product_cat-kaffeebohnen","8":"pa_brand-caffe-borbone-it","9":"has-subscription-plans","11":"first","12":"instock","13":"taxable","14":"shipping-taxable","15":"purchasable","16":"product-type-simple"},"batches":[{"id":"967","date_created":"2024-11-07 18:02:53","date_expiry":"2026-04-30 00:00:00","user_id":"559","batch_number":"","supplier":"","location":"","quantity":"30.0000","quantity_available":"0.0000","units":"1","status":"archived","order_ids":"[16243,16346,16467,16658]","po":null},{"id":"1145","date_created":"2024-12-05 07:03:00","date_expiry":"2026-10-01 00:00:00","user_id":"559","batch_number":"","supplier":"","location":"","quantity":"120.0000","quantity_available":"0.0000","units":"1","status":"archived","order_ids":"[17197,17249,132545825,132545878,132546069,132546132,132546209]","po":null},{"id":"1301","date_created":"2025-01-10 08:30:02","date_expiry":"2026-10-31 00:00:00","user_id":"559","batch_number":"","supplier":"","location":"","quantity":"60.0000","quantity_available":"0.0000","units":"1","status":"archived","order_ids":"[132546300,132546334,132546416,132546774,132546933,132547032,132547275,132547431,132547444,132547466,132547514,132547586,132548088,132548364,132549204,132549357,132549753]","po":null},{"id":"1483","date_created":"2025-02-06 00:23:13","date_expiry":"2026-12-30 00:00:00","user_id":"559","batch_number":"","supplier":"","location":"","quantity":"120.0000","quantity_available":"0.0000","units":"1","status":"archived","order_ids":"[132549921,132550017,132550029,132550110,132550131,132550951,132551112]","po":null},{"id":"2372","date_created":"2025-09-20 10:06:14","date_expiry":"2027-09-30 00:00:00","user_id":"1","batch_number":"","supplier":"","location":"","quantity":"24.0000","quantity_available":"0.0000","units":"1","status":"archived","order_ids":"[132551196,132551252,132551329,132551331,132551411,132551500]","po":null},{"id":"2608","date_created":"2025-10-28 14:46:23","date_expiry":null,"user_id":"1","batch_number":"","supplier":"","location":"","quantity":"12.0000","quantity_available":"0.0000","units":"1","status":"archived","order_ids":"[132551770]","po":null},{"id":"2642","date_created":"2025-10-30 17:02:11","date_expiry":"2027-09-30 00:00:00","user_id":"2","batch_number":"","supplier":"","location":"","quantity":"2.0000","quantity_available":"0.0000","units":"1","status":"archived","order_ids":"[132551915]","po":null},{"id":"2710","date_created":"2025-11-12 00:02:55","date_expiry":"2027-10-30 00:00:00","user_id":"2","batch_number":"","supplier":"","location":"","quantity":"60.0000","quantity_available":"8.0000","units":"1","status":"active","order_ids":"[132552084,132552127,132552128,132552159,132552200,132552768,132553118,132553279,132553283,132553620,132554530]","po":null},{"id":"2805","date_created":"2025-12-06 12:44:46","date_expiry":"2026-10-30 00:00:00","user_id":"1","batch_number":"","supplier":"","location":"","quantity":"0.0000","quantity_available":"0.0000","units":"1","status":"archived","order_ids":"[132552406]","po":null},{"id":"3089","date_created":"2026-01-30 07:16:57","date_expiry":null,"user_id":"1","batch_number":"","supplier":"","location":"","quantity":"0.0000","quantity_available":"0.0000","units":"1","status":"archived","order_ids":"[132553213]","po":null}],"_links":{"self":[{"href":"https:\/\/caffeonline.aclas.io\/it\/wp-json\/wp\/v2\/product\/14115","targetHints":{"allow":["GET"]}}],"collection":[{"href":"https:\/\/caffeonline.aclas.io\/it\/wp-json\/wp\/v2\/product"}],"about":[{"href":"https:\/\/caffeonline.aclas.io\/it\/wp-json\/wp\/v2\/types\/product"}],"replies":[{"embeddable":true,"href":"https:\/\/caffeonline.aclas.io\/it\/wp-json\/wp\/v2\/comments?post=14115"}],"wp:featuredmedia":[{"embeddable":true,"href":"https:\/\/caffeonline.aclas.io\/it\/wp-json\/wp\/v2\/media\/10987"}],"wp:attachment":[{"href":"https:\/\/caffeonline.aclas.io\/it\/wp-json\/wp\/v2\/media?parent=14115"}],"wp:term":[{"taxonomy":"product_brand","embeddable":true,"href":"https:\/\/caffeonline.aclas.io\/it\/wp-json\/wp\/v2\/product_brand?post=14115"},{"taxonomy":"product_cat","embeddable":true,"href":"https:\/\/caffeonline.aclas.io\/it\/wp-json\/wp\/v2\/product_cat?post=14115"},{"taxonomy":"product_tag","embeddable":true,"href":"https:\/\/caffeonline.aclas.io\/it\/wp-json\/wp\/v2\/product_tag?post=14115"}],"curies":[{"name":"wp","href":"https:\/\/api.w.org\/{rel}","templated":true}]}}