{"id":14100,"date":"2024-04-10T22:13:30","date_gmt":"2024-04-10T20:13:30","guid":{"rendered":"https:\/\/caffeonline.ch\/produkt\/caffe-borbone-caffe-in-grani-crema-superiore\/"},"modified":"2025-04-11T16:56:08","modified_gmt":"2025-04-11T14:56:08","slug":"caffe-borbone-caffe-in-grani-crema-superiore","status":"publish","type":"product","link":"https:\/\/caffeonline.aclas.io\/it\/produkt\/caffe-borbone-caffe-in-grani-crema-superiore\/","title":{"rendered":"Caff\u00e8 Borbone &#8211; Caff\u00e8 in grani Crema Superiore"},"content":{"rendered":"","protected":false},"excerpt":{"rendered":"<p><strong>MISCELA RICCA E OMOGENEA. INTENSIT\u00c0 7\/10.<\/strong><br \/>Caff\u00e8 aromatico, morbido e cremoso. Ideale anche per le bevande a base di latte.<\/p>\n<p>Realizzata con una raffinata selezione di pregiate miscele di Arabica e Robusta. Una combinazione perfetta di sapore, raffinatezza, cremosit\u00e0, dolcezza e carattere. La miscela Crema Superiore soddisfer\u00e0 anche i palati pi\u00f9 esigenti o chi vuole assaporare il vero gusto di Napoli in tutta la sua bellezza.<\/p>\n","protected":false},"featured_media":10991,"comment_status":"open","ping_status":"closed","template":"","meta":{"_relevanssi_hide_post":"","_relevanssi_hide_content":"","_relevanssi_pin_for_all":"","_relevanssi_pin_keywords":"","_relevanssi_unpin_keywords":"","_relevanssi_related_keywords":"","_relevanssi_related_include_ids":"","_relevanssi_related_exclude_ids":"","_relevanssi_related_no_append":"","_relevanssi_related_not_related":"","_relevanssi_related_posts":"","_relevanssi_noindex_reason":""},"product_brand":[],"product_cat":[340],"product_tag":[],"class_list":{"0":"post-14100","1":"product","2":"type-product","3":"status-publish","4":"has-post-thumbnail","6":"product_cat-caffe-in-grani","7":"pa_brand-caffe-borbone-it","8":"has-subscription-plans","10":"first","11":"outofstock","12":"sale","13":"taxable","14":"shipping-taxable","15":"purchasable","16":"product-type-simple"},"batches":[{"id":"262","date_created":"2024-03-13 07:27:53","date_expiry":"2026-02-28 00:00:00","user_id":"559","batch_number":"","supplier":"","location":"","quantity":"60.0000","quantity_available":"0.0000","units":"1","status":"archived","order_ids":"[14188,14778,15275,15632,16040,16565,16610,132545798,132546930,132547033,132547882,132548204,132549542,132549677,132551110,132551168,132551421,132551500,132551884,132552710]","po":null}],"_links":{"self":[{"href":"https:\/\/caffeonline.aclas.io\/it\/wp-json\/wp\/v2\/product\/14100","targetHints":{"allow":["GET"]}}],"collection":[{"href":"https:\/\/caffeonline.aclas.io\/it\/wp-json\/wp\/v2\/product"}],"about":[{"href":"https:\/\/caffeonline.aclas.io\/it\/wp-json\/wp\/v2\/types\/product"}],"replies":[{"embeddable":true,"href":"https:\/\/caffeonline.aclas.io\/it\/wp-json\/wp\/v2\/comments?post=14100"}],"wp:featuredmedia":[{"embeddable":true,"href":"https:\/\/caffeonline.aclas.io\/it\/wp-json\/wp\/v2\/media\/10991"}],"wp:attachment":[{"href":"https:\/\/caffeonline.aclas.io\/it\/wp-json\/wp\/v2\/media?parent=14100"}],"wp:term":[{"taxonomy":"product_brand","embeddable":true,"href":"https:\/\/caffeonline.aclas.io\/it\/wp-json\/wp\/v2\/product_brand?post=14100"},{"taxonomy":"product_cat","embeddable":true,"href":"https:\/\/caffeonline.aclas.io\/it\/wp-json\/wp\/v2\/product_cat?post=14100"},{"taxonomy":"product_tag","embeddable":true,"href":"https:\/\/caffeonline.aclas.io\/it\/wp-json\/wp\/v2\/product_tag?post=14100"}],"curies":[{"name":"wp","href":"https:\/\/api.w.org\/{rel}","templated":true}]}}