{"id":14086,"date":"2024-04-10T22:13:19","date_gmt":"2024-04-10T20:13:19","guid":{"rendered":"https:\/\/caffeonline.ch\/produkt\/gimoka-capsule-vellutato-100-arabica\/"},"modified":"2026-01-26T16:32:25","modified_gmt":"2026-01-26T15:32:25","slug":"gimoka-capsule-vellutato-100-arabica","status":"publish","type":"product","link":"https:\/\/caffeonline.aclas.io\/it\/produkt\/gimoka-capsule-vellutato-100-arabica\/","title":{"rendered":"Gimoka &#8211; Capsule Vellutato 100% Arabica"},"content":{"rendered":"","protected":false},"excerpt":{"rendered":"<p>Una <strong>miscela di Arabica<\/strong> selezionata che crea un caff\u00e8 dal sapore rotondo, caratterizzato da deliziose note di cioccolato e frutta. L&#8217;intensit\u00e0 della tostatura garantisce un caff\u00e8 corposo e una crema densa.<\/p>\n<p><strong>Intensit\u00e0: 8<\/strong><\/p>\n","protected":false},"featured_media":11029,"comment_status":"open","ping_status":"closed","template":"","meta":{"_relevanssi_hide_post":"","_relevanssi_hide_content":"","_relevanssi_pin_for_all":"","_relevanssi_pin_keywords":"","_relevanssi_unpin_keywords":"","_relevanssi_related_keywords":"","_relevanssi_related_include_ids":"","_relevanssi_related_exclude_ids":"","_relevanssi_related_no_append":"","_relevanssi_related_not_related":"","_relevanssi_related_posts":"","_relevanssi_noindex_reason":""},"product_brand":[],"product_cat":[344,349],"product_tag":[],"class_list":{"0":"post-14086","1":"product","2":"type-product","3":"status-publish","4":"has-post-thumbnail","6":"product_cat-capsule","7":"product_cat-sistema-nespresso-pro","8":"pa_brand-gimoka-it","9":"has-subscription-plans","11":"first","12":"instock","13":"taxable","14":"shipping-taxable","15":"purchasable","16":"product-type-simple"},"batches":[{"id":"1094","date_created":"2024-11-27 18:39:49","date_expiry":"2026-04-30 00:00:00","user_id":"559","batch_number":"","supplier":"","location":"","quantity":"12.0000","quantity_available":"0.0000","units":"1","status":"archived","order_ids":"[132546602]","po":null},{"id":"1525","date_created":"2025-02-11 17:00:33","date_expiry":"2026-12-15 00:00:00","user_id":"559","batch_number":"","supplier":"","location":"","quantity":"6.0000","quantity_available":"0.0000","units":"1","status":"archived","order_ids":"[132546713]","po":null},{"id":"1581","date_created":"2025-02-19 10:03:48","date_expiry":"2026-04-22 00:00:00","user_id":"559","batch_number":"","supplier":"","location":"","quantity":"12.0000","quantity_available":"0.0000","units":"1","status":"archived","order_ids":"[132547020]","po":null},{"id":"1638","date_created":"2025-03-06 14:35:13","date_expiry":"2026-04-22 00:00:00","user_id":"559","batch_number":"","supplier":"","location":"","quantity":"12.0000","quantity_available":"0.0000","units":"1","status":"archived","order_ids":"[132547438,132547595,132547732]","po":null},{"id":"1843","date_created":"2025-04-27 20:30:36","date_expiry":"2026-11-06 00:00:00","user_id":"559","batch_number":"","supplier":"","location":"","quantity":"24.0000","quantity_available":"0.0000","units":"1","status":"archived","order_ids":"[132548202,132548330,132549242,132549258]","po":null},{"id":"1881","date_created":"2025-05-07 14:24:58","date_expiry":"2026-11-06 00:00:00","user_id":"559","batch_number":"","supplier":"","location":"","quantity":"12.0000","quantity_available":"0.0000","units":"1","status":"archived","order_ids":"[132549258]","po":null},{"id":"1942","date_created":"2025-05-21 16:35:12","date_expiry":"2026-11-06 00:00:00","user_id":"559","batch_number":"","supplier":"","location":"","quantity":"12.0000","quantity_available":"0.0000","units":"1","status":"archived","order_ids":"[132549604,132549852]","po":null},{"id":"2067","date_created":"2025-06-19 15:25:02","date_expiry":"2027-04-16 00:00:00","user_id":"2","batch_number":"","supplier":"","location":"","quantity":"12.0000","quantity_available":"0.0000","units":"1","status":"archived","order_ids":"[132550176]","po":null},{"id":"2299","date_created":"2025-08-27 17:17:43","date_expiry":"2027-04-16 00:00:00","user_id":"2","batch_number":"","supplier":"","location":"","quantity":"18.0000","quantity_available":"0.0000","units":"1","status":"archived","order_ids":"[132551117,132551135,132551304,132551322,132551769]","po":null},{"id":"2474","date_created":"2025-10-09 07:02:27","date_expiry":"2027-04-16 00:00:00","user_id":"2","batch_number":"","supplier":"","location":"","quantity":"12.0000","quantity_available":"0.0000","units":"1","status":"archived","order_ids":"[]","po":null},{"id":"2681","date_created":"2025-11-07 18:00:32","date_expiry":"2027-04-16 00:00:00","user_id":"2","batch_number":"","supplier":"","location":"","quantity":"18.0000","quantity_available":"0.0000","units":"1","status":"archived","order_ids":"[132552126,132552343]","po":null},{"id":"2756","date_created":"2025-11-25 10:31:55","date_expiry":"2027-04-16 00:00:00","user_id":"2","batch_number":"","supplier":"","location":"","quantity":"18.0000","quantity_available":"3.0000","units":"1","status":"active","order_ids":"[132552343,132552933,132553076,132553169,132553608]","po":null},{"id":"2852","date_created":"2025-12-12 16:57:20","date_expiry":"2027-07-30 00:00:00","user_id":"2","batch_number":"","supplier":"","location":"","quantity":"18.0000","quantity_available":"18.0000","units":"1","status":"active","order_ids":null,"po":null}],"_links":{"self":[{"href":"https:\/\/caffeonline.aclas.io\/it\/wp-json\/wp\/v2\/product\/14086","targetHints":{"allow":["GET"]}}],"collection":[{"href":"https:\/\/caffeonline.aclas.io\/it\/wp-json\/wp\/v2\/product"}],"about":[{"href":"https:\/\/caffeonline.aclas.io\/it\/wp-json\/wp\/v2\/types\/product"}],"replies":[{"embeddable":true,"href":"https:\/\/caffeonline.aclas.io\/it\/wp-json\/wp\/v2\/comments?post=14086"}],"wp:featuredmedia":[{"embeddable":true,"href":"https:\/\/caffeonline.aclas.io\/it\/wp-json\/wp\/v2\/media\/11029"}],"wp:attachment":[{"href":"https:\/\/caffeonline.aclas.io\/it\/wp-json\/wp\/v2\/media?parent=14086"}],"wp:term":[{"taxonomy":"product_brand","embeddable":true,"href":"https:\/\/caffeonline.aclas.io\/it\/wp-json\/wp\/v2\/product_brand?post=14086"},{"taxonomy":"product_cat","embeddable":true,"href":"https:\/\/caffeonline.aclas.io\/it\/wp-json\/wp\/v2\/product_cat?post=14086"},{"taxonomy":"product_tag","embeddable":true,"href":"https:\/\/caffeonline.aclas.io\/it\/wp-json\/wp\/v2\/product_tag?post=14086"}],"curies":[{"name":"wp","href":"https:\/\/api.w.org\/{rel}","templated":true}]}}