{"id":14074,"date":"2024-04-10T22:13:23","date_gmt":"2024-04-10T20:13:23","guid":{"rendered":"https:\/\/caffeonline.ch\/produkt\/tostini-caffe-caffe-in-grani-max\/"},"modified":"2024-09-05T16:23:26","modified_gmt":"2024-09-05T14:23:26","slug":"tostini-caffe-caffe-in-grani-max","status":"publish","type":"product","link":"https:\/\/caffeonline.aclas.io\/it\/produkt\/tostini-caffe-caffe-in-grani-max\/","title":{"rendered":"Tostini Caff\u00e8 &#8211; Caff\u00e8 in grani Max"},"content":{"rendered":"","protected":false},"excerpt":{"rendered":"<p>La miscela di caff\u00e8 Max \u00e8 composta da grani di arabica accuratamente selezionati. Questa miscela offre un caff\u00e8 raffinato con una piacevole acidit\u00e0, accompagnata da un trionfo di aromi dolci. Perfetto per gli amanti del gusto fine e della piacevole acidit\u00e0, accentuata da una ricchezza di aromi dolci.<\/p>\n<ul>\n<li><strong>Note di gusto:<\/strong> Frutta matura, miele, cacao e fiori<\/li>\n<li><strong>Tostatura:<\/strong> 4\/5<\/li>\n<li><strong>Aroma:<\/strong> 5\/5<\/li>\n<li><strong>Corposit\u00e0:<\/strong> 3\/5<\/li>\n<\/ul>\n<p>Ideale per chi vuole gustare un caff\u00e8 raffinato e aromatico, con una piacevole acidit\u00e0 e aromi dolci.<\/p>\n","protected":false},"featured_media":11075,"comment_status":"open","ping_status":"open","template":"","meta":{"_relevanssi_hide_post":"","_relevanssi_hide_content":"","_relevanssi_pin_for_all":"","_relevanssi_pin_keywords":"","_relevanssi_unpin_keywords":"","_relevanssi_related_keywords":"","_relevanssi_related_include_ids":"","_relevanssi_related_exclude_ids":"","_relevanssi_related_no_append":"","_relevanssi_related_not_related":"","_relevanssi_related_posts":"","_relevanssi_noindex_reason":""},"product_brand":[],"product_cat":[340],"product_tag":[],"class_list":{"0":"post-14074","1":"product","2":"type-product","3":"status-publish","4":"has-post-thumbnail","6":"product_cat-caffe-in-grani","7":"pa_brand-tostini-caffe-it","8":"has-subscription-plans","10":"first","11":"outofstock","12":"taxable","13":"shipping-taxable","14":"purchasable","15":"product-type-simple"},"batches":[{"id":"2402","date_created":"2025-09-24 09:16:05","date_expiry":"2026-01-31 00:00:00","user_id":"2","batch_number":"","supplier":"","location":"","quantity":"6.0000","quantity_available":"6.0000","units":"1","status":"archived","order_ids":null,"po":null}],"_links":{"self":[{"href":"https:\/\/caffeonline.aclas.io\/it\/wp-json\/wp\/v2\/product\/14074","targetHints":{"allow":["GET"]}}],"collection":[{"href":"https:\/\/caffeonline.aclas.io\/it\/wp-json\/wp\/v2\/product"}],"about":[{"href":"https:\/\/caffeonline.aclas.io\/it\/wp-json\/wp\/v2\/types\/product"}],"replies":[{"embeddable":true,"href":"https:\/\/caffeonline.aclas.io\/it\/wp-json\/wp\/v2\/comments?post=14074"}],"wp:featuredmedia":[{"embeddable":true,"href":"https:\/\/caffeonline.aclas.io\/it\/wp-json\/wp\/v2\/media\/11075"}],"wp:attachment":[{"href":"https:\/\/caffeonline.aclas.io\/it\/wp-json\/wp\/v2\/media?parent=14074"}],"wp:term":[{"taxonomy":"product_brand","embeddable":true,"href":"https:\/\/caffeonline.aclas.io\/it\/wp-json\/wp\/v2\/product_brand?post=14074"},{"taxonomy":"product_cat","embeddable":true,"href":"https:\/\/caffeonline.aclas.io\/it\/wp-json\/wp\/v2\/product_cat?post=14074"},{"taxonomy":"product_tag","embeddable":true,"href":"https:\/\/caffeonline.aclas.io\/it\/wp-json\/wp\/v2\/product_tag?post=14074"}],"curies":[{"name":"wp","href":"https:\/\/api.w.org\/{rel}","templated":true}]}}