{"id":14072,"date":"2024-04-10T22:13:33","date_gmt":"2024-04-10T20:13:33","guid":{"rendered":"https:\/\/caffeonline.ch\/produkt\/tostini-caffe-caffe-macinato-essence-blue\/"},"modified":"2025-02-07T22:35:55","modified_gmt":"2025-02-07T21:35:55","slug":"tostini-caffe-caffe-macinato-essence-blue","status":"publish","type":"product","link":"https:\/\/caffeonline.aclas.io\/it\/produkt\/tostini-caffe-caffe-macinato-essence-blue\/","title":{"rendered":"Tostini Caff\u00e8 &#8211; Caff\u00e8 macinato Essence Blue"},"content":{"rendered":"","protected":false},"excerpt":{"rendered":"<p>Il caff\u00e8 macinato Essence Blue \u00e8 caratterizzato da una miscela di pregiati chicchi di Arabica e Robusta. Questa miscela conferisce al caff\u00e8 un sapore forte e deciso. L&#8217;esperienza di questa degustazione \u00e8 priva di acidit\u00e0 e ricorda il piacevole sapore di un denso budino al cioccolato.<\/p>\n<ul>\n<li><strong>Note di gusto:<\/strong> Budino al cioccolato<\/li>\n<li><strong>Tostatura:<\/strong> 5\/5<\/li>\n<li><strong>Aroma:<\/strong> 4\/5<\/li>\n<li><strong>Corposit\u00e0:<\/strong> 5\/5<\/li>\n<\/ul>\n<p>Ideale per chi vuole gustare un caff\u00e8 forte e aromatico senza acidit\u00e0.<\/p>\n","protected":false},"featured_media":11079,"comment_status":"open","ping_status":"closed","template":"","meta":{"_relevanssi_hide_post":"","_relevanssi_hide_content":"","_relevanssi_pin_for_all":"","_relevanssi_pin_keywords":"","_relevanssi_unpin_keywords":"","_relevanssi_related_keywords":"","_relevanssi_related_include_ids":"","_relevanssi_related_exclude_ids":"","_relevanssi_related_no_append":"","_relevanssi_related_not_related":"","_relevanssi_related_posts":"","_relevanssi_noindex_reason":""},"product_brand":[],"product_cat":[341],"product_tag":[],"class_list":{"0":"post-14072","1":"product","2":"type-product","3":"status-publish","4":"has-post-thumbnail","6":"product_cat-caffe-macinato","7":"pa_brand-tostini-caffe-it","8":"has-subscription-plans","10":"first","11":"outofstock","12":"taxable","13":"shipping-taxable","14":"purchasable","15":"product-type-simple"},"batches":[],"_links":{"self":[{"href":"https:\/\/caffeonline.aclas.io\/it\/wp-json\/wp\/v2\/product\/14072","targetHints":{"allow":["GET"]}}],"collection":[{"href":"https:\/\/caffeonline.aclas.io\/it\/wp-json\/wp\/v2\/product"}],"about":[{"href":"https:\/\/caffeonline.aclas.io\/it\/wp-json\/wp\/v2\/types\/product"}],"replies":[{"embeddable":true,"href":"https:\/\/caffeonline.aclas.io\/it\/wp-json\/wp\/v2\/comments?post=14072"}],"wp:featuredmedia":[{"embeddable":true,"href":"https:\/\/caffeonline.aclas.io\/it\/wp-json\/wp\/v2\/media\/11079"}],"wp:attachment":[{"href":"https:\/\/caffeonline.aclas.io\/it\/wp-json\/wp\/v2\/media?parent=14072"}],"wp:term":[{"taxonomy":"product_brand","embeddable":true,"href":"https:\/\/caffeonline.aclas.io\/it\/wp-json\/wp\/v2\/product_brand?post=14072"},{"taxonomy":"product_cat","embeddable":true,"href":"https:\/\/caffeonline.aclas.io\/it\/wp-json\/wp\/v2\/product_cat?post=14072"},{"taxonomy":"product_tag","embeddable":true,"href":"https:\/\/caffeonline.aclas.io\/it\/wp-json\/wp\/v2\/product_tag?post=14072"}],"curies":[{"name":"wp","href":"https:\/\/api.w.org\/{rel}","templated":true}]}}