{"id":14071,"date":"2024-04-10T22:13:33","date_gmt":"2024-04-10T20:13:33","guid":{"rendered":"https:\/\/caffeonline.ch\/produkt\/tostini-caffe-caffe-in-grani-cremoso\/"},"modified":"2025-11-13T07:10:46","modified_gmt":"2025-11-13T06:10:46","slug":"tostini-caffe-caffe-in-grani-cremoso","status":"publish","type":"product","link":"https:\/\/caffeonline.aclas.io\/it\/produkt\/tostini-caffe-caffe-in-grani-cremoso\/","title":{"rendered":"Tostini Caff\u00e8 &#8211; Caff\u00e8 in grani Cremoso"},"content":{"rendered":"","protected":false},"excerpt":{"rendered":"<div>\n<p>Il caff\u00e8 Cremoso in grani \u00e8 caratterizzato da una corposit\u00e0 decisa e intensa e da una crema compatta molto piacevole al palato. Concediti un momento di puro piacere con un caff\u00e8 che avvolge e coccola ogni palato.<\/p>\n<ul>\n<li><strong>Tostatura:<\/strong> 4\/5<\/li>\n<li><strong>Aroma:<\/strong> 5\/5<\/li>\n<li><strong>Corposit\u00e0:<\/strong> 5\/5<\/li>\n<\/ul>\n<p>Perfetto per chi vuole gustare un caff\u00e8 intenso e cremoso dall&#8217;aroma pieno.<\/p>\n<\/div>\n<div>\n<div>\n<div> <\/div>\n<\/div>\n<\/div>\n","protected":false},"featured_media":11081,"comment_status":"open","ping_status":"closed","template":"","meta":{"_relevanssi_hide_post":"","_relevanssi_hide_content":"","_relevanssi_pin_for_all":"","_relevanssi_pin_keywords":"","_relevanssi_unpin_keywords":"","_relevanssi_related_keywords":"","_relevanssi_related_include_ids":"","_relevanssi_related_exclude_ids":"","_relevanssi_related_no_append":"","_relevanssi_related_not_related":"","_relevanssi_related_posts":"","_relevanssi_noindex_reason":""},"product_brand":[],"product_cat":[340],"product_tag":[],"class_list":{"0":"post-14071","1":"product","2":"type-product","3":"status-publish","4":"has-post-thumbnail","6":"product_cat-caffe-in-grani","7":"pa_brand-tostini-caffe-it","8":"has-subscription-plans","10":"first","11":"outofstock","12":"taxable","13":"shipping-taxable","14":"purchasable","15":"product-type-simple"},"batches":[{"id":"2400","date_created":"2025-09-24 09:14:01","date_expiry":"2027-01-28 00:00:00","user_id":"2","batch_number":"","supplier":"","location":"","quantity":"18.0000","quantity_available":"0.0000","units":"1","status":"active","order_ids":"[132552079]","po":null}],"_links":{"self":[{"href":"https:\/\/caffeonline.aclas.io\/it\/wp-json\/wp\/v2\/product\/14071","targetHints":{"allow":["GET"]}}],"collection":[{"href":"https:\/\/caffeonline.aclas.io\/it\/wp-json\/wp\/v2\/product"}],"about":[{"href":"https:\/\/caffeonline.aclas.io\/it\/wp-json\/wp\/v2\/types\/product"}],"replies":[{"embeddable":true,"href":"https:\/\/caffeonline.aclas.io\/it\/wp-json\/wp\/v2\/comments?post=14071"}],"wp:featuredmedia":[{"embeddable":true,"href":"https:\/\/caffeonline.aclas.io\/it\/wp-json\/wp\/v2\/media\/11081"}],"wp:attachment":[{"href":"https:\/\/caffeonline.aclas.io\/it\/wp-json\/wp\/v2\/media?parent=14071"}],"wp:term":[{"taxonomy":"product_brand","embeddable":true,"href":"https:\/\/caffeonline.aclas.io\/it\/wp-json\/wp\/v2\/product_brand?post=14071"},{"taxonomy":"product_cat","embeddable":true,"href":"https:\/\/caffeonline.aclas.io\/it\/wp-json\/wp\/v2\/product_cat?post=14071"},{"taxonomy":"product_tag","embeddable":true,"href":"https:\/\/caffeonline.aclas.io\/it\/wp-json\/wp\/v2\/product_tag?post=14071"}],"curies":[{"name":"wp","href":"https:\/\/api.w.org\/{rel}","templated":true}]}}