{"id":14067,"date":"2024-04-10T22:13:26","date_gmt":"2024-04-10T20:13:26","guid":{"rendered":"https:\/\/caffeonline.ch\/produkt\/caffe-toraldo-caffe-in-grani-bar-verde-n30\/"},"modified":"2025-08-25T19:53:08","modified_gmt":"2025-08-25T17:53:08","slug":"caffe-toraldo-caffe-in-grani-bar-verde-n30","status":"publish","type":"product","link":"https:\/\/caffeonline.aclas.io\/it\/produkt\/caffe-toraldo-caffe-in-grani-bar-verde-n30\/","title":{"rendered":"Caff\u00e8 Toraldo &#8211; Caff\u00e8 in grani Bar Verde N\u00b030"},"content":{"rendered":"","protected":false},"excerpt":{"rendered":"<p><strong>Squisita combinazione di grani Arabica e Robusta in rapporto 70:30.<\/strong><\/p>\n<p>Un caff\u00e8 delicato ottenuto dall&#8217;attenta selezione delle qualit\u00e0 pi\u00f9 pregiate e ricercate.<\/p>\n","protected":false},"featured_media":11091,"comment_status":"open","ping_status":"closed","template":"","meta":{"_relevanssi_hide_post":"","_relevanssi_hide_content":"","_relevanssi_pin_for_all":"","_relevanssi_pin_keywords":"","_relevanssi_unpin_keywords":"","_relevanssi_related_keywords":"","_relevanssi_related_include_ids":"","_relevanssi_related_exclude_ids":"","_relevanssi_related_no_append":"","_relevanssi_related_not_related":"","_relevanssi_related_posts":"","_relevanssi_noindex_reason":""},"product_brand":[],"product_cat":[340],"product_tag":[],"class_list":{"0":"post-14067","1":"product","2":"type-product","3":"status-publish","4":"has-post-thumbnail","6":"product_cat-caffe-in-grani","7":"pa_brand-caffe-toraldo-it","8":"has-subscription-plans","10":"first","11":"instock","12":"sale","13":"taxable","14":"shipping-taxable","15":"purchasable","16":"product-type-simple"},"batches":[{"id":"133","date_created":"2024-03-09 08:31:08","date_expiry":"2026-06-30 00:00:00","user_id":"559","batch_number":"","supplier":"","location":"","quantity":"48.0000","quantity_available":"6.0000","units":"1","status":"active","order_ids":"[16028,16040,132548029,132548119,132549265,132549604,132549669,132549679,132549852,132550119,132550809,132550908,132550911,132551412,132551474,132551769,132551770,132552046]","po":null},{"id":"2801","date_created":"2025-12-06 12:39:57","date_expiry":"2026-06-29 00:00:00","user_id":"1","batch_number":"","supplier":"","location":"","quantity":"30.0000","quantity_available":"0.0000","units":"1","status":"archived","order_ids":"[132552406]","po":null},{"id":"3105","date_created":"2026-02-04 16:16:05","date_expiry":"2027-10-30 00:00:00","user_id":"2","batch_number":"","supplier":"","location":"","quantity":"30.0000","quantity_available":"30.0000","units":"1","status":"active","order_ids":null,"po":null}],"_links":{"self":[{"href":"https:\/\/caffeonline.aclas.io\/it\/wp-json\/wp\/v2\/product\/14067","targetHints":{"allow":["GET"]}}],"collection":[{"href":"https:\/\/caffeonline.aclas.io\/it\/wp-json\/wp\/v2\/product"}],"about":[{"href":"https:\/\/caffeonline.aclas.io\/it\/wp-json\/wp\/v2\/types\/product"}],"replies":[{"embeddable":true,"href":"https:\/\/caffeonline.aclas.io\/it\/wp-json\/wp\/v2\/comments?post=14067"}],"wp:featuredmedia":[{"embeddable":true,"href":"https:\/\/caffeonline.aclas.io\/it\/wp-json\/wp\/v2\/media\/11091"}],"wp:attachment":[{"href":"https:\/\/caffeonline.aclas.io\/it\/wp-json\/wp\/v2\/media?parent=14067"}],"wp:term":[{"taxonomy":"product_brand","embeddable":true,"href":"https:\/\/caffeonline.aclas.io\/it\/wp-json\/wp\/v2\/product_brand?post=14067"},{"taxonomy":"product_cat","embeddable":true,"href":"https:\/\/caffeonline.aclas.io\/it\/wp-json\/wp\/v2\/product_cat?post=14067"},{"taxonomy":"product_tag","embeddable":true,"href":"https:\/\/caffeonline.aclas.io\/it\/wp-json\/wp\/v2\/product_tag?post=14067"}],"curies":[{"name":"wp","href":"https:\/\/api.w.org\/{rel}","templated":true}]}}