{"id":14064,"date":"2024-04-10T22:13:27","date_gmt":"2024-04-10T20:13:27","guid":{"rendered":"https:\/\/caffeonline.ch\/produkt\/caffe-toraldo-caffe-in-grani-origini\/"},"modified":"2026-03-05T19:19:45","modified_gmt":"2026-03-05T18:19:45","slug":"caffe-toraldo-caffe-in-grani-origini","status":"publish","type":"product","link":"https:\/\/caffeonline.aclas.io\/it\/produkt\/caffe-toraldo-caffe-in-grani-origini\/","title":{"rendered":"Caff\u00e8 Toraldo &#8211; Caff\u00e8 in grani Origini"},"content":{"rendered":"","protected":false},"excerpt":{"rendered":"<p>Immergiti nel mondo del caff\u00e8 italiano con <strong>Caff\u00e8 Toraldo Origini<\/strong>, una miscela che \u00e8 sinonimo di eccellenza. Questa squisita miscela di <strong>caff\u00e8 in grani selezionati e di alta qualit\u00e0<\/strong> \u00e8 stata magistralmente bilanciata per offrire un espresso perfetto preparato secondo la migliore tradizione di torrefazione italiana.<\/p>\n<p>Il sapore di <strong>Origini<\/strong> \u00e8 una delizia per i sensi: dolce e aromatico, cremoso e morbido allo stesso tempo. Ogni sorso racconta la passione e la raffinatezza che si celano dietro la produzione di un autentico caff\u00e8 italiano.<\/p>\n<p>Ideale per tutti coloro che vogliono arricchire la propria giornata con un momento di puro piacere, a casa, in ufficio o nella ristorazione. <strong>Caff\u00e8 Toraldo Origini<\/strong> \u00e8 la scelta perfetta per gli amanti del caff\u00e8 che apprezzano la qualit\u00e0 e l&#8217;autenticit\u00e0.<\/p>\n<p>Ordina ora e prova l&#8217;incomparabile sapore dell&#8217;arte del caff\u00e8 italiano!<\/p>\n","protected":false},"featured_media":11097,"comment_status":"open","ping_status":"closed","template":"","meta":{"_relevanssi_hide_post":"","_relevanssi_hide_content":"","_relevanssi_pin_for_all":"","_relevanssi_pin_keywords":"","_relevanssi_unpin_keywords":"","_relevanssi_related_keywords":"","_relevanssi_related_include_ids":"","_relevanssi_related_exclude_ids":"","_relevanssi_related_no_append":"","_relevanssi_related_not_related":"","_relevanssi_related_posts":"","_relevanssi_noindex_reason":""},"product_brand":[],"product_cat":[340],"product_tag":[],"class_list":{"0":"post-14064","1":"product","2":"type-product","3":"status-publish","4":"has-post-thumbnail","6":"product_cat-caffe-in-grani","7":"pa_brand-caffe-toraldo-it","8":"has-subscription-plans","10":"first","11":"instock","12":"sale","13":"taxable","14":"shipping-taxable","15":"purchasable","16":"product-type-variable"},"batches":[],"_links":{"self":[{"href":"https:\/\/caffeonline.aclas.io\/it\/wp-json\/wp\/v2\/product\/14064","targetHints":{"allow":["GET"]}}],"collection":[{"href":"https:\/\/caffeonline.aclas.io\/it\/wp-json\/wp\/v2\/product"}],"about":[{"href":"https:\/\/caffeonline.aclas.io\/it\/wp-json\/wp\/v2\/types\/product"}],"replies":[{"embeddable":true,"href":"https:\/\/caffeonline.aclas.io\/it\/wp-json\/wp\/v2\/comments?post=14064"}],"wp:featuredmedia":[{"embeddable":true,"href":"https:\/\/caffeonline.aclas.io\/it\/wp-json\/wp\/v2\/media\/11097"}],"wp:attachment":[{"href":"https:\/\/caffeonline.aclas.io\/it\/wp-json\/wp\/v2\/media?parent=14064"}],"wp:term":[{"taxonomy":"product_brand","embeddable":true,"href":"https:\/\/caffeonline.aclas.io\/it\/wp-json\/wp\/v2\/product_brand?post=14064"},{"taxonomy":"product_cat","embeddable":true,"href":"https:\/\/caffeonline.aclas.io\/it\/wp-json\/wp\/v2\/product_cat?post=14064"},{"taxonomy":"product_tag","embeddable":true,"href":"https:\/\/caffeonline.aclas.io\/it\/wp-json\/wp\/v2\/product_tag?post=14064"}],"curies":[{"name":"wp","href":"https:\/\/api.w.org\/{rel}","templated":true}]}}