{"id":14002,"date":"2024-04-10T22:13:25","date_gmt":"2024-04-10T20:13:25","guid":{"rendered":"https:\/\/caffeonline.ch\/produkt\/caffe-passalacqua-capsule-elmir\/"},"modified":"2025-08-27T15:45:04","modified_gmt":"2025-08-27T13:45:04","slug":"caffe-passalacqua-capsule-elmir","status":"publish","type":"product","link":"https:\/\/caffeonline.aclas.io\/it\/produkt\/caffe-passalacqua-capsule-elmir\/","title":{"rendered":"Caff\u00e8 Passalacqua &#8211; Capsule Elmir"},"content":{"rendered":"","protected":false},"excerpt":{"rendered":"<p><strong>Alta percentuale di grani Robusta<\/strong><\/p>\n<p>Questo espresso \u00e8 caratterizzato da un elevato contenuto di Robusta (70%), che si traduce in una crema ricca e nocciola. Proprio come dovrebbe essere un tipico espresso napoletano. I grani sono selezionati con la massima cura e provengono da tre diversi paesi di origine. Grazie alla tostatura tipica del sud Italia, l&#8217;espresso ha un&#8217;acidit\u00e0 molto bassa. Quindi nulla ostacola il piacere del caff\u00e8. Elmir Espresso \u00e8 ideale come base per il cappuccino o il latte macchiato.<\/p>\n","protected":false},"featured_media":13334,"comment_status":"open","ping_status":"closed","template":"","meta":{"_relevanssi_hide_post":"","_relevanssi_hide_content":"","_relevanssi_pin_for_all":"","_relevanssi_pin_keywords":"","_relevanssi_unpin_keywords":"","_relevanssi_related_keywords":"","_relevanssi_related_include_ids":"","_relevanssi_related_exclude_ids":"","_relevanssi_related_no_append":"","_relevanssi_related_not_related":"","_relevanssi_related_posts":"","_relevanssi_noindex_reason":""},"product_brand":[],"product_cat":[344,560,350],"product_tag":[],"class_list":{"0":"post-14002","1":"product","2":"type-product","3":"status-publish","4":"has-post-thumbnail","6":"product_cat-capsule","7":"product_cat-offerte-speciali","8":"product_cat-sistema-nespresso","9":"pa_brand-caffe-passalacqua-it","10":"has-subscription-plans","12":"first","13":"instock","14":"taxable","15":"shipping-taxable","16":"purchasable","17":"product-type-simple"},"batches":[{"id":"291","date_created":"2024-03-13 07:50:17","date_expiry":"2026-06-30 00:00:00","user_id":"559","batch_number":"","supplier":"","location":"","quantity":"20.0000","quantity_available":"0.0000","units":"1","status":"archived","order_ids":"[14450,15187,15714,15789,15822,17166,132546187,132546240,132546937,132547057,132547813,132547820,132547825,132548323,132549231,132549299,132549386,132549537,132550041,132550176,132550193,132550220,132550296,132550809,132550822,132550930,132551235,132551354,132551359]","po":null},{"id":"2648","date_created":"2025-10-31 16:24:38","date_expiry":"2026-06-30 00:00:00","user_id":"2","batch_number":"","supplier":"","location":"","quantity":"2.0000","quantity_available":"0.0000","units":"1","status":"archived","order_ids":"[132552266]","po":null},{"id":"3178","date_created":"2026-02-12 15:41:37","date_expiry":"2027-12-31 00:00:00","user_id":"2","batch_number":"","supplier":"","location":"","quantity":"5.0000","quantity_available":"4.0000","units":"1","status":"active","order_ids":"[132554465]","po":null}],"_links":{"self":[{"href":"https:\/\/caffeonline.aclas.io\/it\/wp-json\/wp\/v2\/product\/14002","targetHints":{"allow":["GET"]}}],"collection":[{"href":"https:\/\/caffeonline.aclas.io\/it\/wp-json\/wp\/v2\/product"}],"about":[{"href":"https:\/\/caffeonline.aclas.io\/it\/wp-json\/wp\/v2\/types\/product"}],"replies":[{"embeddable":true,"href":"https:\/\/caffeonline.aclas.io\/it\/wp-json\/wp\/v2\/comments?post=14002"}],"wp:featuredmedia":[{"embeddable":true,"href":"https:\/\/caffeonline.aclas.io\/it\/wp-json\/wp\/v2\/media\/13334"}],"wp:attachment":[{"href":"https:\/\/caffeonline.aclas.io\/it\/wp-json\/wp\/v2\/media?parent=14002"}],"wp:term":[{"taxonomy":"product_brand","embeddable":true,"href":"https:\/\/caffeonline.aclas.io\/it\/wp-json\/wp\/v2\/product_brand?post=14002"},{"taxonomy":"product_cat","embeddable":true,"href":"https:\/\/caffeonline.aclas.io\/it\/wp-json\/wp\/v2\/product_cat?post=14002"},{"taxonomy":"product_tag","embeddable":true,"href":"https:\/\/caffeonline.aclas.io\/it\/wp-json\/wp\/v2\/product_tag?post=14002"}],"curies":[{"name":"wp","href":"https:\/\/api.w.org\/{rel}","templated":true}]}}