{"id":13990,"date":"2024-04-10T22:13:43","date_gmt":"2024-04-10T20:13:43","guid":{"rendered":"https:\/\/caffeonline.ch\/produkt\/tostini-caffe-cialde-ese-dark-espresso\/"},"modified":"2025-02-07T22:41:46","modified_gmt":"2025-02-07T21:41:46","slug":"tostini-caffe-cialde-ese-dark-espresso","status":"publish","type":"product","link":"https:\/\/caffeonline.aclas.io\/it\/produkt\/tostini-caffe-cialde-ese-dark-espresso\/","title":{"rendered":"Tostini Caff\u00e8 &#8211; Cialde ESE Dark Espresso"},"content":{"rendered":"","protected":false},"excerpt":{"rendered":"<p>Dark Espresso in cialde \u00e8 composto da una miscela di arabica dal sapore morbido e dolce. Questo caff\u00e8 \u00e8 bilanciato da un aroma piacevole, intenso e fragrante che ricorda i fiori e la frutta. L&#8217;aroma di questo caff\u00e8 \u00e8 avvolgente e offre un&#8217;esperienza sensoriale unica e completa.<\/p>\n<ul>\n<li><strong>Miscela:<\/strong> 100% Arabica<\/li>\n<li><strong>Note di gusto:<\/strong> Fiori e frutta<\/li>\n<li><strong>Tostatura:<\/strong> 4\/5<\/li>\n<li><strong>Aroma:<\/strong> 5\/5<\/li>\n<li><strong>Corposit\u00e0:<\/strong> 4\/5<\/li>\n<\/ul>\n<p>Ideale per chi vuole gustare un espresso morbido e aromatico con un aroma intenso e floreale.<\/p>\n","protected":false},"featured_media":11157,"comment_status":"open","ping_status":"open","template":"","meta":{"_relevanssi_hide_post":"","_relevanssi_hide_content":"","_relevanssi_pin_for_all":"","_relevanssi_pin_keywords":"","_relevanssi_unpin_keywords":"","_relevanssi_related_keywords":"","_relevanssi_related_include_ids":"","_relevanssi_related_exclude_ids":"","_relevanssi_related_no_append":"","_relevanssi_related_not_related":"","_relevanssi_related_posts":"","_relevanssi_noindex_reason":""},"product_brand":[],"product_cat":[338],"product_tag":[],"class_list":{"0":"post-13990","1":"product","2":"type-product","3":"status-publish","4":"has-post-thumbnail","6":"product_cat-cialde-ese","7":"pa_brand-tostini-caffe-it","8":"has-subscription-plans","10":"first","11":"outofstock","12":"taxable","13":"shipping-taxable","14":"purchasable","15":"product-type-simple"},"batches":[],"_links":{"self":[{"href":"https:\/\/caffeonline.aclas.io\/it\/wp-json\/wp\/v2\/product\/13990","targetHints":{"allow":["GET"]}}],"collection":[{"href":"https:\/\/caffeonline.aclas.io\/it\/wp-json\/wp\/v2\/product"}],"about":[{"href":"https:\/\/caffeonline.aclas.io\/it\/wp-json\/wp\/v2\/types\/product"}],"replies":[{"embeddable":true,"href":"https:\/\/caffeonline.aclas.io\/it\/wp-json\/wp\/v2\/comments?post=13990"}],"wp:featuredmedia":[{"embeddable":true,"href":"https:\/\/caffeonline.aclas.io\/it\/wp-json\/wp\/v2\/media\/11157"}],"wp:attachment":[{"href":"https:\/\/caffeonline.aclas.io\/it\/wp-json\/wp\/v2\/media?parent=13990"}],"wp:term":[{"taxonomy":"product_brand","embeddable":true,"href":"https:\/\/caffeonline.aclas.io\/it\/wp-json\/wp\/v2\/product_brand?post=13990"},{"taxonomy":"product_cat","embeddable":true,"href":"https:\/\/caffeonline.aclas.io\/it\/wp-json\/wp\/v2\/product_cat?post=13990"},{"taxonomy":"product_tag","embeddable":true,"href":"https:\/\/caffeonline.aclas.io\/it\/wp-json\/wp\/v2\/product_tag?post=13990"}],"curies":[{"name":"wp","href":"https:\/\/api.w.org\/{rel}","templated":true}]}}