{"id":13977,"date":"2024-04-10T22:13:23","date_gmt":"2024-04-10T20:13:23","guid":{"rendered":"https:\/\/caffeonline.ch\/produkt\/kimbo-cialde-ese-pompei\/"},"modified":"2025-09-23T05:19:25","modified_gmt":"2025-09-23T03:19:25","slug":"kimbo-cialde-ese-pompei","status":"publish","type":"product","link":"https:\/\/caffeonline.aclas.io\/it\/produkt\/kimbo-cialde-ese-pompei\/","title":{"rendered":"Kimbo &#8211; Cialde ESE Pompei"},"content":{"rendered":"","protected":false},"excerpt":{"rendered":"<div class=\"flex-1 overflow-hidden\">\n<div class=\"react-scroll-to-bottom--css-gtfmb-79elbk h-full\">\n<div class=\"react-scroll-to-bottom--css-gtfmb-1n7m0yu\">\n<div class=\"flex flex-col text-sm pb-9\">\n<div class=\"w-full text-token-text-primary\" dir=\"auto\" data-testid=\"conversation-turn-47\" data-scroll-anchor=\"true\">\n<div class=\"py-2 px-3 text-base md:px-4 m-auto md:px-5 lg:px-1 xl:px-5\">\n<div class=\"mx-auto flex flex-1 gap-3 text-base juice:gap-4 juice:md:gap-6 md:max-w-3xl lg:max-w-[40rem] xl:max-w-[48rem]\">\n<div class=\"relative flex w-full min-w-0 flex-col agent-turn\">\n<div class=\"flex-col gap-1 md:gap-3\">\n<div class=\"flex flex-grow flex-col max-w-full\">\n<div class=\"min-h-[20px] text-message flex flex-col items-start whitespace-pre-wrap break-words [.text-message+&amp;]:mt-5 juice:w-full juice:items-end overflow-x-auto gap-3\" dir=\"auto\" data-message-author-role=\"assistant\" data-message-id=\"a625d488-2599-49e5-b622-8907f98176c8\">\n<div class=\"markdown prose w-full break-words dark:prose-invert light\">\n<ul>\n<li><strong>Intensit\u00e0 forte:<\/strong> una miscela potente per un caff\u00e8 che regge il confronto.<\/li>\n<li><strong>Aroma persistente:<\/strong> aroma che rimane piacevolmente in bocca per un retrogusto di lunga durata.<\/li>\n<li><strong>Tostatura scura:<\/strong> enfatizza le note di cioccolato fondente e spezie.<\/li>\n<li>La <strong>qualit\u00e0 Kimbo:<\/strong> una garanzia di eccellenza e tradizione nel mondo del caff\u00e8.<\/li>\n<\/ul>\n<p>Scopri la qualit\u00e0 senza tempo del caff\u00e8 Kimbo con la nostra esclusiva miscela Kimbo Pompei. Questo caff\u00e8 si distingue per il suo carattere forte e deciso, un vero trionfo di aromi che seduce fin dall&#8217;inizio. Ogni tazza offre un&#8217;esplosione di sapori unici e duraturi che garantiscono un&#8217;esperienza sensoriale incomparabile.<\/p>\n<p>La miscela Kimbo Pompei \u00e8 stata accuratamente selezionata e messa insieme per chi cerca un caff\u00e8 dal profilo aromatico intenso e ricco di aromi che si conservano a lungo nella memoria. La tostatura scura enfatizza le note aromatiche del cioccolato extra-dark e delle spezie, creando una sinfonia di aromi intensi. Ideale per iniziare la giornata pieni di energia o per una pausa di pieno piacere, Kimbo Pompei \u00e8 la scelta perfetta per gli amanti del caff\u00e8 che non si accontentano e sono sempre alla ricerca del meglio.<\/p>\n<p>Assapora l&#8217;essenza della tradizione del caff\u00e8 napoletano con Kimbo Pompei, dove ogni sorso racconta una storia di passione e devozione.<\/p>\n<\/div>\n<\/div>\n<\/div>\n<\/div>\n<\/div>\n<\/div>\n<\/div>\n<\/div>\n<\/div>\n<\/div>\n<\/div>\n<\/div>\n","protected":false},"featured_media":11231,"comment_status":"open","ping_status":"closed","template":"","meta":{"_relevanssi_hide_post":"","_relevanssi_hide_content":"","_relevanssi_pin_for_all":"","_relevanssi_pin_keywords":"","_relevanssi_unpin_keywords":"","_relevanssi_related_keywords":"","_relevanssi_related_include_ids":"","_relevanssi_related_exclude_ids":"","_relevanssi_related_no_append":"","_relevanssi_related_not_related":"","_relevanssi_related_posts":"","_relevanssi_noindex_reason":""},"product_brand":[],"product_cat":[338],"product_tag":[],"class_list":{"0":"post-13977","1":"product","2":"type-product","3":"status-publish","4":"has-post-thumbnail","6":"product_cat-cialde-ese","7":"pa_brand-kimbo-it","8":"has-subscription-plans","10":"first","11":"instock","12":"sale","13":"taxable","14":"shipping-taxable","15":"purchasable","16":"product-type-variable"},"batches":[],"_links":{"self":[{"href":"https:\/\/caffeonline.aclas.io\/it\/wp-json\/wp\/v2\/product\/13977","targetHints":{"allow":["GET"]}}],"collection":[{"href":"https:\/\/caffeonline.aclas.io\/it\/wp-json\/wp\/v2\/product"}],"about":[{"href":"https:\/\/caffeonline.aclas.io\/it\/wp-json\/wp\/v2\/types\/product"}],"replies":[{"embeddable":true,"href":"https:\/\/caffeonline.aclas.io\/it\/wp-json\/wp\/v2\/comments?post=13977"}],"wp:featuredmedia":[{"embeddable":true,"href":"https:\/\/caffeonline.aclas.io\/it\/wp-json\/wp\/v2\/media\/11231"}],"wp:attachment":[{"href":"https:\/\/caffeonline.aclas.io\/it\/wp-json\/wp\/v2\/media?parent=13977"}],"wp:term":[{"taxonomy":"product_brand","embeddable":true,"href":"https:\/\/caffeonline.aclas.io\/it\/wp-json\/wp\/v2\/product_brand?post=13977"},{"taxonomy":"product_cat","embeddable":true,"href":"https:\/\/caffeonline.aclas.io\/it\/wp-json\/wp\/v2\/product_cat?post=13977"},{"taxonomy":"product_tag","embeddable":true,"href":"https:\/\/caffeonline.aclas.io\/it\/wp-json\/wp\/v2\/product_tag?post=13977"}],"curies":[{"name":"wp","href":"https:\/\/api.w.org\/{rel}","templated":true}]}}