{"id":13951,"date":"2024-04-10T22:13:29","date_gmt":"2024-04-10T20:13:29","guid":{"rendered":"https:\/\/caffeonline.ch\/?post_type=product&#038;p=13951"},"modified":"2025-01-21T16:14:34","modified_gmt":"2025-01-21T15:14:34","slug":"lavazza-caffe-in-grani-qualita-oro-100-arabica","status":"publish","type":"product","link":"https:\/\/caffeonline.aclas.io\/it\/produkt\/lavazza-caffe-in-grani-qualita-oro-100-arabica\/","title":{"rendered":"Lavazza &#8211; Caff\u00e8 in grani Qualit\u00e0 Oro 100% Arabica"},"content":{"rendered":"","protected":false},"excerpt":{"rendered":"<p>I <strong>chicchi di caff\u00e8 Lavazza Qualit\u00e0 Oro<\/strong> sono una combinazione di sei variet\u00e0 di Arabica provenienti dall&#8217;America centrale e meridionale. Offrono una perfetta sinfonia di sapori che puoi gustare ogni giorno, come \u00e8 consuetudine in ogni famiglia italiana.<\/p>\n<ul>\n<li><strong>Dolce e aromatico:<\/strong> un caff\u00e8 dal colore scuro e dalla consistenza vellutata, arricchito da note di frutta e fiori.<\/li>\n<li><strong>Vista:<\/strong> Colore scuro<\/li>\n<li><strong>Aroma:<\/strong> Note fruttate e floreali<\/li>\n<li><strong>Sapore:<\/strong> Consistenza vellutata<\/li>\n<li><strong>Note aromatiche:<\/strong> Frutta, fiori<\/li>\n<li><strong>Tostatura:<\/strong> Media<\/li>\n<li><strong>Composizione:<\/strong> 100% Arabica<\/li>\n<\/ul>\n<p>I grani di <strong>Qualit\u00e0 Oro<\/strong> sono ideali per chi cerca un caff\u00e8 equilibrato, ricco di aromi e dal sapore morbido e invitante. Perfetto per l&#8217;inizio di ogni giornata o come piacevole pausa in qualsiasi momento.<\/p>\n","protected":false},"featured_media":11319,"comment_status":"open","ping_status":"closed","template":"","meta":{"_relevanssi_hide_post":"","_relevanssi_hide_content":"","_relevanssi_pin_for_all":"","_relevanssi_pin_keywords":"","_relevanssi_unpin_keywords":"","_relevanssi_related_keywords":"","_relevanssi_related_include_ids":"","_relevanssi_related_exclude_ids":"","_relevanssi_related_no_append":"","_relevanssi_related_not_related":"","_relevanssi_related_posts":"","_relevanssi_noindex_reason":""},"product_brand":[],"product_cat":[340],"product_tag":[],"class_list":{"0":"post-13951","1":"product","2":"type-product","3":"status-publish","4":"has-post-thumbnail","6":"product_cat-caffe-in-grani","7":"pa_brand-lavazza-it","8":"has-subscription-plans","10":"first","11":"outofstock","12":"taxable","13":"shipping-taxable","14":"purchasable","15":"product-type-simple"},"batches":[{"id":"1364","date_created":"2025-01-21 15:14:11","date_expiry":"2026-05-30 00:00:00","user_id":"559","batch_number":"","supplier":"","location":"","quantity":"6.0000","quantity_available":"0.0000","units":"1","status":"archived","order_ids":"[132550035,132551610,132551670,132551969,132553297]","po":null}],"_links":{"self":[{"href":"https:\/\/caffeonline.aclas.io\/it\/wp-json\/wp\/v2\/product\/13951","targetHints":{"allow":["GET"]}}],"collection":[{"href":"https:\/\/caffeonline.aclas.io\/it\/wp-json\/wp\/v2\/product"}],"about":[{"href":"https:\/\/caffeonline.aclas.io\/it\/wp-json\/wp\/v2\/types\/product"}],"replies":[{"embeddable":true,"href":"https:\/\/caffeonline.aclas.io\/it\/wp-json\/wp\/v2\/comments?post=13951"}],"wp:featuredmedia":[{"embeddable":true,"href":"https:\/\/caffeonline.aclas.io\/it\/wp-json\/wp\/v2\/media\/11319"}],"wp:attachment":[{"href":"https:\/\/caffeonline.aclas.io\/it\/wp-json\/wp\/v2\/media?parent=13951"}],"wp:term":[{"taxonomy":"product_brand","embeddable":true,"href":"https:\/\/caffeonline.aclas.io\/it\/wp-json\/wp\/v2\/product_brand?post=13951"},{"taxonomy":"product_cat","embeddable":true,"href":"https:\/\/caffeonline.aclas.io\/it\/wp-json\/wp\/v2\/product_cat?post=13951"},{"taxonomy":"product_tag","embeddable":true,"href":"https:\/\/caffeonline.aclas.io\/it\/wp-json\/wp\/v2\/product_tag?post=13951"}],"curies":[{"name":"wp","href":"https:\/\/api.w.org\/{rel}","templated":true}]}}