{"id":13927,"date":"2024-04-10T22:13:23","date_gmt":"2024-04-10T20:13:23","guid":{"rendered":"https:\/\/caffeonline.ch\/produkt\/lavazza-a-modo-mio-jolie\/"},"modified":"2025-03-22T13:54:27","modified_gmt":"2025-03-22T12:54:27","slug":"lavazza-a-modo-mio-jolie","status":"publish","type":"product","link":"https:\/\/caffeonline.aclas.io\/it\/produkt\/lavazza-a-modo-mio-jolie\/","title":{"rendered":"Lavazza &#8211; A Modo Mio &#8211; Jolie"},"content":{"rendered":"","protected":false},"excerpt":{"rendered":"<p>La <strong>Jolie<\/strong> \u00e8 ideale per gustare un autentico caff\u00e8 italiano a casa. Il modello Lavazza A Modo Mio pi\u00f9 piccolo e silenzioso: con il suo design allegro, si adatta perfettamente a qualsiasi luogo.<\/p>\n<p><strong>Linee delicate, stile armonioso e colori vivaci: <\/strong>una macchina elegante progettata con grande attenzione ai dettagli. Jolie offre il design ideale per godersi il caff\u00e8 in pieno relax. La macchina \u00e8 dotata di un supporto per tazze rimovibile e di un pulsante di arresto\/avvio retroilluminato che ti permette di personalizzare le dimensioni della tua bevanda.<\/p>\n","protected":false},"featured_media":13324,"comment_status":"open","ping_status":"closed","template":"","meta":{"_relevanssi_hide_post":"","_relevanssi_hide_content":"","_relevanssi_pin_for_all":"","_relevanssi_pin_keywords":"","_relevanssi_unpin_keywords":"","_relevanssi_related_keywords":"","_relevanssi_related_include_ids":"","_relevanssi_related_exclude_ids":"","_relevanssi_related_no_append":"","_relevanssi_related_not_related":"","_relevanssi_related_posts":"","_relevanssi_noindex_reason":""},"product_brand":[],"product_cat":[425,342],"product_tag":[],"class_list":{"0":"post-13927","1":"product","2":"type-product","3":"status-publish","4":"has-post-thumbnail","6":"product_cat-lavazza-a-modo-mio","7":"product_cat-macchine-da-caffe","8":"pa_brand-lavazza-it","9":"pa_farbe-bianco","10":"pa_farbe-nero-it","11":"pa_farbe-rosso","12":"pa_kaffeemenge-arresto-manuale","13":"pa_leistung-1250-watt-it","14":"pa_pumpendruck-ca-15-bar-it","15":"pa_pumpentyp-pompa-a-vibrazione","16":"pa_stromversorgung-230v-it","17":"pa_wassertank-06-litri-di-acqua","19":"first","20":"outofstock","21":"sale","22":"taxable","23":"shipping-taxable","24":"purchasable","25":"product-type-variable"},"batches":[],"_links":{"self":[{"href":"https:\/\/caffeonline.aclas.io\/it\/wp-json\/wp\/v2\/product\/13927","targetHints":{"allow":["GET"]}}],"collection":[{"href":"https:\/\/caffeonline.aclas.io\/it\/wp-json\/wp\/v2\/product"}],"about":[{"href":"https:\/\/caffeonline.aclas.io\/it\/wp-json\/wp\/v2\/types\/product"}],"replies":[{"embeddable":true,"href":"https:\/\/caffeonline.aclas.io\/it\/wp-json\/wp\/v2\/comments?post=13927"}],"wp:featuredmedia":[{"embeddable":true,"href":"https:\/\/caffeonline.aclas.io\/it\/wp-json\/wp\/v2\/media\/13324"}],"wp:attachment":[{"href":"https:\/\/caffeonline.aclas.io\/it\/wp-json\/wp\/v2\/media?parent=13927"}],"wp:term":[{"taxonomy":"product_brand","embeddable":true,"href":"https:\/\/caffeonline.aclas.io\/it\/wp-json\/wp\/v2\/product_brand?post=13927"},{"taxonomy":"product_cat","embeddable":true,"href":"https:\/\/caffeonline.aclas.io\/it\/wp-json\/wp\/v2\/product_cat?post=13927"},{"taxonomy":"product_tag","embeddable":true,"href":"https:\/\/caffeonline.aclas.io\/it\/wp-json\/wp\/v2\/product_tag?post=13927"}],"curies":[{"name":"wp","href":"https:\/\/api.w.org\/{rel}","templated":true}]}}