{"id":13844,"date":"2024-04-10T22:13:37","date_gmt":"2024-04-10T20:13:37","guid":{"rendered":"https:\/\/caffeonline.ch\/produkt\/caffe-borbone-capsule-miscela-dek\/"},"modified":"2025-11-12T01:04:05","modified_gmt":"2025-11-12T00:04:05","slug":"caffe-borbone-capsule-miscela-dek","status":"publish","type":"product","link":"https:\/\/caffeonline.aclas.io\/it\/produkt\/caffe-borbone-capsule-miscela-dek\/","title":{"rendered":"Caff\u00e8 Borbone &#8211; Capsule Miscela Dek"},"content":{"rendered":"","protected":false},"excerpt":{"rendered":"<p><strong>Compatibile con le macchine Nespresso\u00ae* per uso domestico.<\/strong> <u>Miscela verde dek: decaffeinata e deliziosa.<\/u><\/p>\n<p>Le <strong>capsule compatibili Miscela Verde Dek Respresso <\/strong>sono la scelta migliore per chi ama il sapore e la cremosit\u00e0 dell&#8217;espresso, ma senza caffeina.<\/p>\n<p>Grazie alla tecnologia di Caff\u00e8 Borbone, puoi finalmente assaporare il gusto del pi\u00f9 autentico caff\u00e8 napoletano, anche nella versione decaffeinata.<\/p>\n","protected":false},"featured_media":13437,"comment_status":"open","ping_status":"closed","template":"","meta":{"_relevanssi_hide_post":"","_relevanssi_hide_content":"","_relevanssi_pin_for_all":"","_relevanssi_pin_keywords":"","_relevanssi_unpin_keywords":"","_relevanssi_related_keywords":"","_relevanssi_related_include_ids":"","_relevanssi_related_exclude_ids":"","_relevanssi_related_no_append":"","_relevanssi_related_not_related":"","_relevanssi_related_posts":"","_relevanssi_noindex_reason":""},"product_brand":[],"product_cat":[344,765,350],"product_tag":[],"class_list":{"0":"post-13844","1":"product","2":"type-product","3":"status-publish","4":"has-post-thumbnail","6":"product_cat-capsule","7":"product_cat-nogalaxus-it","8":"product_cat-sistema-nespresso","9":"pa_brand-caffe-borbone-it","10":"has-subscription-plans","12":"first","13":"instock","14":"sale","15":"taxable","16":"shipping-taxable","17":"purchasable","18":"product-type-variable"},"batches":[],"_links":{"self":[{"href":"https:\/\/caffeonline.aclas.io\/it\/wp-json\/wp\/v2\/product\/13844","targetHints":{"allow":["GET"]}}],"collection":[{"href":"https:\/\/caffeonline.aclas.io\/it\/wp-json\/wp\/v2\/product"}],"about":[{"href":"https:\/\/caffeonline.aclas.io\/it\/wp-json\/wp\/v2\/types\/product"}],"replies":[{"embeddable":true,"href":"https:\/\/caffeonline.aclas.io\/it\/wp-json\/wp\/v2\/comments?post=13844"}],"wp:featuredmedia":[{"embeddable":true,"href":"https:\/\/caffeonline.aclas.io\/it\/wp-json\/wp\/v2\/media\/13437"}],"wp:attachment":[{"href":"https:\/\/caffeonline.aclas.io\/it\/wp-json\/wp\/v2\/media?parent=13844"}],"wp:term":[{"taxonomy":"product_brand","embeddable":true,"href":"https:\/\/caffeonline.aclas.io\/it\/wp-json\/wp\/v2\/product_brand?post=13844"},{"taxonomy":"product_cat","embeddable":true,"href":"https:\/\/caffeonline.aclas.io\/it\/wp-json\/wp\/v2\/product_cat?post=13844"},{"taxonomy":"product_tag","embeddable":true,"href":"https:\/\/caffeonline.aclas.io\/it\/wp-json\/wp\/v2\/product_tag?post=13844"}],"curies":[{"name":"wp","href":"https:\/\/api.w.org\/{rel}","templated":true}]}}