{"id":13838,"date":"2024-04-10T22:13:37","date_gmt":"2024-04-10T20:13:37","guid":{"rendered":"https:\/\/caffeonline.ch\/produkt\/kimbo-capsule-capri\/"},"modified":"2026-01-30T15:54:18","modified_gmt":"2026-01-30T14:54:18","slug":"kimbo-capsule-capri","status":"publish","type":"product","link":"https:\/\/caffeonline.aclas.io\/it\/produkt\/kimbo-capsule-capri\/","title":{"rendered":"Kimbo &#8211; Capsule Capri"},"content":{"rendered":"","protected":false},"excerpt":{"rendered":"<div class=\"flex-1 overflow-hidden\">\n<div class=\"react-scroll-to-bottom--css-gtfmb-79elbk h-full\">\n<div class=\"react-scroll-to-bottom--css-gtfmb-1n7m0yu\">\n<div>\n<div class=\"flex flex-col text-sm pb-9\">\n<div class=\"w-full text-token-text-primary\" dir=\"auto\" data-testid=\"conversation-turn-53\" data-scroll-anchor=\"true\">\n<div class=\"py-2 px-3 text-base md:px-4 m-auto md:px-5 lg:px-1 xl:px-5\">\n<div class=\"mx-auto flex flex-1 gap-3 text-base juice:gap-4 juice:md:gap-6 md:max-w-3xl lg:max-w-[40rem] xl:max-w-[48rem]\">\n<div class=\"relative flex w-full min-w-0 flex-col agent-turn\">\n<div class=\"flex-col gap-1 md:gap-3\">\n<div class=\"flex flex-grow flex-col max-w-full\">\n<div class=\"min-h-[20px] text-message flex flex-col items-start whitespace-pre-wrap break-words [.text-message+&amp;]:mt-5 juice:w-full juice:items-end overflow-x-auto gap-3\" dir=\"auto\" data-message-author-role=\"assistant\" data-message-id=\"b31cd589-1d8b-4f1f-9f5c-91ab9bedc4b9\">\n<div class=\"markdown prose w-full break-words dark:prose-invert light\">\n<ul>\n<li><strong>Intensit\u00e0 e profondit\u00e0:<\/strong> un caff\u00e8 dal carattere forte e dal sapore profondo.<\/li>\n<li><strong>Tostatura medio-scura: \u00e8<\/strong> perfettamente bilanciata per esaltare il sapore della miscela.<\/li>\n<li><strong>Note aromatiche:<\/strong> Cannella, pepe e frutta secca conferiscono a questa miscela un sapore esclusivo.<\/li>\n<li><strong>Esclusivit\u00e0:<\/strong> una miscela che riflette l&#8217;eleganza e il lusso di Capri.<\/li>\n<li>La <strong>qualit\u00e0 Kimbo:<\/strong> un impegno per l&#8217;eccellenza e la tradizione nel mondo del caff\u00e8.<\/li>\n<\/ul>\n<p>Scopri Kimbo Capri, una miscela avvolgente ed esclusiva ispirata all&#8217;isola di Capri. Questo caff\u00e8 offre un gusto profondo e intenso con aromi delicati. La tostatura medio-scura affina il profilo e fa emergere le note aromatiche uniche di cannella, pepe e frutta secca.<\/p>\n<p>Kimbo Capri \u00e8 perfetto per chi cerca un caff\u00e8 ricco e saporito che risvegli i sensi e offra un&#8217;esperienza di gusto indimenticabile. Ogni sorso di questo caff\u00e8 \u00e8 un omaggio alla bellezza e al fascino di Capri, un&#8217;isola nota per la sua atmosfera incantevole e pittoresca.<\/p>\n<p>Assapora una fetta di lusso italiano con Kimbo Capri e lascia che ogni sorso ti trasporti nel mondo soleggiato di Capri.<\/p>\n<\/div>\n<\/div>\n<\/div>\n<\/div>\n<\/div>\n<\/div>\n<\/div>\n<\/div>\n<\/div>\n<\/div>\n<\/div>\n<\/div>\n<\/div>\n","protected":false},"featured_media":11141,"comment_status":"open","ping_status":"closed","template":"","meta":{"_relevanssi_hide_post":"","_relevanssi_hide_content":"","_relevanssi_pin_for_all":"","_relevanssi_pin_keywords":"","_relevanssi_unpin_keywords":"","_relevanssi_related_keywords":"","_relevanssi_related_include_ids":"","_relevanssi_related_exclude_ids":"","_relevanssi_related_no_append":"","_relevanssi_related_not_related":"","_relevanssi_related_posts":"","_relevanssi_noindex_reason":""},"product_brand":[],"product_cat":[344,350],"product_tag":[],"class_list":{"0":"post-13838","1":"product","2":"type-product","3":"status-publish","4":"has-post-thumbnail","6":"product_cat-capsule","7":"product_cat-sistema-nespresso","8":"pa_brand-kimbo-it","9":"has-subscription-plans","11":"first","12":"instock","13":"sale","14":"taxable","15":"shipping-taxable","16":"purchasable","17":"product-type-variable"},"batches":[],"_links":{"self":[{"href":"https:\/\/caffeonline.aclas.io\/it\/wp-json\/wp\/v2\/product\/13838","targetHints":{"allow":["GET"]}}],"collection":[{"href":"https:\/\/caffeonline.aclas.io\/it\/wp-json\/wp\/v2\/product"}],"about":[{"href":"https:\/\/caffeonline.aclas.io\/it\/wp-json\/wp\/v2\/types\/product"}],"replies":[{"embeddable":true,"href":"https:\/\/caffeonline.aclas.io\/it\/wp-json\/wp\/v2\/comments?post=13838"}],"wp:featuredmedia":[{"embeddable":true,"href":"https:\/\/caffeonline.aclas.io\/it\/wp-json\/wp\/v2\/media\/11141"}],"wp:attachment":[{"href":"https:\/\/caffeonline.aclas.io\/it\/wp-json\/wp\/v2\/media?parent=13838"}],"wp:term":[{"taxonomy":"product_brand","embeddable":true,"href":"https:\/\/caffeonline.aclas.io\/it\/wp-json\/wp\/v2\/product_brand?post=13838"},{"taxonomy":"product_cat","embeddable":true,"href":"https:\/\/caffeonline.aclas.io\/it\/wp-json\/wp\/v2\/product_cat?post=13838"},{"taxonomy":"product_tag","embeddable":true,"href":"https:\/\/caffeonline.aclas.io\/it\/wp-json\/wp\/v2\/product_tag?post=13838"}],"curies":[{"name":"wp","href":"https:\/\/api.w.org\/{rel}","templated":true}]}}