{"id":13835,"date":"2024-04-10T22:13:29","date_gmt":"2024-04-10T20:13:29","guid":{"rendered":"https:\/\/caffeonline.ch\/produkt\/kimbo-capsule-amalfi-100-arabica\/"},"modified":"2025-08-27T15:45:07","modified_gmt":"2025-08-27T13:45:07","slug":"kimbo-capsule-amalfi-100-arabica","status":"publish","type":"product","link":"https:\/\/caffeonline.aclas.io\/it\/produkt\/kimbo-capsule-amalfi-100-arabica\/","title":{"rendered":"Kimbo &#8211; Capsule Amalfi 100% Arabica"},"content":{"rendered":"","protected":false},"excerpt":{"rendered":"<ul>\n<li><strong>100% Arabica:<\/strong> un caff\u00e8 Arabica puro per un aroma squisito.<\/li>\n<li><strong>Morbidezza:<\/strong> un caff\u00e8 leggero con un profilo aromatico pronunciato.<\/li>\n<li><strong>Profumo:<\/strong> inconfondibili aromi di fiori e agrumi.<\/li>\n<li><strong>Tostatura medio-scura:<\/strong> bilancia perfettamente intensit\u00e0 e sapore.<\/li>\n<li>La <strong>qualit\u00e0 Kimbo:<\/strong> un impegno per l&#8217;eccellenza e la tradizione nel mondo del caff\u00e8.<\/li>\n<\/ul>\n<p>Scopri il caff\u00e8 Kimbo Amalfi, una miscela 100% Arabica che cattura l&#8217;essenza della Costiera Amalfitana in ogni sorso. Questo caff\u00e8 \u00e8 caratterizzato da un carattere morbido e fragrante, con un aroma inconfondibile di fiori e agrumi. La tostatura medio-scura enfatizza queste note aromatiche e offre una perfetta armonia di aromi freschi e vivaci.<\/p>\n<p>Kimbo Amalfi \u00e8 ideale per chi cerca un caff\u00e8 meno intenso ma estremamente aromatico. \u00c8 una scelta eccellente per iniziare la giornata in modo leggero o per accompagnare i dolci momenti di relax pomeridiano. Le sue note di fiori freschi e agrumi sono un omaggio alla ricca biodiversit\u00e0 e all&#8217;incantevole paesaggio della Costiera Amalfitana.<\/p>\n<p>Assapora l&#8217;aroma unico di Kimbo Amalfi, dove ogni tazze \u00e8 un viaggio sensoriale lungo la magnifica Costiera Amalfitana.<\/p>\n","protected":false},"featured_media":11145,"comment_status":"open","ping_status":"closed","template":"","meta":{"_relevanssi_hide_post":"","_relevanssi_hide_content":"","_relevanssi_pin_for_all":"","_relevanssi_pin_keywords":"","_relevanssi_unpin_keywords":"","_relevanssi_related_keywords":"","_relevanssi_related_include_ids":"","_relevanssi_related_exclude_ids":"","_relevanssi_related_no_append":"","_relevanssi_related_not_related":"","_relevanssi_related_posts":"","_relevanssi_noindex_reason":""},"product_brand":[],"product_cat":[344,350],"product_tag":[],"class_list":{"0":"post-13835","1":"product","2":"type-product","3":"status-publish","4":"has-post-thumbnail","6":"product_cat-capsule","7":"product_cat-sistema-nespresso","8":"pa_brand-kimbo-it","9":"has-subscription-plans","11":"first","12":"instock","13":"sale","14":"taxable","15":"shipping-taxable","16":"purchasable","17":"product-type-variable"},"batches":[],"_links":{"self":[{"href":"https:\/\/caffeonline.aclas.io\/it\/wp-json\/wp\/v2\/product\/13835","targetHints":{"allow":["GET"]}}],"collection":[{"href":"https:\/\/caffeonline.aclas.io\/it\/wp-json\/wp\/v2\/product"}],"about":[{"href":"https:\/\/caffeonline.aclas.io\/it\/wp-json\/wp\/v2\/types\/product"}],"replies":[{"embeddable":true,"href":"https:\/\/caffeonline.aclas.io\/it\/wp-json\/wp\/v2\/comments?post=13835"}],"wp:featuredmedia":[{"embeddable":true,"href":"https:\/\/caffeonline.aclas.io\/it\/wp-json\/wp\/v2\/media\/11145"}],"wp:attachment":[{"href":"https:\/\/caffeonline.aclas.io\/it\/wp-json\/wp\/v2\/media?parent=13835"}],"wp:term":[{"taxonomy":"product_brand","embeddable":true,"href":"https:\/\/caffeonline.aclas.io\/it\/wp-json\/wp\/v2\/product_brand?post=13835"},{"taxonomy":"product_cat","embeddable":true,"href":"https:\/\/caffeonline.aclas.io\/it\/wp-json\/wp\/v2\/product_cat?post=13835"},{"taxonomy":"product_tag","embeddable":true,"href":"https:\/\/caffeonline.aclas.io\/it\/wp-json\/wp\/v2\/product_tag?post=13835"}],"curies":[{"name":"wp","href":"https:\/\/api.w.org\/{rel}","templated":true}]}}