{"id":13829,"date":"2024-04-10T22:13:37","date_gmt":"2024-04-10T20:13:37","guid":{"rendered":"https:\/\/caffeonline.ch\/produkt\/faber-cialde-ese-dark-roast\/"},"modified":"2026-02-14T18:44:24","modified_gmt":"2026-02-14T17:44:24","slug":"faber-cialde-ese-dark-roast","status":"publish","type":"product","link":"https:\/\/caffeonline.aclas.io\/it\/produkt\/faber-cialde-ese-dark-roast\/","title":{"rendered":"Faber &#8211; Cialde ESE Dark Roast"},"content":{"rendered":"","protected":false},"excerpt":{"rendered":"<p>Da un&#8217;attenta selezione delle migliori miscele, dalle materie prime alla tostatura, per preservare il sapore intenso del tuo espresso.<br \/>\nQueste sono <strong>Le Selezioni di Faber<\/strong> selezionate per te.<\/p>\n<p>Una miscela dedicata a chi ama il sapore persistente del caff\u00e8. Composta per l&#8217;80% da Arabica e per il 20% da Robusta, ha una tostatura lunga e una leggera acidit\u00e0. L&#8217;estrazione \u00e8 delicata e permette di ottenere un aroma equilibrato e intenso.<\/p>\n","protected":false},"featured_media":11171,"comment_status":"open","ping_status":"closed","template":"","meta":{"_relevanssi_hide_post":"","_relevanssi_hide_content":"","_relevanssi_pin_for_all":"","_relevanssi_pin_keywords":"","_relevanssi_unpin_keywords":"","_relevanssi_related_keywords":"","_relevanssi_related_include_ids":"","_relevanssi_related_exclude_ids":"","_relevanssi_related_no_append":"","_relevanssi_related_not_related":"","_relevanssi_related_posts":"","_relevanssi_noindex_reason":""},"product_brand":[],"product_cat":[338,560],"product_tag":[],"class_list":{"0":"post-13829","1":"product","2":"type-product","3":"status-publish","4":"has-post-thumbnail","6":"product_cat-cialde-ese","7":"product_cat-offerte-speciali","8":"pa_brand-faber-it","9":"has-subscription-plans","11":"first","12":"instock","13":"sale","14":"taxable","15":"shipping-taxable","16":"purchasable","17":"product-type-variable"},"batches":[],"_links":{"self":[{"href":"https:\/\/caffeonline.aclas.io\/it\/wp-json\/wp\/v2\/product\/13829","targetHints":{"allow":["GET"]}}],"collection":[{"href":"https:\/\/caffeonline.aclas.io\/it\/wp-json\/wp\/v2\/product"}],"about":[{"href":"https:\/\/caffeonline.aclas.io\/it\/wp-json\/wp\/v2\/types\/product"}],"replies":[{"embeddable":true,"href":"https:\/\/caffeonline.aclas.io\/it\/wp-json\/wp\/v2\/comments?post=13829"}],"wp:featuredmedia":[{"embeddable":true,"href":"https:\/\/caffeonline.aclas.io\/it\/wp-json\/wp\/v2\/media\/11171"}],"wp:attachment":[{"href":"https:\/\/caffeonline.aclas.io\/it\/wp-json\/wp\/v2\/media?parent=13829"}],"wp:term":[{"taxonomy":"product_brand","embeddable":true,"href":"https:\/\/caffeonline.aclas.io\/it\/wp-json\/wp\/v2\/product_brand?post=13829"},{"taxonomy":"product_cat","embeddable":true,"href":"https:\/\/caffeonline.aclas.io\/it\/wp-json\/wp\/v2\/product_cat?post=13829"},{"taxonomy":"product_tag","embeddable":true,"href":"https:\/\/caffeonline.aclas.io\/it\/wp-json\/wp\/v2\/product_tag?post=13829"}],"curies":[{"name":"wp","href":"https:\/\/api.w.org\/{rel}","templated":true}]}}