{"id":13792,"date":"2024-05-25T14:37:04","date_gmt":"2024-05-25T12:37:04","guid":{"rendered":"https:\/\/caffeonline.ch\/produkt\/caffe-toraldo-cialde-ese-orzo\/"},"modified":"2026-02-09T15:14:07","modified_gmt":"2026-02-09T14:14:07","slug":"caffe-toraldo-cialde-ese-orzo","status":"publish","type":"product","link":"https:\/\/caffeonline.aclas.io\/it\/produkt\/caffe-toraldo-cialde-ese-orzo\/","title":{"rendered":"Caff\u00e8 Toraldo &#8211; Cialde ESE Orzo"},"content":{"rendered":"","protected":false},"excerpt":{"rendered":"<p>Scopri il sapore autentico delle <strong>cialde ESE<\/strong> di <strong>Caff\u00e8 Toraldo<\/strong>. Questa bevanda offre il sapore ricco e tostato dell&#8217;orzo, ideale per chi cerca un&#8217;alternativa al caff\u00e8 senza rinunciare al piacere di una bevanda calda e confortante. Perfetto per ogni momento della giornata, l&#8217;orzo \u00e8 noto per le sue propriet\u00e0 digestive e rilassanti.<\/p>\n<p>Le <strong>Cialde ESE<\/strong> garantiscono una <strong>preparazione facile e veloce<\/strong>, cos\u00ec potrai gustare una tazza di t\u00e8 d&#8217;orzo caldo in pochi minuti.<\/p>\n","protected":false},"featured_media":13745,"comment_status":"open","ping_status":"closed","template":"","meta":{"_relevanssi_hide_post":"","_relevanssi_hide_content":"","_relevanssi_pin_for_all":"","_relevanssi_pin_keywords":"","_relevanssi_unpin_keywords":"","_relevanssi_related_keywords":"","_relevanssi_related_include_ids":"","_relevanssi_related_exclude_ids":"","_relevanssi_related_no_append":"","_relevanssi_related_not_related":"","_relevanssi_related_posts":"","_relevanssi_noindex_reason":""},"product_brand":[],"product_cat":[339,338],"product_tag":[],"class_list":{"0":"post-13792","1":"product","2":"type-product","3":"status-publish","4":"has-post-thumbnail","6":"product_cat-bevande-calde","7":"product_cat-cialde-ese","8":"pa_brand-caffe-toraldo-it","9":"has-subscription-plans","11":"first","12":"outofstock","13":"taxable","14":"shipping-taxable","15":"purchasable","16":"product-type-simple"},"batches":[{"id":"494","date_created":"2024-05-25 09:26:59","date_expiry":"2026-07-31 00:00:00","user_id":"559","batch_number":"","supplier":"","location":"","quantity":"15.0000","quantity_available":"0.0000","units":"1","status":"archived","order_ids":"[15973,16231,132545835,132546963,132547494,132548035]","po":null},{"id":"3143","date_created":"2026-02-07 11:24:01","date_expiry":"2028-04-30 00:00:00","user_id":"2","batch_number":"","supplier":"","location":"","quantity":"7.0000","quantity_available":"0.0000","units":"1","status":"archived","order_ids":"[132553465,132554517]","po":null}],"_links":{"self":[{"href":"https:\/\/caffeonline.aclas.io\/it\/wp-json\/wp\/v2\/product\/13792","targetHints":{"allow":["GET"]}}],"collection":[{"href":"https:\/\/caffeonline.aclas.io\/it\/wp-json\/wp\/v2\/product"}],"about":[{"href":"https:\/\/caffeonline.aclas.io\/it\/wp-json\/wp\/v2\/types\/product"}],"replies":[{"embeddable":true,"href":"https:\/\/caffeonline.aclas.io\/it\/wp-json\/wp\/v2\/comments?post=13792"}],"wp:featuredmedia":[{"embeddable":true,"href":"https:\/\/caffeonline.aclas.io\/it\/wp-json\/wp\/v2\/media\/13745"}],"wp:attachment":[{"href":"https:\/\/caffeonline.aclas.io\/it\/wp-json\/wp\/v2\/media?parent=13792"}],"wp:term":[{"taxonomy":"product_brand","embeddable":true,"href":"https:\/\/caffeonline.aclas.io\/it\/wp-json\/wp\/v2\/product_brand?post=13792"},{"taxonomy":"product_cat","embeddable":true,"href":"https:\/\/caffeonline.aclas.io\/it\/wp-json\/wp\/v2\/product_cat?post=13792"},{"taxonomy":"product_tag","embeddable":true,"href":"https:\/\/caffeonline.aclas.io\/it\/wp-json\/wp\/v2\/product_tag?post=13792"}],"curies":[{"name":"wp","href":"https:\/\/api.w.org\/{rel}","templated":true}]}}