{"id":13777,"date":"2024-05-25T14:36:31","date_gmt":"2024-05-25T12:36:31","guid":{"rendered":"https:\/\/caffeonline.ch\/produkt\/caffe-toraldo-capsule-mokaccino\/"},"modified":"2025-02-07T22:41:25","modified_gmt":"2025-02-07T21:41:25","slug":"caffe-toraldo-capsule-mokaccino","status":"publish","type":"product","link":"https:\/\/caffeonline.aclas.io\/it\/produkt\/caffe-toraldo-capsule-mokaccino\/","title":{"rendered":"Caff\u00e8 Toraldo &#8211; Capsule Mokaccino"},"content":{"rendered":"","protected":false},"excerpt":{"rendered":"<p>Assapora il delizioso piacere delle <strong>capsule Mokaccino<\/strong> di <strong>Caff\u00e8 Toraldo<\/strong>. Questa deliziosa bevanda combina l&#8217;intensit\u00e0 del caff\u00e8 con la dolcezza del cioccolato e la cremosit\u00e0 del latte, offrendo un&#8217;esperienza di gusto unica e indulgente.<\/p>\n<p>Le <strong>capsule<\/strong> garantiscono una <strong>preparazione facile e veloce<\/strong>, cos\u00ec potrai gustare un mocaccino in pochi minuti.<\/p>\n","protected":false},"featured_media":13736,"comment_status":"open","ping_status":"closed","template":"","meta":{"_relevanssi_hide_post":"","_relevanssi_hide_content":"","_relevanssi_pin_for_all":"","_relevanssi_pin_keywords":"","_relevanssi_unpin_keywords":"","_relevanssi_related_keywords":"","_relevanssi_related_include_ids":"","_relevanssi_related_exclude_ids":"","_relevanssi_related_no_append":"","_relevanssi_related_not_related":"","_relevanssi_related_posts":"","_relevanssi_noindex_reason":""},"product_brand":[],"product_cat":[339,344,560,345],"product_tag":[],"class_list":{"0":"post-13777","1":"product","2":"type-product","3":"status-publish","4":"has-post-thumbnail","6":"product_cat-bevande-calde","7":"product_cat-capsule","8":"product_cat-offerte-speciali","9":"product_cat-sistema-dolce-gusto","10":"pa_brand-caffe-toraldo-it","11":"has-subscription-plans","13":"first","14":"outofstock","15":"sale","16":"taxable","17":"shipping-taxable","18":"purchasable","19":"product-type-simple"},"batches":[{"id":"479","date_created":"2024-05-25 09:01:02","date_expiry":"2025-09-01 00:00:00","user_id":"559","batch_number":"","supplier":"","location":"","quantity":"8.0000","quantity_available":"0.0000","units":"1","status":"archived","order_ids":"[132546112,132547746]","po":null}],"_links":{"self":[{"href":"https:\/\/caffeonline.aclas.io\/it\/wp-json\/wp\/v2\/product\/13777","targetHints":{"allow":["GET"]}}],"collection":[{"href":"https:\/\/caffeonline.aclas.io\/it\/wp-json\/wp\/v2\/product"}],"about":[{"href":"https:\/\/caffeonline.aclas.io\/it\/wp-json\/wp\/v2\/types\/product"}],"replies":[{"embeddable":true,"href":"https:\/\/caffeonline.aclas.io\/it\/wp-json\/wp\/v2\/comments?post=13777"}],"wp:featuredmedia":[{"embeddable":true,"href":"https:\/\/caffeonline.aclas.io\/it\/wp-json\/wp\/v2\/media\/13736"}],"wp:attachment":[{"href":"https:\/\/caffeonline.aclas.io\/it\/wp-json\/wp\/v2\/media?parent=13777"}],"wp:term":[{"taxonomy":"product_brand","embeddable":true,"href":"https:\/\/caffeonline.aclas.io\/it\/wp-json\/wp\/v2\/product_brand?post=13777"},{"taxonomy":"product_cat","embeddable":true,"href":"https:\/\/caffeonline.aclas.io\/it\/wp-json\/wp\/v2\/product_cat?post=13777"},{"taxonomy":"product_tag","embeddable":true,"href":"https:\/\/caffeonline.aclas.io\/it\/wp-json\/wp\/v2\/product_tag?post=13777"}],"curies":[{"name":"wp","href":"https:\/\/api.w.org\/{rel}","templated":true}]}}