{"id":132554169,"date":"2026-03-14T12:13:29","date_gmt":"2026-03-14T11:13:29","guid":{"rendered":"https:\/\/caffeonline.ch\/?post_type=product&#038;p=132554169"},"modified":"2026-03-14T12:26:35","modified_gmt":"2026-03-14T11:26:35","slug":"faber-macchina-da-caffe-pro-deluxe-kopie-kopie","status":"publish","type":"product","link":"https:\/\/caffeonline.aclas.io\/it\/produkt\/faber-macchina-da-caffe-pro-deluxe-kopie-kopie\/","title":{"rendered":"Faber &#8211; Macchina da caff\u00e8 Pro Deluxe (Kopie) (Kopie)"},"content":{"rendered":"","protected":false},"excerpt":{"rendered":"<p><strong>Faber Pro Deluxe<\/strong> \u00e8 un capolavoro di estetica e funzionalit\u00e0.<\/p>\n<p>\u00c8 stata progettata appositamente per chi apprezza un sapore di caff\u00e8 incomparabile e allo stesso tempo ha un occhio di riguardo per il design unico e la durata.<\/p>\n<p>La macchina \u00e8 realizzata con materiali robusti e componenti di alta qualit\u00e0, che la rendono una scelta sostenibile per gli amanti del caff\u00e8.<\/p>\n<p>Con il suo design elegante e le sue prestazioni elevate, \u00e8 pi\u00f9 di una semplice macchina da caff\u00e8: \u00e8 una dichiarazione di qualit\u00e0 e sostenibilit\u00e0.<\/p>\n","protected":false},"featured_media":132554380,"comment_status":"open","ping_status":"closed","template":"","meta":{"_relevanssi_hide_post":"","_relevanssi_hide_content":"","_relevanssi_pin_for_all":"","_relevanssi_pin_keywords":"","_relevanssi_unpin_keywords":"","_relevanssi_related_keywords":"","_relevanssi_related_include_ids":"","_relevanssi_related_exclude_ids":"","_relevanssi_related_no_append":"","_relevanssi_related_not_related":"","_relevanssi_related_posts":"","_relevanssi_noindex_reason":""},"product_brand":[],"product_cat":[343,342],"product_tag":[],"class_list":{"0":"post-132554169","1":"product","2":"type-product","3":"status-publish","4":"has-post-thumbnail","6":"product_cat-macchine-e-s-e","7":"product_cat-macchine-da-caffe","8":"pa_brand-faber-it","9":"pa_farbe-bianco","10":"pa_farbe-blu","11":"pa_farbe-british-green-it","12":"pa_farbe-cherry-red-it","13":"pa_farbe-grigio","14":"pa_farbe-nero-it","15":"pa_farbe-old-english-white-it","16":"pa_farbe-totale-inox-it","17":"pa_farbe-total-inox-mat","18":"pa_farbe-turquoise-it","19":"pa_kaffeemenge-arresto-manuale","20":"pa_leistung-500watt-it","21":"pa_pumpendruck-ca-15-bar-it","22":"pa_pumpentyp-pompa-a-vibrazione","23":"pa_stromversorgung-220v-it","24":"pa_wassertank-10-litri-di-capacita-dacqua","26":"first","27":"instock","28":"taxable","29":"shipping-taxable","30":"purchasable","31":"product-type-variable"},"batches":[],"_links":{"self":[{"href":"https:\/\/caffeonline.aclas.io\/it\/wp-json\/wp\/v2\/product\/132554169","targetHints":{"allow":["GET"]}}],"collection":[{"href":"https:\/\/caffeonline.aclas.io\/it\/wp-json\/wp\/v2\/product"}],"about":[{"href":"https:\/\/caffeonline.aclas.io\/it\/wp-json\/wp\/v2\/types\/product"}],"replies":[{"embeddable":true,"href":"https:\/\/caffeonline.aclas.io\/it\/wp-json\/wp\/v2\/comments?post=132554169"}],"wp:featuredmedia":[{"embeddable":true,"href":"https:\/\/caffeonline.aclas.io\/it\/wp-json\/wp\/v2\/media\/132554380"}],"wp:attachment":[{"href":"https:\/\/caffeonline.aclas.io\/it\/wp-json\/wp\/v2\/media?parent=132554169"}],"wp:term":[{"taxonomy":"product_brand","embeddable":true,"href":"https:\/\/caffeonline.aclas.io\/it\/wp-json\/wp\/v2\/product_brand?post=132554169"},{"taxonomy":"product_cat","embeddable":true,"href":"https:\/\/caffeonline.aclas.io\/it\/wp-json\/wp\/v2\/product_cat?post=132554169"},{"taxonomy":"product_tag","embeddable":true,"href":"https:\/\/caffeonline.aclas.io\/it\/wp-json\/wp\/v2\/product_tag?post=132554169"}],"curies":[{"name":"wp","href":"https:\/\/api.w.org\/{rel}","templated":true}]}}