{"id":132553683,"date":"2026-02-21T15:57:39","date_gmt":"2026-02-21T14:57:39","guid":{"rendered":"https:\/\/caffeonline.ch\/produkt\/ceragol-ultra-decalcificante-premium-500-ml\/"},"modified":"2026-02-21T15:57:39","modified_gmt":"2026-02-21T14:57:39","slug":"ceragol-ultra-decalcificante-premium-500-ml","status":"publish","type":"product","link":"https:\/\/caffeonline.aclas.io\/it\/produkt\/ceragol-ultra-decalcificante-premium-500-ml\/","title":{"rendered":"Ceragol Ultra \u2013 Decalcificante Premium 500 ml"},"content":{"rendered":"","protected":false},"excerpt":{"rendered":"<p data-start=\"207\" data-end=\"683\">Il <strong data-start=\"211\" data-end=\"246\">decalcificante premium Ceragol Ultra<\/strong> \u00e8 stato sviluppato in collaborazione con i principali produttori di macchine e garantisce una <strong data-start=\"336\" data-end=\"391\">decalcificazione efficace e al tempo stesso delicata sui materiali<\/strong> per macchine da caff\u00e8 ed espresso di tutte le marche pi\u00f9 diffuse. La formula ad alte prestazioni si basa sull\u2019<strong data-start=\"488\" data-end=\"508\">acido amidosolfonico<\/strong>, uno dei principi attivi attualmente pi\u00f9 efficaci per rimuovere in modo affidabile i depositi di calcare. Cos\u00ec la tua macchina resta efficiente e il gusto del caff\u00e8 rimane inalterato.<\/p>\n<p data-start=\"685\" data-end=\"1148\">Additivi di alta qualit\u00e0 offrono un ulteriore <strong data-start=\"726\" data-end=\"762\">protezione anticorrosione per le parti metalliche<\/strong> e un effetto protettivo su <strong data-start=\"797\" data-end=\"837\">componenti in plastica e guarnizioni<\/strong>. In questo modo \u00e8 possibile una decalcificazione profonda anche con una maggiore concentrazione di principio attivo, senza danneggiare l\u2019apparecchio. Il decalcificante \u00e8 adatto anche per la <strong data-start=\"1003\" data-end=\"1022\">decalcificazione a caldo<\/strong>. Anche la sostenibilit\u00e0 \u00e8 centrale: la bottiglia \u00e8 realizzata al <strong data-start=\"1096\" data-end=\"1125\">100% in rPET riciclato<\/strong>, cos\u00ec come l\u2019etichetta.<\/p>\n","protected":false},"featured_media":132553678,"comment_status":"open","ping_status":"closed","template":"","meta":{"_relevanssi_hide_post":"","_relevanssi_hide_content":"","_relevanssi_pin_for_all":"","_relevanssi_pin_keywords":"","_relevanssi_unpin_keywords":"","_relevanssi_related_keywords":"","_relevanssi_related_include_ids":"","_relevanssi_related_exclude_ids":"","_relevanssi_related_no_append":"","_relevanssi_related_not_related":"","_relevanssi_related_posts":"","_relevanssi_noindex_reason":""},"product_brand":[],"product_cat":[352],"product_tag":[],"class_list":{"0":"post-132553683","1":"product","2":"type-product","3":"status-publish","4":"has-post-thumbnail","6":"product_cat-accessori","7":"pa_brand-ceragol-ultra","9":"first","10":"instock","11":"taxable","12":"shipping-taxable","13":"purchasable","14":"product-type-simple"},"batches":[{"id":"3208","date_created":"2026-02-19 17:57:22","date_expiry":null,"user_id":"1","batch_number":"","supplier":"","location":"","quantity":"20.0000","quantity_available":"20.0000","units":"1","status":"active","order_ids":null,"po":null}],"_links":{"self":[{"href":"https:\/\/caffeonline.aclas.io\/it\/wp-json\/wp\/v2\/product\/132553683","targetHints":{"allow":["GET"]}}],"collection":[{"href":"https:\/\/caffeonline.aclas.io\/it\/wp-json\/wp\/v2\/product"}],"about":[{"href":"https:\/\/caffeonline.aclas.io\/it\/wp-json\/wp\/v2\/types\/product"}],"replies":[{"embeddable":true,"href":"https:\/\/caffeonline.aclas.io\/it\/wp-json\/wp\/v2\/comments?post=132553683"}],"wp:featuredmedia":[{"embeddable":true,"href":"https:\/\/caffeonline.aclas.io\/it\/wp-json\/wp\/v2\/media\/132553678"}],"wp:attachment":[{"href":"https:\/\/caffeonline.aclas.io\/it\/wp-json\/wp\/v2\/media?parent=132553683"}],"wp:term":[{"taxonomy":"product_brand","embeddable":true,"href":"https:\/\/caffeonline.aclas.io\/it\/wp-json\/wp\/v2\/product_brand?post=132553683"},{"taxonomy":"product_cat","embeddable":true,"href":"https:\/\/caffeonline.aclas.io\/it\/wp-json\/wp\/v2\/product_cat?post=132553683"},{"taxonomy":"product_tag","embeddable":true,"href":"https:\/\/caffeonline.aclas.io\/it\/wp-json\/wp\/v2\/product_tag?post=132553683"}],"curies":[{"name":"wp","href":"https:\/\/api.w.org\/{rel}","templated":true}]}}