{"id":132553003,"date":"2026-01-17T15:14:49","date_gmt":"2026-01-17T14:14:49","guid":{"rendered":"https:\/\/caffeonline.ch\/?post_type=product&#038;p=132553003"},"modified":"2026-02-07T10:39:56","modified_gmt":"2026-02-07T09:39:56","slug":"caffe-toraldo-kaffeegemahlen-crema-di-napoli","status":"publish","type":"product","link":"https:\/\/caffeonline.aclas.io\/it\/produkt\/caffe-toraldo-kaffeegemahlen-crema-di-napoli\/","title":{"rendered":"Caff\u00e8 Toraldo &#8211; Kaffeegemahlen Crema di Napoli"},"content":{"rendered":"","protected":false},"excerpt":{"rendered":"<p data-start=\"331\" data-end=\"638\"><strong data-start=\"331\" data-end=\"350\">Crema di Napoli<\/strong> ist die Mischung, die den <strong data-start=\"377\" data-end=\"413\">echten neapolitanischen Espresso<\/strong> am besten verk\u00f6rpert \u2013 kraftvoll, cremig und voller Charakter. Sie steht f\u00fcr die <strong data-start=\"495\" data-end=\"555\">Leidenschaft von Caff\u00e8 Toraldo f\u00fcr Kaffee und f\u00fcr Neapel<\/strong> und vereint Tradition, Identit\u00e4t und Geschmack in einer einzigartigen Komposition.<\/p>\n<p data-start=\"640\" data-end=\"1017\">In der Tasse \u00fcberzeugt <strong data-start=\"663\" data-end=\"682\">Crema di Napoli<\/strong> mit einem <strong data-start=\"693\" data-end=\"710\">vollen K\u00f6rper<\/strong>, einer <strong data-start=\"718\" data-end=\"748\">dichten und samtigen Crema<\/strong> und einem <strong data-start=\"759\" data-end=\"797\">intensiven, ausgewogenen Geschmack<\/strong>, der an den Espresso der traditionellen Bars Neapels erinnert. Eine echte <strong data-start=\"872\" data-end=\"916\">Hommage an den neapolitanischen Espresso<\/strong>, geschaffen f\u00fcr alle, die auch zu Hause nicht auf <strong data-start=\"967\" data-end=\"997\">authentischen Kaffeegenuss<\/strong> verzichten m\u00f6chten.<\/p>\n","protected":false},"featured_media":132553004,"comment_status":"open","ping_status":"closed","template":"","meta":{"_relevanssi_hide_post":"","_relevanssi_hide_content":"","_relevanssi_pin_for_all":"","_relevanssi_pin_keywords":"","_relevanssi_unpin_keywords":"","_relevanssi_related_keywords":"","_relevanssi_related_include_ids":"","_relevanssi_related_exclude_ids":"","_relevanssi_related_no_append":"","_relevanssi_related_not_related":"","_relevanssi_related_posts":"","_relevanssi_noindex_reason":""},"product_brand":[],"product_cat":[174],"product_tag":[],"class_list":{"0":"post-132553003","1":"product","2":"type-product","3":"status-publish","4":"has-post-thumbnail","6":"product_cat-kaffeegemahlen","7":"pa_brand-caffe-toraldo","8":"has-subscription-plans","10":"first","11":"instock","12":"taxable","13":"shipping-taxable","14":"purchasable","15":"product-type-simple"},"batches":[{"id":"3041","date_created":"2026-01-17 14:16:38","date_expiry":"2027-10-30 00:00:00","user_id":"1","batch_number":"","supplier":"","location":"","quantity":"23.0000","quantity_available":"21.0000","units":"1","status":"active","order_ids":"[132553157,132553233]","po":null}],"_links":{"self":[{"href":"https:\/\/caffeonline.aclas.io\/it\/wp-json\/wp\/v2\/product\/132553003","targetHints":{"allow":["GET"]}}],"collection":[{"href":"https:\/\/caffeonline.aclas.io\/it\/wp-json\/wp\/v2\/product"}],"about":[{"href":"https:\/\/caffeonline.aclas.io\/it\/wp-json\/wp\/v2\/types\/product"}],"replies":[{"embeddable":true,"href":"https:\/\/caffeonline.aclas.io\/it\/wp-json\/wp\/v2\/comments?post=132553003"}],"wp:featuredmedia":[{"embeddable":true,"href":"https:\/\/caffeonline.aclas.io\/it\/wp-json\/wp\/v2\/media\/132553004"}],"wp:attachment":[{"href":"https:\/\/caffeonline.aclas.io\/it\/wp-json\/wp\/v2\/media?parent=132553003"}],"wp:term":[{"taxonomy":"product_brand","embeddable":true,"href":"https:\/\/caffeonline.aclas.io\/it\/wp-json\/wp\/v2\/product_brand?post=132553003"},{"taxonomy":"product_cat","embeddable":true,"href":"https:\/\/caffeonline.aclas.io\/it\/wp-json\/wp\/v2\/product_cat?post=132553003"},{"taxonomy":"product_tag","embeddable":true,"href":"https:\/\/caffeonline.aclas.io\/it\/wp-json\/wp\/v2\/product_tag?post=132553003"}],"curies":[{"name":"wp","href":"https:\/\/api.w.org\/{rel}","templated":true}]}}