{"id":132552586,"date":"2026-01-17T12:47:04","date_gmt":"2026-01-17T11:47:04","guid":{"rendered":"https:\/\/caffeonline.ch\/?post_type=product&#038;p=132552586"},"modified":"2026-01-17T12:47:05","modified_gmt":"2026-01-17T11:47:05","slug":"lavazza-blue-capsule-tales-of-italy-napoli","status":"publish","type":"product","link":"https:\/\/caffeonline.aclas.io\/it\/produkt\/lavazza-blue-capsule-tales-of-italy-napoli\/","title":{"rendered":"Lavazza \u2013 BLUE \u2013 Capsule Tales of Italy: Napoli"},"content":{"rendered":"","protected":false},"excerpt":{"rendered":"<p data-start=\"1458\" data-end=\"1864\"><strong data-start=\"1458\" data-end=\"1486\">Tales of Italy: Napoli Espresso<\/strong> unisce la <strong data-start=\"1499\" data-end=\"1537\">passione e la forza del Sud Italia<\/strong> e trasforma il caff\u00e8 in un <strong data-start=\"1567\" data-end=\"1618\">&#8216;esperienza di gusto intensa e coinvolgente<\/strong>. Come parte della linea <strong data-start=\"1633\" data-end=\"1651\">Tales of Italy<\/strong> di <strong data-start=\"1662\" data-end=\"1673\">Lavazza<\/strong>, questa miscela \u00e8 un omaggio all&#8217;anima vivace di <strong data-start=\"1733\" data-end=\"1743\">Napoli<\/strong>, una citt\u00e0 in cui il caff\u00e8 \u00e8 un vero e proprio <strong data-start=\"1783\" data-end=\"1799\">rito quotidiano<\/strong>, tradizionalmente radicato e allo stesso tempo interpretato in chiave moderna.<\/p>\n<p data-start=\"1866\" data-end=\"2455\">La miscela combina <strong data-start=\"1890\" data-end=\"1934\">grani Arabica naturali e lavati<\/strong> provenienti da <strong data-start=\"1939\" data-end=\"1966\">America centrale e meridionale<\/strong> con pregiata <strong data-start=\"1984\" data-end=\"1995\">Robusta<\/strong>, prevalentemente dal <strong data-start=\"2012\" data-end=\"2023\">Vietnam<\/strong>. La <strong data-start=\"2029\" data-end=\"2061\">tostatura medio-scura e lunga<\/strong> garantisce una <strong data-start=\"2077\" data-end=\"2118\">struttura densa, rotonda e persistente<\/strong> con spiccate <strong data-start=\"2136\" data-end=\"2205\">note di cacao amaro, caramello, tabacco tostato e barrique<\/strong>. Con un&#8217;<strong data-start=\"2217\" data-end=\"2245\">intensit\u00e0 di 12 su 13<\/strong>, questo espresso \u00e8 ideale per gli amanti di un <strong data-start=\"2292\" data-end=\"2334\">caff\u00e8 forte e di carattere<\/strong>, perfetto come <strong data-start=\"2348\" data-end=\"2378\">classico espresso da 30 ml<\/strong> e un&#8217;ottima alternativa a <strong data-start=\"2417\" data-end=\"2454\">Lavazza Blue Vigoroso e Rotondo<\/strong>.<\/p>\n","protected":false},"featured_media":132552567,"comment_status":"open","ping_status":"closed","template":"","meta":{"_relevanssi_hide_post":"","_relevanssi_hide_content":"","_relevanssi_pin_for_all":"","_relevanssi_pin_keywords":"","_relevanssi_unpin_keywords":"","_relevanssi_related_keywords":"","_relevanssi_related_include_ids":"","_relevanssi_related_exclude_ids":"","_relevanssi_related_no_append":"","_relevanssi_related_not_related":"","_relevanssi_related_posts":"","_relevanssi_noindex_reason":""},"product_brand":[],"product_cat":[344,347],"product_tag":[],"class_list":{"0":"post-132552586","1":"product","2":"type-product","3":"status-publish","4":"has-post-thumbnail","6":"product_cat-capsule","7":"product_cat-sistema-lavazza-blue","8":"pa_brand-lavazza-it","9":"has-subscription-plans","11":"first","12":"instock","13":"taxable","14":"shipping-taxable","15":"purchasable","16":"product-type-simple"},"batches":[{"id":"2855","date_created":"2025-12-12 17:07:38","date_expiry":"2027-02-28 00:00:00","user_id":"1","batch_number":"","supplier":"","location":"","quantity":"10.0000","quantity_available":"6.0000","units":"1","status":"active","order_ids":"[132553108,132553210]","po":null},{"id":"2856","date_created":"2025-12-12 17:08:24","date_expiry":"2027-02-28 00:00:00","user_id":"1","batch_number":"","supplier":"","location":"","quantity":"12.0000","quantity_available":"12.0000","units":"1","status":"active","order_ids":null,"po":null}],"_links":{"self":[{"href":"https:\/\/caffeonline.aclas.io\/it\/wp-json\/wp\/v2\/product\/132552586","targetHints":{"allow":["GET"]}}],"collection":[{"href":"https:\/\/caffeonline.aclas.io\/it\/wp-json\/wp\/v2\/product"}],"about":[{"href":"https:\/\/caffeonline.aclas.io\/it\/wp-json\/wp\/v2\/types\/product"}],"replies":[{"embeddable":true,"href":"https:\/\/caffeonline.aclas.io\/it\/wp-json\/wp\/v2\/comments?post=132552586"}],"wp:featuredmedia":[{"embeddable":true,"href":"https:\/\/caffeonline.aclas.io\/it\/wp-json\/wp\/v2\/media\/132552567"}],"wp:attachment":[{"href":"https:\/\/caffeonline.aclas.io\/it\/wp-json\/wp\/v2\/media?parent=132552586"}],"wp:term":[{"taxonomy":"product_brand","embeddable":true,"href":"https:\/\/caffeonline.aclas.io\/it\/wp-json\/wp\/v2\/product_brand?post=132552586"},{"taxonomy":"product_cat","embeddable":true,"href":"https:\/\/caffeonline.aclas.io\/it\/wp-json\/wp\/v2\/product_cat?post=132552586"},{"taxonomy":"product_tag","embeddable":true,"href":"https:\/\/caffeonline.aclas.io\/it\/wp-json\/wp\/v2\/product_tag?post=132552586"}],"curies":[{"name":"wp","href":"https:\/\/api.w.org\/{rel}","templated":true}]}}