{"id":132548285,"date":"2025-04-12T15:58:15","date_gmt":"2025-04-12T13:58:15","guid":{"rendered":"https:\/\/caffeonline.ch\/produkt\/kimbo-capsule-decaffeinato\/"},"modified":"2025-10-15T12:59:12","modified_gmt":"2025-10-15T10:59:12","slug":"kimbo-capsule-decaffeinato","status":"publish","type":"product","link":"https:\/\/caffeonline.aclas.io\/it\/produkt\/kimbo-capsule-decaffeinato\/","title":{"rendered":"Kimbo &#8211; Capsule Decaffeinato"},"content":{"rendered":"","protected":false},"excerpt":{"rendered":"<p data-pm-slice=\"1 1 []\">Scopri <strong>Kimbo &#8211; Capsule Decaffeinato<\/strong>, il caff\u00e8 in capsule con il <strong>perfetto equilibrio tra dolcezza e cremosit\u00e0<\/strong>, ideale per chi vuole gustare un espresso saporito senza caffeina. Questa miscela accuratamente selezionata utilizza solo i <strong>migliori grani di Arabica e Robusta<\/strong> provenienti da rinomate regioni di coltivazione del caff\u00e8 in Sud America e in India. Con un&#8217;intensit\u00e0 di <strong>9 su 13<\/strong>, Kimbo Decaf garantisce un&#8217;esperienza di gusto corposa e soddisfacente a ogni sorso.<\/p>\n<p>La <strong>tostatura media<\/strong> conferisce a Kimbo Decaf un carattere deciso, che si completa con <strong>sapori<\/strong> delicati e persistenti <strong>di castagna<\/strong> e piacevoli sfumature di frutta secca. Il risultato \u00e8 un espresso che conserva il gusto autentico delle specialit\u00e0 tradizionali di caff\u00e8, offrendo al contempo la leggerezza di una bevanda decaffeinata. Con Kimbo Decaf, il piacere del caff\u00e8 \u00e8 sempre un piacere senza complicazioni.<\/p>\n","protected":false},"featured_media":132547907,"comment_status":"open","ping_status":"closed","template":"","meta":{"_relevanssi_hide_post":"","_relevanssi_hide_content":"","_relevanssi_pin_for_all":"","_relevanssi_pin_keywords":"","_relevanssi_unpin_keywords":"","_relevanssi_related_keywords":"","_relevanssi_related_include_ids":"","_relevanssi_related_exclude_ids":"","_relevanssi_related_no_append":"","_relevanssi_related_not_related":"","_relevanssi_related_posts":"","_relevanssi_noindex_reason":""},"product_brand":[],"product_cat":[344,350],"product_tag":[],"class_list":{"0":"post-132548285","1":"product","2":"type-product","3":"status-publish","4":"has-post-thumbnail","6":"product_cat-capsule","7":"product_cat-sistema-nespresso","8":"pa_brand-kimbo-it","9":"has-subscription-plans","11":"first","12":"outofstock","13":"taxable","14":"shipping-taxable","15":"purchasable","16":"product-type-simple"},"batches":[{"id":"1798","date_created":"2025-04-09 17:57:39","date_expiry":"2026-08-19 00:00:00","user_id":"1","batch_number":"","supplier":"","location":"","quantity":"22.0000","quantity_available":"0.0000","units":"1","status":"archived","order_ids":"[132548119,132549263,132550047,132550073,132550141,132550176,132550210,132550296,132550297,132550418,132550908,132550911,132550930,132550981,132551117,132551187]","po":null},{"id":"2286","date_created":"2025-08-27 10:04:17","date_expiry":"2026-09-17 00:00:00","user_id":"2","batch_number":"","supplier":"","location":"","quantity":"11.0000","quantity_available":"0.0000","units":"1","status":"archived","order_ids":"[132551412,132551439,132551769,132551778]","po":null},{"id":"2535","date_created":"2025-10-24 14:11:19","date_expiry":"2027-03-10 00:00:00","user_id":"2","batch_number":"","supplier":"","location":"","quantity":"22.0000","quantity_available":"0.0000","units":"1","status":"archived","order_ids":"[132551778,132552126]","po":null},{"id":"2880","date_created":"2025-12-19 11:08:38","date_expiry":"2027-05-08 00:00:00","user_id":"2","batch_number":"","supplier":"","location":"","quantity":"40.0000","quantity_available":"0.0000","units":"1","status":"archived","order_ids":"[132552695,132552719,132552759,132552793,132552875,132553051,132553119,132553458,132554115]","po":null}],"_links":{"self":[{"href":"https:\/\/caffeonline.aclas.io\/it\/wp-json\/wp\/v2\/product\/132548285","targetHints":{"allow":["GET"]}}],"collection":[{"href":"https:\/\/caffeonline.aclas.io\/it\/wp-json\/wp\/v2\/product"}],"about":[{"href":"https:\/\/caffeonline.aclas.io\/it\/wp-json\/wp\/v2\/types\/product"}],"replies":[{"embeddable":true,"href":"https:\/\/caffeonline.aclas.io\/it\/wp-json\/wp\/v2\/comments?post=132548285"}],"wp:featuredmedia":[{"embeddable":true,"href":"https:\/\/caffeonline.aclas.io\/it\/wp-json\/wp\/v2\/media\/132547907"}],"wp:attachment":[{"href":"https:\/\/caffeonline.aclas.io\/it\/wp-json\/wp\/v2\/media?parent=132548285"}],"wp:term":[{"taxonomy":"product_brand","embeddable":true,"href":"https:\/\/caffeonline.aclas.io\/it\/wp-json\/wp\/v2\/product_brand?post=132548285"},{"taxonomy":"product_cat","embeddable":true,"href":"https:\/\/caffeonline.aclas.io\/it\/wp-json\/wp\/v2\/product_cat?post=132548285"},{"taxonomy":"product_tag","embeddable":true,"href":"https:\/\/caffeonline.aclas.io\/it\/wp-json\/wp\/v2\/product_tag?post=132548285"}],"curies":[{"name":"wp","href":"https:\/\/api.w.org\/{rel}","templated":true}]}}