{"id":132547693,"date":"2024-11-09T14:36:44","date_gmt":"2024-11-09T13:36:44","guid":{"rendered":"https:\/\/caffeonline.ch\/produkt\/caffe-borbone-capsule-dj-gusto-ciock\/"},"modified":"2024-11-09T14:36:44","modified_gmt":"2024-11-09T13:36:44","slug":"caffe-borbone-capsule-dj-gusto-ciock","status":"publish","type":"product","link":"https:\/\/caffeonline.aclas.io\/it\/produkt\/caffe-borbone-capsule-dj-gusto-ciock\/","title":{"rendered":"Caff\u00e8 Borbone &#8211; Capsule DJ Gusto Ciock"},"content":{"rendered":"","protected":false},"excerpt":{"rendered":"<div class=\"flex max-w-full flex-col flex-grow\">\n<div class=\"min-h-8 text-message flex w-full flex-col items-end gap-2 whitespace-normal break-words [.text-message+&amp;]:mt-5\" dir=\"auto\" data-message-author-role=\"assistant\" data-message-id=\"83d0c91a-1e5b-4c1d-8f13-b3a6bca83473\" data-message-model-slug=\"gpt-4o\">\n<div class=\"flex w-full flex-col gap-1 empty:hidden first:pt-[3px]\">\n<div class=\"markdown prose w-full break-words dark:prose-invert light\">\n<p>Ora c&#8217;\u00e8 un nuovo gustoso prodotto per i piccoli intenditori: le <strong>nuove capsule DjGusto Ciock<\/strong> di Caff\u00e8 Borbone portano allegria all&#8217;ora della merenda. Questa capsula di latte al cioccolato \u00e8 perfetta per rendere felici i pi\u00f9 piccoli e deliziare anche i genitori.<\/p>\n<p>Con un delizioso sapore di <strong>latte e cioccolato<\/strong>, arricchito con <strong>vitamine C e D<\/strong>, questa tazze \u00e8 pura gioia e piacere. Un piacere da non perdere!<\/p>\n<\/div>\n<\/div>\n<\/div>\n<\/div>\n","protected":false},"featured_media":132545909,"comment_status":"open","ping_status":"closed","template":"","meta":{"_relevanssi_hide_post":"","_relevanssi_hide_content":"","_relevanssi_pin_for_all":"","_relevanssi_pin_keywords":"","_relevanssi_unpin_keywords":"","_relevanssi_related_keywords":"","_relevanssi_related_include_ids":"","_relevanssi_related_exclude_ids":"","_relevanssi_related_no_append":"","_relevanssi_related_not_related":"","_relevanssi_related_posts":"","_relevanssi_noindex_reason":""},"product_brand":[],"product_cat":[339,344,560,350],"product_tag":[],"class_list":{"0":"post-132547693","1":"product","2":"type-product","3":"status-publish","4":"has-post-thumbnail","6":"product_cat-bevande-calde","7":"product_cat-capsule","8":"product_cat-offerte-speciali","9":"product_cat-sistema-nespresso","10":"pa_brand-caffe-borbone-it","11":"has-subscription-plans","13":"first","14":"outofstock","15":"sale","16":"taxable","17":"shipping-taxable","18":"purchasable","19":"product-type-simple"},"batches":[{"id":"948","date_created":"2024-11-06 20:16:49","date_expiry":"2025-02-28 00:00:00","user_id":"559","batch_number":"","supplier":"","location":"","quantity":"24.0000","quantity_available":"2.0000","units":"1","status":"archived","order_ids":"[]","po":null}],"_links":{"self":[{"href":"https:\/\/caffeonline.aclas.io\/it\/wp-json\/wp\/v2\/product\/132547693","targetHints":{"allow":["GET"]}}],"collection":[{"href":"https:\/\/caffeonline.aclas.io\/it\/wp-json\/wp\/v2\/product"}],"about":[{"href":"https:\/\/caffeonline.aclas.io\/it\/wp-json\/wp\/v2\/types\/product"}],"replies":[{"embeddable":true,"href":"https:\/\/caffeonline.aclas.io\/it\/wp-json\/wp\/v2\/comments?post=132547693"}],"wp:featuredmedia":[{"embeddable":true,"href":"https:\/\/caffeonline.aclas.io\/it\/wp-json\/wp\/v2\/media\/132545909"}],"wp:attachment":[{"href":"https:\/\/caffeonline.aclas.io\/it\/wp-json\/wp\/v2\/media?parent=132547693"}],"wp:term":[{"taxonomy":"product_brand","embeddable":true,"href":"https:\/\/caffeonline.aclas.io\/it\/wp-json\/wp\/v2\/product_brand?post=132547693"},{"taxonomy":"product_cat","embeddable":true,"href":"https:\/\/caffeonline.aclas.io\/it\/wp-json\/wp\/v2\/product_cat?post=132547693"},{"taxonomy":"product_tag","embeddable":true,"href":"https:\/\/caffeonline.aclas.io\/it\/wp-json\/wp\/v2\/product_tag?post=132547693"}],"curies":[{"name":"wp","href":"https:\/\/api.w.org\/{rel}","templated":true}]}}