{"id":132547674,"date":"2025-02-16T12:48:54","date_gmt":"2025-02-16T11:48:54","guid":{"rendered":"https:\/\/caffeonline.ch\/produkt\/verzi-caffe-capsule-aroma-gran-gusto\/"},"modified":"2025-02-16T12:48:54","modified_gmt":"2025-02-16T11:48:54","slug":"verzi-caffe-capsule-aroma-gran-gusto","status":"publish","type":"product","link":"https:\/\/caffeonline.aclas.io\/it\/produkt\/verzi-caffe-capsule-aroma-gran-gusto\/","title":{"rendered":"Verz\u00ec Caff\u00e8 &#8211; Capsule Aroma Gran Gusto"},"content":{"rendered":"","protected":false},"excerpt":{"rendered":"<p data-start=\"46\" data-end=\"325\"><strong data-start=\"46\" data-end=\"66\">Aroma Gran Gusto<\/strong> \u00e8 una miscela raffinata e aromatica composta dai migliori caff\u00e8 selezionati. Questa composizione \u00e8 stata sviluppata per sviluppare un <strong data-start=\"213\" data-end=\"253\">sapore intenso e avvolgente<\/strong> che rende ogni sorso un&#8217;esperienza piacevole.<\/p>\n<p data-start=\"327\" data-end=\"622\" data-is-last-node=\"\">Le capsule sono confezionate in <strong data-start=\"347\" data-end=\"375\">pratici sacchetti da 10<\/strong> per preservare al meglio la <strong data-start=\"393\" data-end=\"424\">freschezza e il pieno aroma<\/strong> del caff\u00e8. <strong data-start=\"472\" data-end=\"487\">Verz\u00ec Caff\u00e8<\/strong> garantisce cos\u00ec un espresso di alta qualit\u00e0 e dal sapore intenso in ogni momento, perfetto per gli amanti del caff\u00e8 che apprezzano la qualit\u00e0 e la convenienza.<\/p>\n","protected":false},"featured_media":132546902,"comment_status":"open","ping_status":"closed","template":"","meta":{"_relevanssi_hide_post":"","_relevanssi_hide_content":"","_relevanssi_pin_for_all":"","_relevanssi_pin_keywords":"","_relevanssi_unpin_keywords":"","_relevanssi_related_keywords":"","_relevanssi_related_include_ids":"","_relevanssi_related_exclude_ids":"","_relevanssi_related_no_append":"","_relevanssi_related_not_related":"","_relevanssi_related_posts":"","_relevanssi_noindex_reason":""},"product_brand":[],"product_cat":[344,350],"product_tag":[],"class_list":{"0":"post-132547674","1":"product","2":"type-product","3":"status-publish","4":"has-post-thumbnail","6":"product_cat-capsule","7":"product_cat-sistema-nespresso","8":"pa_brand-caffe-verzi-it","9":"has-subscription-plans","11":"first","12":"instock","13":"taxable","14":"shipping-taxable","15":"purchasable","16":"product-type-variable"},"batches":[],"_links":{"self":[{"href":"https:\/\/caffeonline.aclas.io\/it\/wp-json\/wp\/v2\/product\/132547674","targetHints":{"allow":["GET"]}}],"collection":[{"href":"https:\/\/caffeonline.aclas.io\/it\/wp-json\/wp\/v2\/product"}],"about":[{"href":"https:\/\/caffeonline.aclas.io\/it\/wp-json\/wp\/v2\/types\/product"}],"replies":[{"embeddable":true,"href":"https:\/\/caffeonline.aclas.io\/it\/wp-json\/wp\/v2\/comments?post=132547674"}],"wp:featuredmedia":[{"embeddable":true,"href":"https:\/\/caffeonline.aclas.io\/it\/wp-json\/wp\/v2\/media\/132546902"}],"wp:attachment":[{"href":"https:\/\/caffeonline.aclas.io\/it\/wp-json\/wp\/v2\/media?parent=132547674"}],"wp:term":[{"taxonomy":"product_brand","embeddable":true,"href":"https:\/\/caffeonline.aclas.io\/it\/wp-json\/wp\/v2\/product_brand?post=132547674"},{"taxonomy":"product_cat","embeddable":true,"href":"https:\/\/caffeonline.aclas.io\/it\/wp-json\/wp\/v2\/product_cat?post=132547674"},{"taxonomy":"product_tag","embeddable":true,"href":"https:\/\/caffeonline.aclas.io\/it\/wp-json\/wp\/v2\/product_tag?post=132547674"}],"curies":[{"name":"wp","href":"https:\/\/api.w.org\/{rel}","templated":true}]}}