{"id":132547657,"date":"2025-02-16T15:54:51","date_gmt":"2025-02-16T14:54:51","guid":{"rendered":"https:\/\/caffeonline.ch\/produkt\/diva-caffe-caffe-in-grani-sublime\/"},"modified":"2025-02-16T15:54:51","modified_gmt":"2025-02-16T14:54:51","slug":"diva-caffe-caffe-in-grani-sublime","status":"publish","type":"product","link":"https:\/\/caffeonline.aclas.io\/it\/produkt\/diva-caffe-caffe-in-grani-sublime\/","title":{"rendered":"Diva Caff\u00e8 &#8211; Caff\u00e8 in grani Sublime"},"content":{"rendered":"","protected":false},"excerpt":{"rendered":"<p data-start=\"41\" data-end=\"511\">La <strong data-start=\"45\" data-end=\"65\">miscela Sublime<\/strong> combina <strong data-start=\"74\" data-end=\"107\">il 70% di Arabica e il 30% di Robusta<\/strong> per creare un caff\u00e8 armonioso con una <strong data-start=\"141\" data-end=\"162\">crema marrone chiaro<\/strong> e un sapore perfettamente bilanciato. Grazie alla <strong data-start=\"219\" data-end=\"240\">tostatura media<\/strong>, si sviluppa un aroma morbido, dolce e multistrato, completato da fini <strong data-start=\"318\" data-end=\"343\">sfumature di frutta secca<\/strong>. Questa miscela offre una struttura di gusto morbida ma espressiva, che piace sia agli amanti dei caff\u00e8 delicati che di quelli intensi.<\/p>\n<p data-start=\"513\" data-end=\"862\" data-is-last-node=\"\">Con la sua combinazione equilibrata di <strong data-start=\"552\" data-end=\"579\">dolcezza e leggera acidit\u00e0<\/strong>, la <strong data-start=\"596\" data-end=\"616\">miscela Sublime<\/strong> \u00e8 particolarmente adatta a chi vuole scoprire nuovi sapori di caff\u00e8. \u00c8 un&#8217;introduzione ideale per gli intenditori che cercano un espresso raffinato ma accessibile, con un profilo di gusto complesso e armonioso.<\/p>\n","protected":false},"featured_media":132546885,"comment_status":"open","ping_status":"closed","template":"","meta":{"_relevanssi_hide_post":"","_relevanssi_hide_content":"","_relevanssi_pin_for_all":"","_relevanssi_pin_keywords":"","_relevanssi_unpin_keywords":"","_relevanssi_related_keywords":"","_relevanssi_related_include_ids":"","_relevanssi_related_exclude_ids":"","_relevanssi_related_no_append":"","_relevanssi_related_not_related":"","_relevanssi_related_posts":"","_relevanssi_noindex_reason":""},"product_brand":[],"product_cat":[340],"product_tag":[],"class_list":{"0":"post-132547657","1":"product","2":"type-product","3":"status-publish","4":"has-post-thumbnail","6":"product_cat-caffe-in-grani","7":"pa_brand-diva-caffe-it","8":"has-subscription-plans","10":"first","11":"outofstock","12":"taxable","13":"shipping-taxable","14":"purchasable","15":"product-type-simple"},"batches":[{"id":"1510","date_created":"2025-02-10 13:59:51","date_expiry":"2025-12-16 00:00:00","user_id":"559","batch_number":"","supplier":"","location":"","quantity":"6.0000","quantity_available":"0.0000","units":"1","status":"archived","order_ids":"[132551183]","po":null},{"id":"1511","date_created":"2025-02-10 14:00:56","date_expiry":null,"user_id":"559","batch_number":"","supplier":"","location":"","quantity":"0.0000","quantity_available":"0.0000","units":"1","status":"archived","order_ids":null,"po":null}],"_links":{"self":[{"href":"https:\/\/caffeonline.aclas.io\/it\/wp-json\/wp\/v2\/product\/132547657","targetHints":{"allow":["GET"]}}],"collection":[{"href":"https:\/\/caffeonline.aclas.io\/it\/wp-json\/wp\/v2\/product"}],"about":[{"href":"https:\/\/caffeonline.aclas.io\/it\/wp-json\/wp\/v2\/types\/product"}],"replies":[{"embeddable":true,"href":"https:\/\/caffeonline.aclas.io\/it\/wp-json\/wp\/v2\/comments?post=132547657"}],"wp:featuredmedia":[{"embeddable":true,"href":"https:\/\/caffeonline.aclas.io\/it\/wp-json\/wp\/v2\/media\/132546885"}],"wp:attachment":[{"href":"https:\/\/caffeonline.aclas.io\/it\/wp-json\/wp\/v2\/media?parent=132547657"}],"wp:term":[{"taxonomy":"product_brand","embeddable":true,"href":"https:\/\/caffeonline.aclas.io\/it\/wp-json\/wp\/v2\/product_brand?post=132547657"},{"taxonomy":"product_cat","embeddable":true,"href":"https:\/\/caffeonline.aclas.io\/it\/wp-json\/wp\/v2\/product_cat?post=132547657"},{"taxonomy":"product_tag","embeddable":true,"href":"https:\/\/caffeonline.aclas.io\/it\/wp-json\/wp\/v2\/product_tag?post=132547657"}],"curies":[{"name":"wp","href":"https:\/\/api.w.org\/{rel}","templated":true}]}}