{"id":13137,"date":"2024-04-20T14:07:36","date_gmt":"2024-04-20T12:07:36","guid":{"rendered":"https:\/\/caffeonline.ch\/produkt\/bialetti-caffettiera-moka-express\/"},"modified":"2025-02-07T22:41:36","modified_gmt":"2025-02-07T21:41:36","slug":"bialetti-caffettiera-moka-express","status":"publish","type":"product","link":"https:\/\/caffeonline.aclas.io\/it\/produkt\/bialetti-caffettiera-moka-express\/","title":{"rendered":"Bialetti &#8211; Caffettiera Moka Express"},"content":{"rendered":"","protected":false},"excerpt":{"rendered":"<div class=\"product attribute overview\">\n<div class=\"value\">\n<p><strong>La <span class=\"font-weight-bold\">Moka<\/span>. Unico e originale dal 1933.<\/strong><\/p>\n<p>Nata da un&#8217;idea geniale di Alfonso Bialetti, la <span class=\"font-weight-bold\">Moka Bialetti<\/span> ha conquistato un posto nel cuore e nelle cucine degli italiani in quasi cento anni di storia.<\/p>\n<p>La <strong><span class=\"font-weight-bold\">Moka Express<\/span><\/strong> un eccezionale esempio di Art D\u00e9co, \u00e8 diventato un simbolo del Made in Italy ed \u00e8 presente nella mostra permanente della Triennale di Milano e del MoMa di New York.<\/p>\n<p>Nel corso degli anni, Bialetti ha perfezionato il suo tipico design, ma le caratteristiche funzionali e di utilizzo della Moka sono rimaste invariate: la caldaia ottagonale in alluminio, l&#8217;esclusiva valvola ispezionabile e facile da pulire, l&#8217;inserto a imbuto e il piano della caraffa, che raccoglie il nero e corposo caff\u00e8 caldo dopo l&#8217;estrazione.<\/p>\n<\/div>\n<\/div>\n<div class=\"custom-pdp-de\">\n<\/div>\n","protected":false},"featured_media":13116,"comment_status":"open","ping_status":"closed","template":"","meta":{"_relevanssi_hide_post":"","_relevanssi_hide_content":"","_relevanssi_pin_for_all":"","_relevanssi_pin_keywords":"","_relevanssi_unpin_keywords":"","_relevanssi_related_keywords":"","_relevanssi_related_include_ids":"","_relevanssi_related_exclude_ids":"","_relevanssi_related_no_append":"","_relevanssi_related_not_related":"","_relevanssi_related_posts":"","_relevanssi_noindex_reason":""},"product_brand":[],"product_cat":[342,559],"product_tag":[],"class_list":{"0":"post-13137","1":"product","2":"type-product","3":"status-publish","4":"has-post-thumbnail","6":"product_cat-macchine-da-caffe","7":"product_cat-moka-it","8":"pa_brand-bialetti-it","10":"first","11":"instock","12":"taxable","13":"shipping-taxable","14":"purchasable","15":"product-type-variable"},"batches":[],"_links":{"self":[{"href":"https:\/\/caffeonline.aclas.io\/it\/wp-json\/wp\/v2\/product\/13137","targetHints":{"allow":["GET"]}}],"collection":[{"href":"https:\/\/caffeonline.aclas.io\/it\/wp-json\/wp\/v2\/product"}],"about":[{"href":"https:\/\/caffeonline.aclas.io\/it\/wp-json\/wp\/v2\/types\/product"}],"replies":[{"embeddable":true,"href":"https:\/\/caffeonline.aclas.io\/it\/wp-json\/wp\/v2\/comments?post=13137"}],"wp:featuredmedia":[{"embeddable":true,"href":"https:\/\/caffeonline.aclas.io\/it\/wp-json\/wp\/v2\/media\/13116"}],"wp:attachment":[{"href":"https:\/\/caffeonline.aclas.io\/it\/wp-json\/wp\/v2\/media?parent=13137"}],"wp:term":[{"taxonomy":"product_brand","embeddable":true,"href":"https:\/\/caffeonline.aclas.io\/it\/wp-json\/wp\/v2\/product_brand?post=13137"},{"taxonomy":"product_cat","embeddable":true,"href":"https:\/\/caffeonline.aclas.io\/it\/wp-json\/wp\/v2\/product_cat?post=13137"},{"taxonomy":"product_tag","embeddable":true,"href":"https:\/\/caffeonline.aclas.io\/it\/wp-json\/wp\/v2\/product_tag?post=13137"}],"curies":[{"name":"wp","href":"https:\/\/api.w.org\/{rel}","templated":true}]}}