{"id":12555,"date":"2024-04-10T22:13:44","date_gmt":"2024-04-10T20:13:44","guid":{"rendered":"https:\/\/caffeonline.ch\/produkt\/kimbo-tamponi-ese-espresso-decaffeinato\/"},"modified":"2025-08-30T14:12:44","modified_gmt":"2025-08-30T12:12:44","slug":"kimbo-tamponi-ese-espresso-decaffeinato","status":"publish","type":"product","link":"https:\/\/caffeonline.aclas.io\/it\/produkt\/kimbo-tamponi-ese-espresso-decaffeinato\/","title":{"rendered":"Kimbo &#8211; Cialde ESE Espresso Decaffeinato"},"content":{"rendered":"","protected":false},"excerpt":{"rendered":"<ul>\n<li>85% di grani Arabica e 15% di grani Robusta<\/li>\n<li>Gusto corposo e forte<\/li>\n<li>Aroma intenso con note dolciastre<\/li>\n<li>Processo di estrazione avanzato<\/li>\n<\/ul>\n<p><strong>Cialde ESE Kimbo Decaffeinato, l&#8217;espresso decaffeinato di Napoli<br \/>\n<\/strong>I chicchi accuratamente selezionati, con un rapporto di miscela di 85% di grani Arabica e 15% di grani Robusta, ti offrono un&#8217;esperienza di caff\u00e8 eccezionale. Le cialde E.S.E. (Easy Serving Espresso) di Kimbo convincono per l&#8217;aroma intenso e le note dolci. I grani vengono tostati a calore medio, ottenendo una corposit\u00e0 dal sapore pieno e forte.<\/p>\n<p><strong>Con le cialde ESE Kimbo Decaffeinato puoi creare la tua straordinaria esperienza di gusto<br \/>\n<\/strong>A Napoli sanno cosa significa un buon caff\u00e8. Dopo tutto, nessuna giornata nella citt\u00e0 portuale italiana inizia senza un forte espresso. Con le cialde ESE Kimbo Decaffeinato, la torrefazione tradizionale dimostra ancora una volta cosa significhi il vero piacere del caff\u00e8 italiano. L&#8217;espresso decaffeinato della macchina a cialde E.S.E. o del portafiltro \u00e8 un must per tutti gli amanti dell&#8217;espresso italiano e del piacere del caff\u00e8 in ogni momento. Non c&#8217;\u00e8 da stupirsi, se si vede la passione con cui Kimbo si dedica allo sviluppo di eccezionali creazioni di caff\u00e8.<\/p>\n","protected":false},"featured_media":132546452,"comment_status":"open","ping_status":"closed","template":"","meta":{"_relevanssi_hide_post":"","_relevanssi_hide_content":"","_relevanssi_pin_for_all":"","_relevanssi_pin_keywords":"","_relevanssi_unpin_keywords":"","_relevanssi_related_keywords":"","_relevanssi_related_include_ids":"","_relevanssi_related_exclude_ids":"","_relevanssi_related_no_append":"","_relevanssi_related_not_related":"","_relevanssi_related_posts":"","_relevanssi_noindex_reason":""},"product_brand":[],"product_cat":[338],"product_tag":[],"class_list":{"0":"post-12555","1":"product","2":"type-product","3":"status-publish","4":"has-post-thumbnail","6":"product_cat-cialde-ese","7":"pa_brand-kimbo-it","8":"has-subscription-plans","10":"first","11":"instock","12":"sale","13":"taxable","14":"shipping-taxable","15":"purchasable","16":"product-type-variable"},"batches":[],"_links":{"self":[{"href":"https:\/\/caffeonline.aclas.io\/it\/wp-json\/wp\/v2\/product\/12555","targetHints":{"allow":["GET"]}}],"collection":[{"href":"https:\/\/caffeonline.aclas.io\/it\/wp-json\/wp\/v2\/product"}],"about":[{"href":"https:\/\/caffeonline.aclas.io\/it\/wp-json\/wp\/v2\/types\/product"}],"replies":[{"embeddable":true,"href":"https:\/\/caffeonline.aclas.io\/it\/wp-json\/wp\/v2\/comments?post=12555"}],"wp:featuredmedia":[{"embeddable":true,"href":"https:\/\/caffeonline.aclas.io\/it\/wp-json\/wp\/v2\/media\/132546452"}],"wp:attachment":[{"href":"https:\/\/caffeonline.aclas.io\/it\/wp-json\/wp\/v2\/media?parent=12555"}],"wp:term":[{"taxonomy":"product_brand","embeddable":true,"href":"https:\/\/caffeonline.aclas.io\/it\/wp-json\/wp\/v2\/product_brand?post=12555"},{"taxonomy":"product_cat","embeddable":true,"href":"https:\/\/caffeonline.aclas.io\/it\/wp-json\/wp\/v2\/product_cat?post=12555"},{"taxonomy":"product_tag","embeddable":true,"href":"https:\/\/caffeonline.aclas.io\/it\/wp-json\/wp\/v2\/product_tag?post=12555"}],"curies":[{"name":"wp","href":"https:\/\/api.w.org\/{rel}","templated":true}]}}