{"id":12524,"date":"2024-04-10T22:13:31","date_gmt":"2024-04-10T20:13:31","guid":{"rendered":"https:\/\/caffeonline.ch\/produkt\/lollo-caffe-accessori-per-il-caffe\/"},"modified":"2025-08-25T19:53:10","modified_gmt":"2025-08-25T17:53:10","slug":"lollo-caffe-accessori-per-il-caffe","status":"publish","type":"product","link":"https:\/\/caffeonline.aclas.io\/it\/produkt\/lollo-caffe-accessori-per-il-caffe\/","title":{"rendered":"Lollo Caff\u00e8 &#8211; Accessori per il caff\u00e8"},"content":{"rendered":"","protected":false},"excerpt":{"rendered":"<p>Il set completo di accessori ecologici &#8220;Lollo Caff\u00e8 Kit Accessori Eco 150&#8221; offre un&#8217;ampia gamma di prodotti ecologici per l&#8217;uso quotidiano. Contiene zucchero extrafine, bicchieri di carta e agitatori di legno, tutti forniti in una confezione biodegradabile.<\/p>\n<p>I bicchieri di carta hanno una capacit\u00e0 di 60 ml e sono disponibili in quantit\u00e0 di 100 o 150 pezzi. Gli agitatori in legno sono forniti anche in quantit\u00e0 di 100 o 150 e sono confezionati in imballaggi ecologici. Sono incluse anche le bustine di zucchero extrafine, disponibili in quantit\u00e0 di 100 o 150 pezzi.<\/p>\n<p>Questo set di accessori ecologici \u00e8 perfetto per uffici e negozi che tengono alla sostenibilit\u00e0. Con questo set potrete divertirvi in modo ecologico e allo stesso tempo dare un contributo alla tutela dell&#8217;ambiente.<\/p>\n","protected":false},"featured_media":12097,"comment_status":"open","ping_status":"closed","template":"","meta":{"_relevanssi_hide_post":"","_relevanssi_hide_content":"","_relevanssi_pin_for_all":"","_relevanssi_pin_keywords":"","_relevanssi_unpin_keywords":"","_relevanssi_related_keywords":"","_relevanssi_related_include_ids":"","_relevanssi_related_exclude_ids":"","_relevanssi_related_no_append":"","_relevanssi_related_not_related":"","_relevanssi_related_posts":"","_relevanssi_noindex_reason":""},"product_brand":[],"product_cat":[352],"product_tag":[],"class_list":{"0":"post-12524","1":"product","2":"type-product","3":"status-publish","4":"has-post-thumbnail","6":"product_cat-accessori","7":"pa_brand-lollo-caffe-it","9":"first","10":"instock","11":"taxable","12":"shipping-taxable","13":"purchasable","14":"product-type-variable"},"batches":[],"_links":{"self":[{"href":"https:\/\/caffeonline.aclas.io\/it\/wp-json\/wp\/v2\/product\/12524","targetHints":{"allow":["GET"]}}],"collection":[{"href":"https:\/\/caffeonline.aclas.io\/it\/wp-json\/wp\/v2\/product"}],"about":[{"href":"https:\/\/caffeonline.aclas.io\/it\/wp-json\/wp\/v2\/types\/product"}],"replies":[{"embeddable":true,"href":"https:\/\/caffeonline.aclas.io\/it\/wp-json\/wp\/v2\/comments?post=12524"}],"wp:featuredmedia":[{"embeddable":true,"href":"https:\/\/caffeonline.aclas.io\/it\/wp-json\/wp\/v2\/media\/12097"}],"wp:attachment":[{"href":"https:\/\/caffeonline.aclas.io\/it\/wp-json\/wp\/v2\/media?parent=12524"}],"wp:term":[{"taxonomy":"product_brand","embeddable":true,"href":"https:\/\/caffeonline.aclas.io\/it\/wp-json\/wp\/v2\/product_brand?post=12524"},{"taxonomy":"product_cat","embeddable":true,"href":"https:\/\/caffeonline.aclas.io\/it\/wp-json\/wp\/v2\/product_cat?post=12524"},{"taxonomy":"product_tag","embeddable":true,"href":"https:\/\/caffeonline.aclas.io\/it\/wp-json\/wp\/v2\/product_tag?post=12524"}],"curies":[{"name":"wp","href":"https:\/\/api.w.org\/{rel}","templated":true}]}}