{"id":12521,"date":"2024-04-10T22:13:34","date_gmt":"2024-04-10T20:13:34","guid":{"rendered":"https:\/\/caffeonline.ch\/produkt\/lollo-caffe-capsule-linea-amore-travolgente-30-pezzi\/"},"modified":"2026-01-17T12:05:42","modified_gmt":"2026-01-17T11:05:42","slug":"lollo-caffe-capsule-linea-amore-travolgente-30-pezzi","status":"publish","type":"product","link":"https:\/\/caffeonline.aclas.io\/it\/produkt\/lollo-caffe-capsule-linea-amore-travolgente-30-pezzi\/","title":{"rendered":"Lollo Caff\u00e8 &#8211; Capsule Linea Amore Travolgente"},"content":{"rendered":"","protected":false},"excerpt":{"rendered":"<p>Le <strong>capsule Lollo Caff\u00e8 Linea Amore Travolgente<\/strong> offrono un&#8217;esperienza di caff\u00e8 intensa, cremosa ed energizzante. Questa miscela \u00e8 nota per la sua forte intensit\u00e0 e la sua piena corposit\u00e0, che la rendono un caff\u00e8 eccellente per chi cerca un inizio di giornata potente o una spinta energetica durante la giornata.<\/p>\n<ul>\n<li><strong>Intenso e cremoso:<\/strong> un espresso forte e corposo, pieno di energia e vigore.<\/li>\n<li><strong>Intensit\u00e0:<\/strong> Molto alta<\/li>\n<li><strong>Aroma:<\/strong> Profondo e ricco<\/li>\n<li><strong>Corposit\u00e0:<\/strong> Piena e potente<\/li>\n<li><strong>Ricchezza:<\/strong> Ricca<\/li>\n<li><strong>Persistenza:<\/strong> Lunga durata<\/li>\n<\/ul>\n<p>Queste capsule sono ideali per chi apprezza un caff\u00e8 intenso, cremoso e corposo. Perfetto per chi cerca un&#8217;esperienza di caff\u00e8 potente e rinvigorente che stimoli sia la mente che i sensi. Ideale per il caff\u00e8 del mattino o come base forte per le specialit\u00e0 a base di latte.<\/p>\n","protected":false},"featured_media":12121,"comment_status":"open","ping_status":"closed","template":"","meta":{"_relevanssi_hide_post":"","_relevanssi_hide_content":"","_relevanssi_pin_for_all":"","_relevanssi_pin_keywords":"","_relevanssi_unpin_keywords":"","_relevanssi_related_keywords":"","_relevanssi_related_include_ids":"","_relevanssi_related_exclude_ids":"","_relevanssi_related_no_append":"","_relevanssi_related_not_related":"","_relevanssi_related_posts":"","_relevanssi_noindex_reason":""},"product_brand":[],"product_cat":[344,350],"product_tag":[],"class_list":{"0":"post-12521","1":"product","2":"type-product","3":"status-publish","4":"has-post-thumbnail","6":"product_cat-capsule","7":"product_cat-sistema-nespresso","8":"pa_brand-lollo-caffe-it","9":"has-subscription-plans","11":"first","12":"instock","13":"sale","14":"taxable","15":"shipping-taxable","16":"purchasable","17":"product-type-simple"},"batches":[{"id":"228","date_created":"2024-03-13 06:54:57","date_expiry":"2025-12-31 00:00:00","user_id":"1","batch_number":"","supplier":"","location":"","quantity":"30.0000","quantity_available":"0.0000","units":"1","status":"archived","order_ids":"[15219,15326,15409,15546,16028,16217,132546082,132546163,132546334,132546471,132546685,132548095,132548302,132549775,132550008,132550047,132550221,132550809]","po":null},{"id":"2388","date_created":"2025-09-20 14:26:26","date_expiry":"2025-12-30 00:00:00","user_id":"1","batch_number":"","supplier":"","location":"","quantity":"1.0000","quantity_available":"0.0000","units":"1","status":"archived","order_ids":"[132551390]","po":null},{"id":"2389","date_created":"2025-09-20 14:26:48","date_expiry":"2027-06-30 00:00:00","user_id":"1","batch_number":"","supplier":"","location":"","quantity":"72.0000","quantity_available":"42.0000","units":"1","status":"active","order_ids":"[132551390,132551905,132552949,132553186,132553462,132553578,132553707]","po":null}],"_links":{"self":[{"href":"https:\/\/caffeonline.aclas.io\/it\/wp-json\/wp\/v2\/product\/12521","targetHints":{"allow":["GET"]}}],"collection":[{"href":"https:\/\/caffeonline.aclas.io\/it\/wp-json\/wp\/v2\/product"}],"about":[{"href":"https:\/\/caffeonline.aclas.io\/it\/wp-json\/wp\/v2\/types\/product"}],"replies":[{"embeddable":true,"href":"https:\/\/caffeonline.aclas.io\/it\/wp-json\/wp\/v2\/comments?post=12521"}],"wp:featuredmedia":[{"embeddable":true,"href":"https:\/\/caffeonline.aclas.io\/it\/wp-json\/wp\/v2\/media\/12121"}],"wp:attachment":[{"href":"https:\/\/caffeonline.aclas.io\/it\/wp-json\/wp\/v2\/media?parent=12521"}],"wp:term":[{"taxonomy":"product_brand","embeddable":true,"href":"https:\/\/caffeonline.aclas.io\/it\/wp-json\/wp\/v2\/product_brand?post=12521"},{"taxonomy":"product_cat","embeddable":true,"href":"https:\/\/caffeonline.aclas.io\/it\/wp-json\/wp\/v2\/product_cat?post=12521"},{"taxonomy":"product_tag","embeddable":true,"href":"https:\/\/caffeonline.aclas.io\/it\/wp-json\/wp\/v2\/product_tag?post=12521"}],"curies":[{"name":"wp","href":"https:\/\/api.w.org\/{rel}","templated":true}]}}