{"id":12520,"date":"2024-04-10T22:13:43","date_gmt":"2024-04-10T20:13:43","guid":{"rendered":"https:\/\/caffeonline.ch\/produkt\/lollo-caffe-tamponi-ese-linea-amore-travolgente-50-pezzi\/"},"modified":"2025-06-21T14:55:26","modified_gmt":"2025-06-21T12:55:26","slug":"lollo-caffe-tamponi-ese-linea-amore-travolgente-50-pezzi","status":"publish","type":"product","link":"https:\/\/caffeonline.aclas.io\/it\/produkt\/lollo-caffe-tamponi-ese-linea-amore-travolgente-50-pezzi\/","title":{"rendered":"Lollo Caff\u00e8 &#8211; Cialde ESE Linea Amore Travolgente"},"content":{"rendered":"","protected":false},"excerpt":{"rendered":"<p>Le <strong>cialde ESE Lollo Caff\u00e8 Linea Amore Travolgente<\/strong> offrono un&#8217;esperienza di caff\u00e8 intensa, cremosa ed energizzante. Questa miscela \u00e8 nota per la sua forte intensit\u00e0 e la sua piena corposit\u00e0, che la rendono un caff\u00e8 eccellente per chi cerca un inizio di giornata potente o una spinta energetica durante la giornata.<\/p>\n<ul>\n<li><strong>Intenso e cremoso:<\/strong> un espresso forte e corposo, pieno di energia e vigore.<\/li>\n<li><strong>Intensit\u00e0:<\/strong> Molto alta<\/li>\n<li><strong>Aroma:<\/strong> Profondo e ricco<\/li>\n<li><strong>Corposit\u00e0:<\/strong> Piena e potente<\/li>\n<li><strong>Ricchezza:<\/strong> Ricca<\/li>\n<li><strong>Persistenza:<\/strong> Lunga durata<\/li>\n<\/ul>\n<p>Queste cialde ESE sono ideali per chi apprezza un caff\u00e8 intenso, cremoso e corposo. Perfetto per chi cerca un&#8217;esperienza di caff\u00e8 potente e rinvigorente che stimoli sia la mente che i sensi. Ideale per il caff\u00e8 del mattino o come base forte per le specialit\u00e0 a base di latte.<\/p>\n","protected":false},"featured_media":12119,"comment_status":"open","ping_status":"closed","template":"","meta":{"_relevanssi_hide_post":"","_relevanssi_hide_content":"","_relevanssi_pin_for_all":"","_relevanssi_pin_keywords":"","_relevanssi_unpin_keywords":"","_relevanssi_related_keywords":"","_relevanssi_related_include_ids":"","_relevanssi_related_exclude_ids":"","_relevanssi_related_no_append":"","_relevanssi_related_not_related":"","_relevanssi_related_posts":"","_relevanssi_noindex_reason":""},"product_brand":[],"product_cat":[338],"product_tag":[],"class_list":{"0":"post-12520","1":"product","2":"type-product","3":"status-publish","4":"has-post-thumbnail","6":"product_cat-cialde-ese","7":"pa_brand-lollo-caffe-it","8":"has-subscription-plans","10":"first","11":"instock","12":"sale","13":"taxable","14":"shipping-taxable","15":"purchasable","16":"product-type-simple"},"batches":[{"id":"546","date_created":"2024-07-05 15:43:57","date_expiry":"2025-12-31 00:00:00","user_id":"559","batch_number":"","supplier":"","location":"","quantity":"7.0000","quantity_available":"0.0000","units":"1","status":"archived","order_ids":"[14911,14933,15332,16178,16518,132546163,132546471]","po":null},{"id":"1251","date_created":"2024-12-18 14:51:28","date_expiry":"2026-06-30 00:00:00","user_id":"559","batch_number":"","supplier":"","location":"","quantity":"24.0000","quantity_available":"0.0000","units":"1","status":"archived","order_ids":"[132546497,132546569,132546654,132546685,132547116,132547206,132547249,132550175]","po":null},{"id":"1668","date_created":"2025-03-13 12:48:05","date_expiry":"2025-12-30 00:00:00","user_id":"559","batch_number":"","supplier":"","location":"","quantity":"20.0000","quantity_available":"0.0000","units":"1","status":"archived","order_ids":"[132547830,132549741,132549852,132549881,132549929,132550063,132550073,132550122,132550127,132550147,132550175]","po":null},{"id":"2159","date_created":"2025-08-06 13:22:01","date_expiry":"2026-06-30 00:00:00","user_id":"2","batch_number":"","supplier":"","location":"","quantity":"24.0000","quantity_available":"0.0000","units":"1","status":"archived","order_ids":"[132550306,132550913,132551117,132551170,132551209,132551360,132551412,132551901,132552126,132552266]","po":null},{"id":"2915","date_created":"2026-01-03 11:15:34","date_expiry":"2026-06-30 00:00:00","user_id":"2","batch_number":"","supplier":"","location":"","quantity":"2.0000","quantity_available":"0.0000","units":"1","status":"archived","order_ids":"[132553047,132553186]","po":null},{"id":"3124","date_created":"2026-02-05 17:31:00","date_expiry":"2027-06-30 00:00:00","user_id":"2","batch_number":"","supplier":"","location":"","quantity":"24.0000","quantity_available":"20.0000","units":"1","status":"active","order_ids":"[132554109]","po":null}],"_links":{"self":[{"href":"https:\/\/caffeonline.aclas.io\/it\/wp-json\/wp\/v2\/product\/12520","targetHints":{"allow":["GET"]}}],"collection":[{"href":"https:\/\/caffeonline.aclas.io\/it\/wp-json\/wp\/v2\/product"}],"about":[{"href":"https:\/\/caffeonline.aclas.io\/it\/wp-json\/wp\/v2\/types\/product"}],"replies":[{"embeddable":true,"href":"https:\/\/caffeonline.aclas.io\/it\/wp-json\/wp\/v2\/comments?post=12520"}],"wp:featuredmedia":[{"embeddable":true,"href":"https:\/\/caffeonline.aclas.io\/it\/wp-json\/wp\/v2\/media\/12119"}],"wp:attachment":[{"href":"https:\/\/caffeonline.aclas.io\/it\/wp-json\/wp\/v2\/media?parent=12520"}],"wp:term":[{"taxonomy":"product_brand","embeddable":true,"href":"https:\/\/caffeonline.aclas.io\/it\/wp-json\/wp\/v2\/product_brand?post=12520"},{"taxonomy":"product_cat","embeddable":true,"href":"https:\/\/caffeonline.aclas.io\/it\/wp-json\/wp\/v2\/product_cat?post=12520"},{"taxonomy":"product_tag","embeddable":true,"href":"https:\/\/caffeonline.aclas.io\/it\/wp-json\/wp\/v2\/product_tag?post=12520"}],"curies":[{"name":"wp","href":"https:\/\/api.w.org\/{rel}","templated":true}]}}