{"id":12519,"date":"2024-04-10T22:13:29","date_gmt":"2024-04-10T20:13:29","guid":{"rendered":"https:\/\/caffeonline.ch\/produkt\/caffe-passalacqua-caffe-in-grani-mexico-plus-1kg\/"},"modified":"2026-03-14T09:23:58","modified_gmt":"2026-03-14T08:23:58","slug":"caffe-passalacqua-caffe-in-grani-mexico-plus-1kg","status":"publish","type":"product","link":"https:\/\/caffeonline.aclas.io\/it\/produkt\/caffe-passalacqua-caffe-in-grani-mexico-plus-1kg\/","title":{"rendered":"Caff\u00e8 Passalacqua &#8211; Caff\u00e8 in grani Mexico Plus"},"content":{"rendered":"","protected":false},"excerpt":{"rendered":"<table border=\"0\">\n<tbody>\n<tr>\n<td style=\"width: 65%;\"><strong>Il miglior aroma e la vera corposit\u00e0 del caff\u00e8 al bar: Mexico Plus \u00e8 la miscela di caff\u00e8 con quel qualcosa che caratterizza il vero espresso napoletano.<\/strong><\/p>\n<p>Mexico Plus \u00e8 una delle migliori miscele del catalogo Passalacqua per il bar. Come la miscela Mexico, Mexico Plus offre un equilibrio perfetto tra aroma intenso, corpo perfetto e un sapore pi\u00f9 lungo in tazza.<\/p>\n<p>Al bar, un caff\u00e8 realizzato con la miscela Mexico Plus \u00e8 in grado di soddisfare i palati dei clienti pi\u00f9 esigenti e le ambizioni dei baristi pi\u00f9 meticolosi: la persistenza di un sapore unico con la corposit\u00e0 e la &#8220;crema&#8221; tipiche di un espresso napoletano. La risposta giusta per gli intenditori che cercano la perfezione nel caff\u00e8. Come tutte le miscele di caff\u00e8 Passalacqua, anche Mexico Plus d\u00e0 sempre quel sentore di &#8220;buon caff\u00e8&#8221; per molto tempo.<\/td>\n<td style=\"width: 35%;\"><img decoding=\"async\" src=\"https:\/\/caffeonline.aclas.io\/wp-content\/uploads\/2024\/05\/mexico-plus.png\"><\/td>\n<\/tr>\n<\/tbody>\n<\/table>\n","protected":false},"featured_media":12173,"comment_status":"open","ping_status":"closed","template":"","meta":{"_relevanssi_hide_post":"","_relevanssi_hide_content":"","_relevanssi_pin_for_all":"","_relevanssi_pin_keywords":"","_relevanssi_unpin_keywords":"","_relevanssi_related_keywords":"","_relevanssi_related_include_ids":"","_relevanssi_related_exclude_ids":"","_relevanssi_related_no_append":"","_relevanssi_related_not_related":"","_relevanssi_related_posts":"","_relevanssi_noindex_reason":""},"product_brand":[],"product_cat":[340],"product_tag":[],"class_list":{"0":"post-12519","1":"product","2":"type-product","3":"status-publish","4":"has-post-thumbnail","6":"product_cat-caffe-in-grani","7":"pa_brand-caffe-passalacqua-it","8":"has-subscription-plans","10":"first","11":"instock","12":"taxable","13":"shipping-taxable","14":"purchasable","15":"product-type-simple"},"batches":[{"id":"2152","date_created":"2025-08-06 13:11:08","date_expiry":"2026-06-30 00:00:00","user_id":"2","batch_number":"","supplier":"","location":"","quantity":"19.0000","quantity_available":"0.0000","units":"1","status":"archived","order_ids":"[132550418,132551289,132551377,132551381,132551499,132551648,132552462]","po":null},{"id":"3185","date_created":"2026-02-12 16:05:16","date_expiry":"2027-06-30 00:00:00","user_id":"2","batch_number":"","supplier":"","location":"","quantity":"12.0000","quantity_available":"8.0000","units":"1","status":"active","order_ids":"[132554081,132554146]","po":null}],"_links":{"self":[{"href":"https:\/\/caffeonline.aclas.io\/it\/wp-json\/wp\/v2\/product\/12519","targetHints":{"allow":["GET"]}}],"collection":[{"href":"https:\/\/caffeonline.aclas.io\/it\/wp-json\/wp\/v2\/product"}],"about":[{"href":"https:\/\/caffeonline.aclas.io\/it\/wp-json\/wp\/v2\/types\/product"}],"replies":[{"embeddable":true,"href":"https:\/\/caffeonline.aclas.io\/it\/wp-json\/wp\/v2\/comments?post=12519"}],"wp:featuredmedia":[{"embeddable":true,"href":"https:\/\/caffeonline.aclas.io\/it\/wp-json\/wp\/v2\/media\/12173"}],"wp:attachment":[{"href":"https:\/\/caffeonline.aclas.io\/it\/wp-json\/wp\/v2\/media?parent=12519"}],"wp:term":[{"taxonomy":"product_brand","embeddable":true,"href":"https:\/\/caffeonline.aclas.io\/it\/wp-json\/wp\/v2\/product_brand?post=12519"},{"taxonomy":"product_cat","embeddable":true,"href":"https:\/\/caffeonline.aclas.io\/it\/wp-json\/wp\/v2\/product_cat?post=12519"},{"taxonomy":"product_tag","embeddable":true,"href":"https:\/\/caffeonline.aclas.io\/it\/wp-json\/wp\/v2\/product_tag?post=12519"}],"curies":[{"name":"wp","href":"https:\/\/api.w.org\/{rel}","templated":true}]}}