{"id":12515,"date":"2024-04-10T22:13:26","date_gmt":"2024-04-10T20:13:26","guid":{"rendered":"https:\/\/caffeonline.ch\/produkt\/ristora-distributori-automatici-di-cioccolato-in-polvere-1kg\/"},"modified":"2025-12-15T15:31:53","modified_gmt":"2025-12-15T14:31:53","slug":"ristora-cioccolato-in-polvere-per-distributori-automatici-1kg","status":"publish","type":"product","link":"https:\/\/caffeonline.aclas.io\/it\/produkt\/ristora-cioccolato-in-polvere-per-distributori-automatici-1kg\/","title":{"rendered":"Ristora &#8211; Cioccolato in polvere per distributori automatici"},"content":{"rendered":"","protected":false},"excerpt":{"rendered":"<p>Il <strong>cioccolato in polvere Ristora<\/strong> \u00e8 un prodotto indispensabile per bar e distributori automatici. \u00c8 una decisione saggia anche a casa, soprattutto se ci sono bambini in casa. Questo prodotto \u00e8 ideale per bar, distributori automatici e anche per un elevato consumo di cioccolata calda.<\/p>\n<p>Il <strong>cioccolato in polvere Ristora<\/strong> in confezione da 1 kg \u00e8 un prodotto solubile perfetto per distributori automatici, bar, vending, catering e anche per la preparazione manuale. Senza glutine, offre una bevanda professionale e fresca, pronta per essere utilizzata immediatamente.<\/p>\n","protected":false},"featured_media":13342,"comment_status":"open","ping_status":"closed","template":"","meta":{"_relevanssi_hide_post":"","_relevanssi_hide_content":"","_relevanssi_pin_for_all":"","_relevanssi_pin_keywords":"","_relevanssi_unpin_keywords":"","_relevanssi_related_keywords":"","_relevanssi_related_include_ids":"","_relevanssi_related_exclude_ids":"","_relevanssi_related_no_append":"","_relevanssi_related_not_related":"","_relevanssi_related_posts":"","_relevanssi_noindex_reason":""},"product_brand":[],"product_cat":[339],"product_tag":[],"class_list":{"0":"post-12515","1":"product","2":"type-product","3":"status-publish","4":"has-post-thumbnail","6":"product_cat-bevande-calde","7":"pa_brand-ristora-it","8":"has-subscription-plans","10":"first","11":"instock","12":"taxable","13":"shipping-taxable","14":"purchasable","15":"product-type-simple"},"batches":[{"id":"136","date_created":"2024-03-09 08:34:04","date_expiry":"2026-11-30 00:00:00","user_id":"559","batch_number":"","supplier":"","location":"","quantity":"30.0000","quantity_available":"25.0000","units":"1","status":"active","order_ids":"[132551112,132552560,132553605]","po":null}],"_links":{"self":[{"href":"https:\/\/caffeonline.aclas.io\/it\/wp-json\/wp\/v2\/product\/12515","targetHints":{"allow":["GET"]}}],"collection":[{"href":"https:\/\/caffeonline.aclas.io\/it\/wp-json\/wp\/v2\/product"}],"about":[{"href":"https:\/\/caffeonline.aclas.io\/it\/wp-json\/wp\/v2\/types\/product"}],"replies":[{"embeddable":true,"href":"https:\/\/caffeonline.aclas.io\/it\/wp-json\/wp\/v2\/comments?post=12515"}],"wp:featuredmedia":[{"embeddable":true,"href":"https:\/\/caffeonline.aclas.io\/it\/wp-json\/wp\/v2\/media\/13342"}],"wp:attachment":[{"href":"https:\/\/caffeonline.aclas.io\/it\/wp-json\/wp\/v2\/media?parent=12515"}],"wp:term":[{"taxonomy":"product_brand","embeddable":true,"href":"https:\/\/caffeonline.aclas.io\/it\/wp-json\/wp\/v2\/product_brand?post=12515"},{"taxonomy":"product_cat","embeddable":true,"href":"https:\/\/caffeonline.aclas.io\/it\/wp-json\/wp\/v2\/product_cat?post=12515"},{"taxonomy":"product_tag","embeddable":true,"href":"https:\/\/caffeonline.aclas.io\/it\/wp-json\/wp\/v2\/product_tag?post=12515"}],"curies":[{"name":"wp","href":"https:\/\/api.w.org\/{rel}","templated":true}]}}