{"id":12513,"date":"2024-04-10T22:13:27","date_gmt":"2024-04-10T20:13:27","guid":{"rendered":"https:\/\/caffeonline.ch\/produkt\/caffe-passalacqua-caffe-in-grani-messico-1kg\/"},"modified":"2026-03-16T08:34:13","modified_gmt":"2026-03-16T07:34:13","slug":"caffe-passalacqua-caffe-in-grani-messico-1kg","status":"publish","type":"product","link":"https:\/\/caffeonline.aclas.io\/it\/produkt\/caffe-passalacqua-caffe-in-grani-messico-1kg\/","title":{"rendered":"Caff\u00e8 Passalacqua &#8211; Caff\u00e8 in grani Mexico"},"content":{"rendered":"","protected":false},"excerpt":{"rendered":"<table border=\"0\">\n<tbody>\n<tr>\n<td style=\"width: 65%;\"><strong>Da un&#8217;attenta selezione di alcuni dei migliori caff\u00e8 Arabica del mondo nasce la miscela pi\u00f9 rappresentativa di Passalacqua.<\/strong><\/p>\n<p>Sia al bar che a casa, il caff\u00e8 con la miscela Mexico soddisfer\u00e0 i palati dei clienti pi\u00f9 esigenti: la persistenza di un sapore unico insieme a una dolcezza inaspettata sono le caratteristiche di questa miscela 100% Arabica. Il sapore fruttato con note di caramello, noci e cioccolato, oltre a regalare sensazioni soddisfacenti per i pi\u00f9 golosi.<\/td>\n<td style=\"width: 35%;\"><img decoding=\"async\" src=\"https:\/\/caffeonline.aclas.io\/wp-content\/uploads\/2024\/05\/mexico.png\"><\/td>\n<\/tr>\n<\/tbody>\n<\/table>\n","protected":false},"featured_media":12171,"comment_status":"open","ping_status":"closed","template":"","meta":{"_relevanssi_hide_post":"","_relevanssi_hide_content":"","_relevanssi_pin_for_all":"","_relevanssi_pin_keywords":"","_relevanssi_unpin_keywords":"","_relevanssi_related_keywords":"","_relevanssi_related_include_ids":"","_relevanssi_related_exclude_ids":"","_relevanssi_related_no_append":"","_relevanssi_related_not_related":"","_relevanssi_related_posts":"","_relevanssi_noindex_reason":""},"product_brand":[],"product_cat":[340],"product_tag":[],"class_list":{"0":"post-12513","1":"product","2":"type-product","3":"status-publish","4":"has-post-thumbnail","6":"product_cat-caffe-in-grani","7":"pa_brand-caffe-passalacqua-it","8":"has-subscription-plans","10":"first","11":"instock","12":"taxable","13":"shipping-taxable","14":"purchasable","15":"product-type-simple"},"batches":[{"id":"328","date_created":"2024-03-18 10:54:19","date_expiry":"2025-12-31 00:00:00","user_id":"559","batch_number":"","supplier":"","location":"","quantity":"36.0000","quantity_available":"0.0000","units":"1","status":"archived","order_ids":"[14706,14909,16409,16687,16962,17249,132545842,132545878]","po":null},{"id":"3189","date_created":"2026-02-12 16:13:19","date_expiry":"2027-12-31 00:00:00","user_id":"2","batch_number":"","supplier":"","location":"","quantity":"12.0000","quantity_available":"10.0000","units":"1","status":"active","order_ids":"[132554473]","po":null}],"_links":{"self":[{"href":"https:\/\/caffeonline.aclas.io\/it\/wp-json\/wp\/v2\/product\/12513","targetHints":{"allow":["GET"]}}],"collection":[{"href":"https:\/\/caffeonline.aclas.io\/it\/wp-json\/wp\/v2\/product"}],"about":[{"href":"https:\/\/caffeonline.aclas.io\/it\/wp-json\/wp\/v2\/types\/product"}],"replies":[{"embeddable":true,"href":"https:\/\/caffeonline.aclas.io\/it\/wp-json\/wp\/v2\/comments?post=12513"}],"wp:featuredmedia":[{"embeddable":true,"href":"https:\/\/caffeonline.aclas.io\/it\/wp-json\/wp\/v2\/media\/12171"}],"wp:attachment":[{"href":"https:\/\/caffeonline.aclas.io\/it\/wp-json\/wp\/v2\/media?parent=12513"}],"wp:term":[{"taxonomy":"product_brand","embeddable":true,"href":"https:\/\/caffeonline.aclas.io\/it\/wp-json\/wp\/v2\/product_brand?post=12513"},{"taxonomy":"product_cat","embeddable":true,"href":"https:\/\/caffeonline.aclas.io\/it\/wp-json\/wp\/v2\/product_cat?post=12513"},{"taxonomy":"product_tag","embeddable":true,"href":"https:\/\/caffeonline.aclas.io\/it\/wp-json\/wp\/v2\/product_tag?post=12513"}],"curies":[{"name":"wp","href":"https:\/\/api.w.org\/{rel}","templated":true}]}}